{"id":19,"date":"2023-07-20T12:42:57","date_gmt":"2023-07-20T19:42:57","guid":{"rendered":"https:\/\/donation2charity.com\/newspanish\/?page_id=19"},"modified":"2025-05-12T16:26:16","modified_gmt":"2025-05-12T23:26:16","slug":"about-us","status":"publish","type":"page","link":"https:\/\/donation2charity.com\/spanish\/about-us\/","title":{"rendered":"About Us"},"content":{"rendered":"<div id=\"playht-iframe-wrapper\" style=\"max-height: 210px !important;\">\n\t<iframe\n\tscrolling=\"no\"\n\tclass=\"playht-iframe-player\"\n\tid=\"playht-iframe-player\"\n\theight=\"90px\"\n\twidth=\"100%\"\n\tframeborder=\"0\"\n\tstyle=\"max-height: 90px; height: 90px !important;\"\n\tsrc=\"https:\/\/play.ht\/embed\/?article_url=https:\/\/donation2charity.com\/spanish\/?p=19&voice=es-MX-DaliaNeural&appId=6UlgvTgrkLe&trans_id=-Nq4-Z009WbkScbNMpuz\"\n\tdata-voice=\"es-MX-DaliaNeural\"\n\tarticle-url=\"https:\/\/donation2charity.com\/spanish\/?p=19\"\n\tdata-appId=\"6UlgvTgrkLe\"\n\tallowfullscreen=\"\">\n\t<\/iframe>\n<\/div>\n\t\t<div data-elementor-type=\"wp-page\" data-elementor-id=\"19\" class=\"elementor elementor-19\" data-elementor-post-type=\"page\">\n\t\t\t\t<div class=\"elementor-element elementor-element-8f855f4 e-flex e-con-boxed e-con e-parent\" data-id=\"8f855f4\" data-element_type=\"container\" data-e-type=\"container\">\n\t\t\t\t\t<div class=\"e-con-inner\">\n\t\t<div class=\"elementor-element elementor-element-594f5bd e-con-full e-flex e-con e-child\" data-id=\"594f5bd\" data-element_type=\"container\" data-e-type=\"container\">\n\t\t\t\t<div class=\"elementor-element elementor-element-3472d7c elementor-widget elementor-widget-image\" data-id=\"3472d7c\" data-element_type=\"widget\" data-e-type=\"widget\" data-widget_type=\"image.default\">\n\t\t\t\t<div class=\"elementor-widget-container\">\n\t\t\t\t\t\t\t\t\t\t\t\t\t\t\t<img fetchpriority=\"high\" decoding=\"async\" width=\"520\" height=\"568\" src=\"https:\/\/donation2charity.com\/spanish\/wp-content\/uploads\/2023\/08\/about-us-page-1.webp\" class=\"attachment-large size-large wp-image-694\" alt=\"Donation to Charity\" srcset=\"https:\/\/donation2charity.com\/spanish\/wp-content\/uploads\/2023\/08\/about-us-page-1.webp 520w, https:\/\/donation2charity.com\/spanish\/wp-content\/uploads\/2023\/08\/about-us-page-1-275x300.webp 275w\" sizes=\"(max-width: 520px) 100vw, 520px\" \/>\t\t\t\t\t\t\t\t\t\t\t\t\t\t\t<\/div>\n\t\t\t\t<\/div>\n\t\t\t\t<\/div>\n\t\t<div class=\"elementor-element elementor-element-64d4e76 e-con-full e-flex e-con e-child\" data-id=\"64d4e76\" data-element_type=\"container\" data-e-type=\"container\">\n\t\t\t\t<div class=\"elementor-element elementor-element-bfbad3f elementor-widget elementor-widget-heading\" data-id=\"bfbad3f\" data-element_type=\"widget\" data-e-type=\"widget\" data-widget_type=\"heading.default\">\n\t\t\t\t<div class=\"elementor-widget-container\">\n\t\t\t\t\t<h1 class=\"elementor-heading-title elementor-size-default\">Acerca de Donation 2 Charity<\/h1>\t\t\t\t<\/div>\n\t\t\t\t<\/div>\n\t\t\t\t<div class=\"elementor-element elementor-element-94d08d4 elementor-widget elementor-widget-heading\" data-id=\"94d08d4\" data-element_type=\"widget\" data-e-type=\"widget\" data-widget_type=\"heading.default\">\n\t\t\t\t<div class=\"elementor-widget-container\">\n\t\t\t\t\t<h3 class=\"elementor-heading-title elementor-size-default\">Donation 2 Charity ayuda a organizaciones ben\u00e9ficas de todo el pa\u00eds a recaudar ingresos adicionales a trav\u00e9s de programas de donaci\u00f3n de autom\u00f3viles.<\/h3>\t\t\t\t<\/div>\n\t\t\t\t<\/div>\n\t\t\t\t<div class=\"elementor-element elementor-element-dd1eafe elementor-widget elementor-widget-text-editor\" data-id=\"dd1eafe\" data-element_type=\"widget\" data-e-type=\"widget\" data-widget_type=\"text-editor.default\">\n\t\t\t\t<div class=\"elementor-widget-container\">\n\t\t\t\t\t\t\t\t\t<p><strong>Nuestro objetivo es brindar a cada donante la mejor experiencia de donaci\u00f3n posible, mientras generamos el mayor rendimiento posible para nuestros clientes de caridad.<\/strong><\/p>\t\t\t\t\t\t\t\t<\/div>\n\t\t\t\t<\/div>\n\t\t\t\t<div class=\"elementor-element elementor-element-b97a063 elementor-widget elementor-widget-text-editor\" data-id=\"b97a063\" data-element_type=\"widget\" data-e-type=\"widget\" data-widget_type=\"text-editor.default\">\n\t\t\t\t<div class=\"elementor-widget-container\">\n\t\t\t\t\t\t\t\t\t<p>Las donaciones de autom\u00f3viles son una fuente de ingresos muy necesaria para las organizaciones sin fines de lucro. Sin embargo, no todas las organizaciones ben\u00e9ficas tienen el personal o la experiencia necesarios para responder las preguntas de los donantes, hacer arreglos para que se recojan las donaciones de autom\u00f3viles y botes, procesar la documentaci\u00f3n requerida y emitir un recibo de deducci\u00f3n de impuestos. Donation2Charity ayuda a organizaciones ben\u00e9ficas con su programa de donaci\u00f3n de autom\u00f3viles.<\/p><p>Nuestro tr\u00e1mite es sencillo, r\u00e1pido y sencillo:<\/p><ol><li>Los donantes son enviados por correo electr\u00f3nico o por correo un recibo de inmediato.<\/li><li>La empresa de transporte se pone en contacto con el donante en un plazo de 24 horas para organizar la recogida.<\/li><li>El veh\u00edculo se entrega a una subasta donde se vende el veh\u00edculo para recaudar fondos para la caridad. Cada subasta cumple con todas las regulaciones estatales para asegurar que la propiedad del veh\u00edculo se transfiera correctamente.<\/li><\/ol>\t\t\t\t\t\t\t\t<\/div>\n\t\t\t\t<\/div>\n\t\t\t\t<\/div>\n\t\t\t\t\t<\/div>\n\t\t\t\t<\/div>\n\t\t<div class=\"elementor-element elementor-element-8f16849 e-con-full e-flex e-con e-parent\" data-id=\"8f16849\" data-element_type=\"container\" data-e-type=\"container\" data-settings=\"{&quot;background_background&quot;:&quot;classic&quot;}\">\n\t\t\t\t<\/div>\n\t\t<div class=\"elementor-element elementor-element-679234c e-flex e-con-boxed e-con e-parent\" data-id=\"679234c\" data-element_type=\"container\" data-e-type=\"container\">\n\t\t\t\t\t<div class=\"e-con-inner\">\n\t\t<div class=\"elementor-element elementor-element-d15d540 e-con-full e-flex e-con e-child\" data-id=\"d15d540\" data-element_type=\"container\" data-e-type=\"container\">\n\t\t\t\t<div class=\"elementor-element elementor-element-d126665 elementor-widget elementor-widget-heading\" data-id=\"d126665\" data-element_type=\"widget\" data-e-type=\"widget\" data-widget_type=\"heading.default\">\n\t\t\t\t<div class=\"elementor-widget-container\">\n\t\t\t\t\t<h4 class=\"elementor-heading-title elementor-size-default\">Para Organizaciones Sin Fines de Lucro<\/h4>\t\t\t\t<\/div>\n\t\t\t\t<\/div>\n\t\t\t\t<div class=\"elementor-element elementor-element-a0c7b9d elementor-widget elementor-widget-text-editor\" data-id=\"a0c7b9d\" data-element_type=\"widget\" data-e-type=\"widget\" data-widget_type=\"text-editor.default\">\n\t\t\t\t<div class=\"elementor-widget-container\">\n\t\t\t\t\t\t\t\t\t<ul><li>Manejamos toda la promoci\u00f3n y marketing necesarios para generar donaci\u00f3n<\/li><li>Los operadores est\u00e1n disponibles las 24 horas del d\u00eda, los 7 d\u00edas de la semana para manejar las ofertas de donaci\u00f3n.<\/li><li>Convertimos la donaci\u00f3n de su autom\u00f3vil en efectivo utilizando una red nacional de subastas de autom\u00f3viles y patios de salvamento.<\/li><li>Proporcionamos informes detallados al final de cada mes que muestran todas las donaciones, ventas y costos.<\/li><\/ul>\t\t\t\t\t\t\t\t<\/div>\n\t\t\t\t<\/div>\n\t\t\t\t<\/div>\n\t\t<div class=\"elementor-element elementor-element-11707f4 e-con-full e-flex e-con e-child\" data-id=\"11707f4\" data-element_type=\"container\" data-e-type=\"container\">\n\t\t\t\t<div class=\"elementor-element elementor-element-aa256a0 elementor-widget elementor-widget-heading\" data-id=\"aa256a0\" data-element_type=\"widget\" data-e-type=\"widget\" data-widget_type=\"heading.default\">\n\t\t\t\t<div class=\"elementor-widget-container\">\n\t\t\t\t\t<h4 class=\"elementor-heading-title elementor-size-default\">Para Organizaciones Sin Fines de Lucro y Para Subasta de Autom\u00f3viles o Negocios de Salvamento<\/h4>\t\t\t\t<\/div>\n\t\t\t\t<\/div>\n\t\t\t\t<div class=\"elementor-element elementor-element-b4110f3 elementor-widget elementor-widget-heading\" data-id=\"b4110f3\" data-element_type=\"widget\" data-e-type=\"widget\" data-widget_type=\"heading.default\">\n\t\t\t\t<div class=\"elementor-widget-container\">\n\t\t\t\t\t<h5 class=\"elementor-heading-title elementor-size-default\">Comun\u00edquese con:<\/h5>\t\t\t\t<\/div>\n\t\t\t\t<\/div>\n\t\t\t\t<div class=\"elementor-element elementor-element-d47823c elementor-widget elementor-widget-heading\" data-id=\"d47823c\" data-element_type=\"widget\" data-e-type=\"widget\" data-widget_type=\"heading.default\">\n\t\t\t\t<div class=\"elementor-widget-container\">\n\t\t\t\t\t<h5 class=\"elementor-heading-title elementor-size-default\">Lisa Frank<\/h5>\t\t\t\t<\/div>\n\t\t\t\t<\/div>\n\t\t\t\t<div class=\"elementor-element elementor-element-ec44a53 elementor-icon-list--layout-traditional elementor-list-item-link-full_width elementor-widget elementor-widget-icon-list\" data-id=\"ec44a53\" data-element_type=\"widget\" data-e-type=\"widget\" data-widget_type=\"icon-list.default\">\n\t\t\t\t<div class=\"elementor-widget-container\">\n\t\t\t\t\t\t\t<ul class=\"elementor-icon-list-items\">\n\t\t\t\t\t\t\t<li class=\"elementor-icon-list-item\">\n\t\t\t\t\t\t\t\t\t\t\t<a href=\"tel:8775277758\">\n\n\t\t\t\t\t\t\t\t\t\t\t\t<span class=\"elementor-icon-list-icon\">\n\t\t\t\t\t\t\t<i aria-hidden=\"true\" class=\"fas fa-phone-alt\"><\/i>\t\t\t\t\t\t<\/span>\n\t\t\t\t\t\t\t\t\t\t<span class=\"elementor-icon-list-text\">877.527.7758<\/span>\n\t\t\t\t\t\t\t\t\t\t\t<\/a>\n\t\t\t\t\t\t\t\t\t<\/li>\n\t\t\t\t\t\t\t\t<li class=\"elementor-icon-list-item\">\n\t\t\t\t\t\t\t\t\t\t\t<a href=\"mailto:lisa@kars-r-us.com\">\n\n\t\t\t\t\t\t\t\t\t\t\t\t<span class=\"elementor-icon-list-icon\">\n\t\t\t\t\t\t\t<i aria-hidden=\"true\" class=\"fas fa-envelope\"><\/i>\t\t\t\t\t\t<\/span>\n\t\t\t\t\t\t\t\t\t\t<span class=\"elementor-icon-list-text\">lisa@kars-r-us.com<\/span>\n\t\t\t\t\t\t\t\t\t\t\t<\/a>\n\t\t\t\t\t\t\t\t\t<\/li>\n\t\t\t\t\t\t<\/ul>\n\t\t\t\t\t\t<\/div>\n\t\t\t\t<\/div>\n\t\t\t\t<\/div>\n\t\t\t\t\t<\/div>\n\t\t\t\t<\/div>\n\t\t<div class=\"elementor-element elementor-element-8bca013 e-flex e-con-boxed e-con e-parent\" data-id=\"8bca013\" data-element_type=\"container\" data-e-type=\"container\">\n\t\t\t\t\t<div class=\"e-con-inner\">\n\t\t\t\t<div class=\"elementor-element elementor-element-eab2c65 elementor-widget-divider--view-line elementor-widget elementor-widget-divider\" data-id=\"eab2c65\" data-element_type=\"widget\" data-e-type=\"widget\" data-widget_type=\"divider.default\">\n\t\t\t\t<div class=\"elementor-widget-container\">\n\t\t\t\t\t\t\t<div class=\"elementor-divider\">\n\t\t\t<span class=\"elementor-divider-separator\">\n\t\t\t\t\t\t<\/span>\n\t\t<\/div>\n\t\t\t\t\t\t<\/div>\n\t\t\t\t<\/div>\n\t\t\t\t<div class=\"elementor-element elementor-element-cf6d0ee elementor-widget elementor-widget-image\" data-id=\"cf6d0ee\" data-element_type=\"widget\" data-e-type=\"widget\" data-widget_type=\"image.default\">\n\t\t\t\t<div class=\"elementor-widget-container\">\n\t\t\t\t\t\t\t\t\t\t\t\t\t\t\t<img decoding=\"async\" width=\"300\" height=\"300\" src=\"https:\/\/donation2charity.com\/spanish\/wp-content\/uploads\/2023\/08\/lisa-frank-new-300x300-1.jpg\" class=\"attachment-large size-large wp-image-695\" alt=\"Lisa Frank of Donation2Charity\" srcset=\"https:\/\/donation2charity.com\/spanish\/wp-content\/uploads\/2023\/08\/lisa-frank-new-300x300-1.jpg 300w, https:\/\/donation2charity.com\/spanish\/wp-content\/uploads\/2023\/08\/lisa-frank-new-300x300-1-150x150.jpg 150w\" sizes=\"(max-width: 300px) 100vw, 300px\" \/>\t\t\t\t\t\t\t\t\t\t\t\t\t\t\t<\/div>\n\t\t\t\t<\/div>\n\t\t\t\t<div class=\"elementor-element elementor-element-1947c4e elementor-widget elementor-widget-heading\" data-id=\"1947c4e\" data-element_type=\"widget\" data-e-type=\"widget\" data-widget_type=\"heading.default\">\n\t\t\t\t<div class=\"elementor-widget-container\">\n\t\t\t\t\t<h4 class=\"elementor-heading-title elementor-size-default\">Lisa Frank<\/h4>\t\t\t\t<\/div>\n\t\t\t\t<\/div>\n\t\t\t\t<div class=\"elementor-element elementor-element-a0ecdd3 elementor-widget elementor-widget-heading\" data-id=\"a0ecdd3\" data-element_type=\"widget\" data-e-type=\"widget\" data-widget_type=\"heading.default\">\n\t\t\t\t<div class=\"elementor-widget-container\">\n\t\t\t\t\t<h5 class=\"elementor-heading-title elementor-size-default\">Presidente, Kars-R-Us<\/h5>\t\t\t\t<\/div>\n\t\t\t\t<\/div>\n\t\t\t\t<div class=\"elementor-element elementor-element-ce043e6 elementor-widget elementor-widget-text-editor\" data-id=\"ce043e6\" data-element_type=\"widget\" data-e-type=\"widget\" data-widget_type=\"text-editor.default\">\n\t\t\t\t<div class=\"elementor-widget-container\">\n\t\t\t\t\t\t\t\t\t<p>Lisa tiene casi 20 a\u00f1os de experiencia gestionando programas de donaci\u00f3n de autos. Ella se encarga de obtener el m\u00e1ximo valor por cada donaci\u00f3n, ya sea un viejo desvencijado o un Porsche de $20,000.<\/p>\t\t\t\t\t\t\t\t<\/div>\n\t\t\t\t<\/div>\n\t\t\t\t<div class=\"elementor-element elementor-element-05f5278 elementor-widget-divider--view-line elementor-widget elementor-widget-divider\" data-id=\"05f5278\" data-element_type=\"widget\" data-e-type=\"widget\" data-widget_type=\"divider.default\">\n\t\t\t\t<div class=\"elementor-widget-container\">\n\t\t\t\t\t\t\t<div class=\"elementor-divider\">\n\t\t\t<span class=\"elementor-divider-separator\">\n\t\t\t\t\t\t<\/span>\n\t\t<\/div>\n\t\t\t\t\t\t<\/div>\n\t\t\t\t<\/div>\n\t\t\t\t<div class=\"elementor-element elementor-element-41937f2 elementor-widget elementor-widget-text-editor\" data-id=\"41937f2\" data-element_type=\"widget\" data-e-type=\"widget\" data-widget_type=\"text-editor.default\">\n\t\t\t\t<div class=\"elementor-widget-container\">\n\t\t\t\t\t\t\t\t\t<p>* Donation2Charity.com es administrado por Kars-R-Us, un recaudador de fondos profesional con licencia y en condiciones de servidumbre.<\/p><p>** Kars-R-Us cobra una peque\u00f1a tarifa de mantenimiento para operar y administrar el sitio web de Donation2Charity.<\/p>\t\t\t\t\t\t\t\t<\/div>\n\t\t\t\t<\/div>\n\t\t\t\t\t<\/div>\n\t\t\t\t<\/div>\n\t\t\t\t<\/div>\n\t\t","protected":false},"excerpt":{"rendered":"<p>Acerca de Donation 2 Charity Donation 2 Charity ayuda a organizaciones ben\u00e9ficas de todo el pa\u00eds a recaudar ingresos adicionales a trav\u00e9s de programas de donaci\u00f3n de autom\u00f3viles. Nuestro objetivo es brindar a cada donante la mejor experiencia de donaci\u00f3n posible, mientras generamos el mayor rendimiento posible para nuestros clientes de caridad. Las donaciones de [&hellip;]<\/p>\n","protected":false},"author":1,"featured_media":0,"parent":0,"menu_order":0,"comment_status":"closed","ping_status":"closed","template":"","meta":{"_monsterinsights_skip_tracking":false,"_monsterinsights_sitenote_active":false,"_monsterinsights_sitenote_note":"","_monsterinsights_sitenote_category":0,"footnotes":""},"class_list":["post-19","page","type-page","status-publish","hentry"],"_links":{"self":[{"href":"https:\/\/donation2charity.com\/spanish\/wp-json\/wp\/v2\/pages\/19","targetHints":{"allow":["GET"]}}],"collection":[{"href":"https:\/\/donation2charity.com\/spanish\/wp-json\/wp\/v2\/pages"}],"about":[{"href":"https:\/\/donation2charity.com\/spanish\/wp-json\/wp\/v2\/types\/page"}],"author":[{"embeddable":true,"href":"https:\/\/donation2charity.com\/spanish\/wp-json\/wp\/v2\/users\/1"}],"replies":[{"embeddable":true,"href":"https:\/\/donation2charity.com\/spanish\/wp-json\/wp\/v2\/comments?post=19"}],"version-history":[{"count":13,"href":"https:\/\/donation2charity.com\/spanish\/wp-json\/wp\/v2\/pages\/19\/revisions"}],"predecessor-version":[{"id":2962,"href":"https:\/\/donation2charity.com\/spanish\/wp-json\/wp\/v2\/pages\/19\/revisions\/2962"}],"wp:attachment":[{"href":"https:\/\/donation2charity.com\/spanish\/wp-json\/wp\/v2\/media?parent=19"}],"curies":[{"name":"wp","href":"https:\/\/api.w.org\/{rel}","templated":true}]}}