{"id":2120,"date":"2023-10-16T13:25:23","date_gmt":"2023-10-16T20:25:23","guid":{"rendered":"https:\/\/donation2charity.com\/spanish\/?page_id=2120"},"modified":"2024-05-07T05:20:36","modified_gmt":"2024-05-07T12:20:36","slug":"san-mateo-county-horsemens-association","status":"publish","type":"page","link":"https:\/\/donation2charity.com\/spanish\/charities\/san-mateo-county-horsemens-association\/","title":{"rendered":"San Mateo County Horsemen\u2019s Association"},"content":{"rendered":"<div id=\"playht-iframe-wrapper\" style=\"max-height: 210px !important;\">\n\t<iframe\n\tscrolling=\"no\"\n\tclass=\"playht-iframe-player\"\n\tid=\"playht-iframe-player\"\n\theight=\"90px\"\n\twidth=\"100%\"\n\tframeborder=\"0\"\n\tstyle=\"max-height: 90px; height: 90px !important;\"\n\tsrc=\"https:\/\/play.ht\/embed\/?article_url=https:\/\/donation2charity.com\/spanish\/?p=2120&voice=es-MX-DaliaNeural&appId=6UlgvTgrkLe&trans_id=-NxHzpKI7R1zcNmF9O3K\"\n\tdata-voice=\"es-MX-DaliaNeural\"\n\tarticle-url=\"https:\/\/donation2charity.com\/spanish\/?p=2120\"\n\tdata-appId=\"6UlgvTgrkLe\"\n\tallowfullscreen=\"\">\n\t<\/iframe>\n<\/div>\n\t\t<div data-elementor-type=\"wp-page\" data-elementor-id=\"2120\" class=\"elementor elementor-2120\" data-elementor-post-type=\"page\">\n\t\t\t\t<div class=\"elementor-element elementor-element-71e34d6 e-flex e-con-boxed e-con e-parent\" data-id=\"71e34d6\" data-element_type=\"container\" data-e-type=\"container\" data-settings=\"{&quot;shape_divider_top&quot;:&quot;tilt&quot;}\">\n\t\t\t\t\t<div class=\"e-con-inner\">\n\t\t\t\t<div class=\"elementor-shape elementor-shape-top\" aria-hidden=\"true\" data-negative=\"false\">\n\t\t\t<svg xmlns=\"http:\/\/www.w3.org\/2000\/svg\" viewBox=\"0 0 1000 100\" preserveAspectRatio=\"none\">\n\t<path class=\"elementor-shape-fill\" d=\"M0,6V0h1000v100L0,6z\"\/>\n<\/svg>\t\t<\/div>\n\t\t<div class=\"elementor-element elementor-element-f920a35 e-con-full e-flex elementor-invisible e-con e-child\" data-id=\"f920a35\" data-element_type=\"container\" data-e-type=\"container\" data-settings=\"{&quot;background_background&quot;:&quot;classic&quot;,&quot;animation&quot;:&quot;slideInLeft&quot;}\">\n\t\t\t\t<div class=\"elementor-element elementor-element-96f21c3 elementor-widget elementor-widget-image\" data-id=\"96f21c3\" data-element_type=\"widget\" data-e-type=\"widget\" data-widget_type=\"image.default\">\n\t\t\t\t<div class=\"elementor-widget-container\">\n\t\t\t\t\t\t\t\t\t\t\t\t\t\t\t<img decoding=\"async\" width=\"120\" height=\"120\" src=\"https:\/\/donation2charity.com\/spanish\/wp-content\/uploads\/2023\/10\/smcha-logo-small.jpg\" class=\"attachment-large size-large wp-image-2123\" alt=\"\" \/>\t\t\t\t\t\t\t\t\t\t\t\t\t\t\t<\/div>\n\t\t\t\t<\/div>\n\t\t\t\t<div data-dce-title-color=\"#3A54B4\" class=\"elementor-element elementor-element-5af1ea6 elementor-widget elementor-widget-heading\" data-id=\"5af1ea6\" data-element_type=\"widget\" data-e-type=\"widget\" data-widget_type=\"heading.default\">\n\t\t\t\t<div class=\"elementor-widget-container\">\n\t\t\t\t\t<h2 class=\"elementor-heading-title elementor-size-default\">Manteniendo el legado hist\u00f3rico y la tradici\u00f3n de los caballos en la comunidad.<\/h2>\t\t\t\t<\/div>\n\t\t\t\t<\/div>\n\t\t\t\t<div class=\"elementor-element elementor-element-2bc769c elementor-widget elementor-widget-text-editor\" data-id=\"2bc769c\" data-element_type=\"widget\" data-e-type=\"widget\" data-widget_type=\"text-editor.default\">\n\t\t\t\t<div class=\"elementor-widget-container\">\n\t\t\t\t\t\t\t\t\t<p>Por favor, ay\u00fadanos donando tu auto, bote o autocaravana para que podamos seguir educando a la comunidad sobre los caballos y colaborar en la construcci\u00f3n y mantenimiento de senderos. Tu donaci\u00f3n puede ayudar a financiar a SMCHA en la promoci\u00f3n del inter\u00e9s por los caballos y la equitaci\u00f3n.<\/p>\t\t\t\t\t\t\t\t<\/div>\n\t\t\t\t<\/div>\n\t\t\t\t<div class=\"elementor-element elementor-element-59ec805 elementor-widget elementor-widget-button\" data-id=\"59ec805\" data-element_type=\"widget\" data-e-type=\"widget\" data-widget_type=\"button.default\">\n\t\t\t\t<div class=\"elementor-widget-container\">\n\t\t\t\t\t\t\t\t\t<div class=\"elementor-button-wrapper\">\n\t\t\t\t\t<a class=\"elementor-button elementor-button-link elementor-size-sm\" href=\"#elementor-action%3Aaction%3Dpopup%3Aopen%26settings%3DeyJpZCI6IjIxMzMiLCJ0b2dnbGUiOmZhbHNlfQ%3D%3D\">\n\t\t\t\t\t\t<span class=\"elementor-button-content-wrapper\">\n\t\t\t\t\t\t<span class=\"elementor-button-icon\">\n\t\t\t\t<i aria-hidden=\"true\" class=\"fas fa-angle-double-right\"><\/i>\t\t\t<\/span>\n\t\t\t\t\t\t\t\t\t<span class=\"elementor-button-text\">Dona tu veh\u00edculo ahora<\/span>\n\t\t\t\t\t<\/span>\n\t\t\t\t\t<\/a>\n\t\t\t\t<\/div>\n\t\t\t\t\t\t\t\t<\/div>\n\t\t\t\t<\/div>\n\t\t\t\t<\/div>\n\t\t<div class=\"elementor-element elementor-element-f9bd251 e-con-full e-flex elementor-invisible e-con e-child\" data-id=\"f9bd251\" data-element_type=\"container\" data-e-type=\"container\" data-settings=\"{&quot;animation&quot;:&quot;slideInRight&quot;}\">\n\t\t\t\t<div class=\"elementor-element elementor-element-2f008b1 elementor-widget elementor-widget-image\" data-id=\"2f008b1\" data-element_type=\"widget\" data-e-type=\"widget\" data-widget_type=\"image.default\">\n\t\t\t\t<div class=\"elementor-widget-container\">\n\t\t\t\t\t\t\t\t\t\t\t\t\t\t\t<img fetchpriority=\"high\" decoding=\"async\" width=\"800\" height=\"533\" src=\"https:\/\/donation2charity.com\/spanish\/wp-content\/uploads\/2023\/10\/smcha-color-guard.jpg\" class=\"attachment-large size-large wp-image-2124\" alt=\"\" srcset=\"https:\/\/donation2charity.com\/spanish\/wp-content\/uploads\/2023\/10\/smcha-color-guard.jpg 960w, https:\/\/donation2charity.com\/spanish\/wp-content\/uploads\/2023\/10\/smcha-color-guard-300x200.jpg 300w, https:\/\/donation2charity.com\/spanish\/wp-content\/uploads\/2023\/10\/smcha-color-guard-768x512.jpg 768w\" sizes=\"(max-width: 800px) 100vw, 800px\" \/>\t\t\t\t\t\t\t\t\t\t\t\t\t\t\t<\/div>\n\t\t\t\t<\/div>\n\t\t\t\t<\/div>\n\t\t\t\t\t<\/div>\n\t\t\t\t<\/div>\n\t\t<div class=\"elementor-element elementor-element-ccd280e e-flex e-con-boxed e-con e-parent\" data-id=\"ccd280e\" data-element_type=\"container\" data-e-type=\"container\">\n\t\t\t\t\t<div class=\"e-con-inner\">\n\t\t\t\t<div class=\"elementor-element elementor-element-3cae1de elementor-widget elementor-widget-heading\" data-id=\"3cae1de\" data-element_type=\"widget\" data-e-type=\"widget\" data-widget_type=\"heading.default\">\n\t\t\t\t<div class=\"elementor-widget-container\">\n\t\t\t\t\t<h1 class=\"elementor-heading-title elementor-size-default\">San Mateo County Horsemen\u2019s Association<\/h1>\t\t\t\t<\/div>\n\t\t\t\t<\/div>\n\t\t\t\t\t<\/div>\n\t\t\t\t<\/div>\n\t\t<div data-dce-background-color=\"#3A54B4\" class=\"elementor-element elementor-element-afa4bd2 e-flex e-con-boxed e-con e-parent\" data-id=\"afa4bd2\" data-element_type=\"container\" data-e-type=\"container\" data-settings=\"{&quot;background_background&quot;:&quot;classic&quot;}\">\n\t\t\t\t\t<div class=\"e-con-inner\">\n\t\t<div class=\"elementor-element elementor-element-99d33e6 e-con-full e-flex e-con e-child\" data-id=\"99d33e6\" data-element_type=\"container\" data-e-type=\"container\">\n\t\t\t\t<div class=\"elementor-element elementor-element-0335c06 elementor-widget elementor-widget-image\" data-id=\"0335c06\" data-element_type=\"widget\" data-e-type=\"widget\" data-widget_type=\"image.default\">\n\t\t\t\t<div class=\"elementor-widget-container\">\n\t\t\t\t\t\t\t\t\t\t\t\t\t\t\t<img decoding=\"async\" width=\"640\" height=\"427\" src=\"https:\/\/donation2charity.com\/spanish\/wp-content\/uploads\/2023\/10\/smcha-1.webp\" class=\"attachment-full size-full wp-image-2125\" alt=\"\" srcset=\"https:\/\/donation2charity.com\/spanish\/wp-content\/uploads\/2023\/10\/smcha-1.webp 640w, https:\/\/donation2charity.com\/spanish\/wp-content\/uploads\/2023\/10\/smcha-1-300x200.webp 300w\" sizes=\"(max-width: 640px) 100vw, 640px\" \/>\t\t\t\t\t\t\t\t\t\t\t\t\t\t\t<\/div>\n\t\t\t\t<\/div>\n\t\t\t\t<\/div>\n\t\t<div class=\"elementor-element elementor-element-2e675d6 e-con-full e-flex e-con e-child\" data-id=\"2e675d6\" data-element_type=\"container\" data-e-type=\"container\">\n\t\t\t\t<div class=\"elementor-element elementor-element-161b3e7 elementor-widget elementor-widget-heading\" data-id=\"161b3e7\" data-element_type=\"widget\" data-e-type=\"widget\" data-widget_type=\"heading.default\">\n\t\t\t\t<div class=\"elementor-widget-container\">\n\t\t\t\t\t<h2 class=\"elementor-heading-title elementor-size-default\">Acerca de SMCHA<\/h2>\t\t\t\t<\/div>\n\t\t\t\t<\/div>\n\t\t\t\t<div class=\"elementor-element elementor-element-2b22ca2 elementor-widget elementor-widget-text-editor\" data-id=\"2b22ca2\" data-element_type=\"widget\" data-e-type=\"widget\" data-widget_type=\"text-editor.default\">\n\t\t\t\t<div class=\"elementor-widget-container\">\n\t\t\t\t\t\t\t\t\t<p class=\"font_7 wixui-rich-text__text\">La San Mateo County Horsemen\u2019s Association se fund\u00f3 en 1940 con el prop\u00f3sito de patrocinar, cultivar y fomentar el inter\u00e9s por los caballos y la equitaci\u00f3n en el Condado de San Mateo.<\/p>\t\t\t\t\t\t\t\t<\/div>\n\t\t\t\t<\/div>\n\t\t\t\t<div class=\"elementor-element elementor-element-548f82d elementor-widget elementor-widget-heading\" data-id=\"548f82d\" data-element_type=\"widget\" data-e-type=\"widget\" data-widget_type=\"heading.default\">\n\t\t\t\t<div class=\"elementor-widget-container\">\n\t\t\t\t\t<h2 class=\"elementor-heading-title elementor-size-default\">Misi\u00f3n<\/h2>\t\t\t\t<\/div>\n\t\t\t\t<\/div>\n\t\t\t\t<div class=\"elementor-element elementor-element-8b7297e elementor-widget elementor-widget-text-editor\" data-id=\"8b7297e\" data-element_type=\"widget\" data-e-type=\"widget\" data-widget_type=\"text-editor.default\">\n\t\t\t\t<div class=\"elementor-widget-container\">\n\t\t\t\t\t\t\t\t\t<p>&#8220;Compartir el mundo equino con todos y crear sostenibilidad en toda el \u00c1rea de la Bah\u00eda.&#8221;<\/p><p>La San Mateo County Horsemen\u2019s Association es una organizaci\u00f3n sin fines de lucro dedicada a promover el inter\u00e9s por los caballos y la equitaci\u00f3n. Ofrecemos espect\u00e1culos y cl\u00ednicas de entrenamiento para fomentar una mejor relaci\u00f3n entre el caballo y el jinete, patrocinamos eventos para educar a la comunidad sobre los caballos y colaboramos en la construcci\u00f3n y mantenimiento de senderos. SMCHA tambi\u00e9n se compromete a establecer relaciones con otras organizaciones ecuestres para intercambiar informaci\u00f3n e ideas con el fin de fortalecer las comunidades equinas.<\/p>\t\t\t\t\t\t\t\t<\/div>\n\t\t\t\t<\/div>\n\t\t\t\t<\/div>\n\t\t\t\t\t<\/div>\n\t\t\t\t<\/div>\n\t\t<div class=\"elementor-element elementor-element-a2173ce e-flex e-con-boxed e-con e-parent\" data-id=\"a2173ce\" data-element_type=\"container\" data-e-type=\"container\">\n\t\t\t\t\t<div class=\"e-con-inner\">\n\t\t\t\t<div class=\"elementor-element elementor-element-073e361 elementor-widget elementor-widget-heading\" data-id=\"073e361\" data-element_type=\"widget\" data-e-type=\"widget\" data-widget_type=\"heading.default\">\n\t\t\t\t<div class=\"elementor-widget-container\">\n\t\t\t\t\t<h2 class=\"elementor-heading-title elementor-size-default\">M\u00e1s Acerca de Nosotros<\/h2>\t\t\t\t<\/div>\n\t\t\t\t<\/div>\n\t\t\t\t<div class=\"elementor-element elementor-element-97d0106 elementor-widget elementor-widget-text-editor\" data-id=\"97d0106\" data-element_type=\"widget\" data-e-type=\"widget\" data-widget_type=\"text-editor.default\">\n\t\t\t\t<div class=\"elementor-widget-container\">\n\t\t\t\t\t\t\t\t\t<p>Durante el a\u00f1o de 1939, los funcionarios del Condado de San Mateo organizaron el primer Show Floral y Fandango en la nueva Casa Club de Bay Meadows en San Mateo. Se plane\u00f3 un desfile en conjunto con el evento, comenzando en Burlingame. A L.C. Smith se le pidi\u00f3 por parte del Condado de San Mateo que organizara un grupo de jinetes para participar en el desfile y exhibir la mayor cantidad posible de diferentes tipos representativos de veh\u00edculos tirados por caballos. Seg\u00fan lo afirm\u00f3 m\u00e1s tarde el Sr. Smith, anticipaba una participaci\u00f3n bastante reducida. Sin embargo, subestim\u00f3 su capacidad para organizar, as\u00ed como el entusiasmo de los amantes de los caballos que estaban ansiosos por mostrar sus antiguos carruajes familiares, buggies y carretas. Se contactaron jinetes desde el extremo sur del condado (Pescadero) hasta el extremo norte (Colma), y se estima que alrededor de 300 caballos desfilaron en el d\u00eda del evento.<\/p>\t\t\t\t\t\t\t\t<\/div>\n\t\t\t\t<\/div>\n\t\t\t\t\t<\/div>\n\t\t\t\t<\/div>\n\t\t<div class=\"elementor-element elementor-element-c2c6f51 e-flex e-con-boxed e-con e-parent\" data-id=\"c2c6f51\" data-element_type=\"container\" data-e-type=\"container\">\n\t\t\t\t\t<div class=\"e-con-inner\">\n\t\t<div class=\"elementor-element elementor-element-dbe3eb8 e-con-full e-flex e-con e-child\" data-id=\"dbe3eb8\" data-element_type=\"container\" data-e-type=\"container\">\n\t\t\t\t<div class=\"elementor-element elementor-element-8e0eb12 elementor-widget elementor-widget-image\" data-id=\"8e0eb12\" data-element_type=\"widget\" data-e-type=\"widget\" data-widget_type=\"image.default\">\n\t\t\t\t<div class=\"elementor-widget-container\">\n\t\t\t\t\t\t\t\t\t\t\t\t\t\t\t<img loading=\"lazy\" decoding=\"async\" width=\"702\" height=\"683\" src=\"https:\/\/donation2charity.com\/spanish\/wp-content\/uploads\/2023\/10\/smcha-2.jpeg\" class=\"attachment-large size-large wp-image-2126\" alt=\"\" srcset=\"https:\/\/donation2charity.com\/spanish\/wp-content\/uploads\/2023\/10\/smcha-2.jpeg 702w, https:\/\/donation2charity.com\/spanish\/wp-content\/uploads\/2023\/10\/smcha-2-300x292.jpeg 300w\" sizes=\"(max-width: 702px) 100vw, 702px\" \/>\t\t\t\t\t\t\t\t\t\t\t\t\t\t\t<\/div>\n\t\t\t\t<\/div>\n\t\t\t\t<\/div>\n\t\t<div class=\"elementor-element elementor-element-7b5e405 e-con-full e-flex e-con e-child\" data-id=\"7b5e405\" data-element_type=\"container\" data-e-type=\"container\">\n\t\t\t\t<div class=\"elementor-element elementor-element-eef4780 elementor-widget elementor-widget-text-editor\" data-id=\"eef4780\" data-element_type=\"widget\" data-e-type=\"widget\" data-widget_type=\"text-editor.default\">\n\t\t\t\t<div class=\"elementor-widget-container\">\n\t\t\t\t\t\t\t\t\t<p>Esta gran exhibici\u00f3n de caballos fue verdaderamente un cr\u00e9dito para el Sr. Smith e una inspiraci\u00f3n para \u00e9l para tratar de encontrar una manera de mantener unidos a estos amantes de los caballos en lugar de &#8220;ser dispersados a los cuatro vientos&#8221;. Esa noche, en el Baile de la Fiesta, L.C. Smith discuti\u00f3 sus ideas con Don Facciolle del Rancho Lazy Day en Portola Valley. Fue la sugerencia del Sr. Facciolle empezar una asociaci\u00f3n de caballos similar a la que ya se hab\u00eda organizado en el Condado de Santa Clara. Se podr\u00eda decir que la Asociaci\u00f3n de Jinetes del Condado de San Mateo naci\u00f3 esa noche. Sin embargo, no fue hasta el a\u00f1o siguiente que la asociaci\u00f3n comenz\u00f3 oficialmente con la elecci\u00f3n de oficiales. La primera reuni\u00f3n se llev\u00f3 a cabo en el Ayuntamiento de San Mateo con una lista de miembros de 20 a 25 personas. Los primeros directores se eligieron de entre estos primeros miembros fundadores y fueron: L.C. Smith, John Perata, George Johnson, Don O&#8217;Neil Sr., Don O&#8217;Neil Jr., Creed Haberlin, Patsy Gray, Rolla Watt, Sra. J. Grepe, Pete Villa, Hack Hara, Harry Tyrell, Lillian Jones, Grace Jones, Coronel Koester, Juez McNutt, Nick Ayers, Brad Melvin, John F. Nyland, Myron Duncan, Lucille Fardon, Roy Waldron, Harold Himmeleman y El Spillane. Eventualmente se eligieron treinta y cinco directores, algunos sirviendo t\u00e9rminos de uno, dos y tres a\u00f1os. Se redactaron estatutos y luego se nombraron oficiales.<\/p>\t\t\t\t\t\t\t\t<\/div>\n\t\t\t\t<\/div>\n\t\t\t\t<\/div>\n\t\t\t\t\t<\/div>\n\t\t\t\t<\/div>\n\t\t<div class=\"elementor-element elementor-element-90ac6b3 e-flex e-con-boxed e-con e-parent\" data-id=\"90ac6b3\" data-element_type=\"container\" data-e-type=\"container\">\n\t\t\t\t\t<div class=\"e-con-inner\">\n\t\t\t\t<div class=\"elementor-element elementor-element-a57237a elementor-widget elementor-widget-text-editor\" data-id=\"a57237a\" data-element_type=\"widget\" data-e-type=\"widget\" data-widget_type=\"text-editor.default\">\n\t\t\t\t<div class=\"elementor-widget-container\">\n\t\t\t\t\t\t\t\t\t<p>Pasaron nueve a\u00f1os ocupados desde 1948 hasta 1957 y la SMCHA creci\u00f3 en n\u00famero, gan\u00f3 en servicio comunitario y estatus.<\/p><p>La equitaci\u00f3n se volvi\u00f3 cada vez m\u00e1s popular. Se desarrollaron senderos a trav\u00e9s de Huddart Park, el \u00e1rea de Emerald Lake en Redwood City, hacia los espacios abiertos en el horizonte sobre las tierras de Stanford detr\u00e1s de Menlo Park y a trav\u00e9s de Portola Valley. Los jinetes pasaron muchas horas felices con amigos afines cabalgando por los senderos, entrenando a sus caballos para los espect\u00e1culos, d\u00edas de juegos y paseos de resistencia. Los afortunados pod\u00edan mantener a sus caballos en sus propias tierras, construyendo hermosos establos y corrales, e incluso algunos pod\u00edan disponer de un poco de pasto verde. La serenidad y la paz mental que a menudo acompa\u00f1a vivir cerca de la naturaleza ayud\u00f3 a que las amistades florecieran. Los Juniors fueron muy activos con su propio grupo dentro de la organizaci\u00f3n. Las actividades centradas en los caballos les brindaron intereses compartidos y fomentaron su amor natural por los animales, especialmente los caballos y los perros. Las escenas de vida eran verdaderamente rurales, con pocas o ninguna subdivisi\u00f3n, tr\u00e1fico congestionado y habitantes; las colinas y valles ten\u00edan un encanto en su aspecto de viejo mundo con vallas blancas, graneros y ganado pastando a intervalos respiratorios, por supuesto, tanto para el hombre como para la bestia. Esto era realmente una forma de vida verdaderamente gracia.<\/p>\t\t\t\t\t\t\t\t<\/div>\n\t\t\t\t<\/div>\n\t\t\t\t\t<\/div>\n\t\t\t\t<\/div>\n\t\t\t\t<section class=\"elementor-section elementor-top-section elementor-element elementor-element-de1a0cf elementor-section-boxed elementor-section-height-default elementor-section-height-default\" data-id=\"de1a0cf\" data-element_type=\"section\" data-e-type=\"section\">\n\t\t\t\t\t\t<div class=\"elementor-container elementor-column-gap-default\">\n\t\t\t\t\t<div class=\"elementor-column elementor-col-100 elementor-top-column elementor-element elementor-element-5946ad0\" data-id=\"5946ad0\" data-element_type=\"column\" data-e-type=\"column\">\n\t\t\t<div class=\"elementor-widget-wrap elementor-element-populated\">\n\t\t\t\t\t\t<section class=\"elementor-section elementor-inner-section elementor-element elementor-element-ecc000d elementor-section-boxed elementor-section-height-default elementor-section-height-default\" data-id=\"ecc000d\" data-element_type=\"section\" data-e-type=\"section\">\n\t\t\t\t\t\t<div class=\"elementor-container elementor-column-gap-default\">\n\t\t\t\t\t<div class=\"elementor-column elementor-col-33 elementor-inner-column elementor-element elementor-element-0e60777\" data-id=\"0e60777\" data-element_type=\"column\" data-e-type=\"column\">\n\t\t\t<div class=\"elementor-widget-wrap elementor-element-populated\">\n\t\t\t\t\t\t<div class=\"elementor-element elementor-element-e44f960 elementor-widget elementor-widget-image\" data-id=\"e44f960\" data-element_type=\"widget\" data-e-type=\"widget\" data-widget_type=\"image.default\">\n\t\t\t\t<div class=\"elementor-widget-container\">\n\t\t\t\t\t\t\t\t\t\t\t\t\t\t\t<img loading=\"lazy\" decoding=\"async\" width=\"800\" height=\"479\" src=\"https:\/\/donation2charity.com\/spanish\/wp-content\/uploads\/2023\/10\/smcha-3.webp\" class=\"attachment-large size-large wp-image-2127\" alt=\"\" srcset=\"https:\/\/donation2charity.com\/spanish\/wp-content\/uploads\/2023\/10\/smcha-3.webp 921w, https:\/\/donation2charity.com\/spanish\/wp-content\/uploads\/2023\/10\/smcha-3-300x180.webp 300w, https:\/\/donation2charity.com\/spanish\/wp-content\/uploads\/2023\/10\/smcha-3-768x460.webp 768w\" sizes=\"(max-width: 800px) 100vw, 800px\" \/>\t\t\t\t\t\t\t\t\t\t\t\t\t\t\t<\/div>\n\t\t\t\t<\/div>\n\t\t\t\t\t<\/div>\n\t\t<\/div>\n\t\t\t\t<div class=\"elementor-column elementor-col-33 elementor-inner-column elementor-element elementor-element-68daa30\" data-id=\"68daa30\" data-element_type=\"column\" data-e-type=\"column\">\n\t\t\t<div class=\"elementor-widget-wrap elementor-element-populated\">\n\t\t\t\t\t\t<div class=\"elementor-element elementor-element-d01716b elementor-widget elementor-widget-image\" data-id=\"d01716b\" data-element_type=\"widget\" data-e-type=\"widget\" data-widget_type=\"image.default\">\n\t\t\t\t<div class=\"elementor-widget-container\">\n\t\t\t\t\t\t\t\t\t\t\t\t\t\t\t<img loading=\"lazy\" decoding=\"async\" width=\"800\" height=\"479\" src=\"https:\/\/donation2charity.com\/spanish\/wp-content\/uploads\/2023\/10\/smcha-4.webp\" class=\"attachment-large size-large wp-image-2128\" alt=\"\" srcset=\"https:\/\/donation2charity.com\/spanish\/wp-content\/uploads\/2023\/10\/smcha-4.webp 921w, https:\/\/donation2charity.com\/spanish\/wp-content\/uploads\/2023\/10\/smcha-4-300x180.webp 300w, https:\/\/donation2charity.com\/spanish\/wp-content\/uploads\/2023\/10\/smcha-4-768x460.webp 768w\" sizes=\"(max-width: 800px) 100vw, 800px\" \/>\t\t\t\t\t\t\t\t\t\t\t\t\t\t\t<\/div>\n\t\t\t\t<\/div>\n\t\t\t\t\t<\/div>\n\t\t<\/div>\n\t\t\t\t<div class=\"elementor-column elementor-col-33 elementor-inner-column elementor-element elementor-element-bfef220\" data-id=\"bfef220\" data-element_type=\"column\" data-e-type=\"column\">\n\t\t\t<div class=\"elementor-widget-wrap elementor-element-populated\">\n\t\t\t\t\t\t<div class=\"elementor-element elementor-element-6ad7500 elementor-widget elementor-widget-image\" data-id=\"6ad7500\" data-element_type=\"widget\" data-e-type=\"widget\" data-widget_type=\"image.default\">\n\t\t\t\t<div class=\"elementor-widget-container\">\n\t\t\t\t\t\t\t\t\t\t\t\t\t\t\t<img loading=\"lazy\" decoding=\"async\" width=\"800\" height=\"479\" src=\"https:\/\/donation2charity.com\/spanish\/wp-content\/uploads\/2023\/10\/smcha-5.webp\" class=\"attachment-large size-large wp-image-2129\" alt=\"\" srcset=\"https:\/\/donation2charity.com\/spanish\/wp-content\/uploads\/2023\/10\/smcha-5.webp 921w, https:\/\/donation2charity.com\/spanish\/wp-content\/uploads\/2023\/10\/smcha-5-300x180.webp 300w, https:\/\/donation2charity.com\/spanish\/wp-content\/uploads\/2023\/10\/smcha-5-768x460.webp 768w\" sizes=\"(max-width: 800px) 100vw, 800px\" \/>\t\t\t\t\t\t\t\t\t\t\t\t\t\t\t<\/div>\n\t\t\t\t<\/div>\n\t\t\t\t\t<\/div>\n\t\t<\/div>\n\t\t\t\t\t<\/div>\n\t\t<\/section>\n\t\t\t\t\t<\/div>\n\t\t<\/div>\n\t\t\t\t\t<\/div>\n\t\t<\/section>\n\t\t\t\t<\/div>\n\t\t","protected":false},"excerpt":{"rendered":"<p>Manteniendo el legado hist\u00f3rico y la tradici\u00f3n de los caballos en la comunidad. Por favor, ay\u00fadanos donando tu auto, bote o autocaravana para que podamos seguir educando a la comunidad sobre los caballos y colaborar en la construcci\u00f3n y mantenimiento de senderos. Tu donaci\u00f3n puede ayudar a financiar a SMCHA en la promoci\u00f3n del inter\u00e9s [&hellip;]<\/p>\n","protected":false},"author":1,"featured_media":0,"parent":346,"menu_order":0,"comment_status":"closed","ping_status":"closed","template":"","meta":{"_monsterinsights_skip_tracking":false,"_monsterinsights_sitenote_active":false,"_monsterinsights_sitenote_note":"","_monsterinsights_sitenote_category":0,"footnotes":""},"class_list":["post-2120","page","type-page","status-publish","hentry"],"_links":{"self":[{"href":"https:\/\/donation2charity.com\/spanish\/wp-json\/wp\/v2\/pages\/2120","targetHints":{"allow":["GET"]}}],"collection":[{"href":"https:\/\/donation2charity.com\/spanish\/wp-json\/wp\/v2\/pages"}],"about":[{"href":"https:\/\/donation2charity.com\/spanish\/wp-json\/wp\/v2\/types\/page"}],"author":[{"embeddable":true,"href":"https:\/\/donation2charity.com\/spanish\/wp-json\/wp\/v2\/users\/1"}],"replies":[{"embeddable":true,"href":"https:\/\/donation2charity.com\/spanish\/wp-json\/wp\/v2\/comments?post=2120"}],"version-history":[{"count":10,"href":"https:\/\/donation2charity.com\/spanish\/wp-json\/wp\/v2\/pages\/2120\/revisions"}],"predecessor-version":[{"id":2141,"href":"https:\/\/donation2charity.com\/spanish\/wp-json\/wp\/v2\/pages\/2120\/revisions\/2141"}],"up":[{"embeddable":true,"href":"https:\/\/donation2charity.com\/spanish\/wp-json\/wp\/v2\/pages\/346"}],"wp:attachment":[{"href":"https:\/\/donation2charity.com\/spanish\/wp-json\/wp\/v2\/media?parent=2120"}],"curies":[{"name":"wp","href":"https:\/\/api.w.org\/{rel}","templated":true}]}}