{"id":394,"date":"2023-07-25T16:25:33","date_gmt":"2023-07-25T23:25:33","guid":{"rendered":"https:\/\/donation2charity.com\/newspanish\/?page_id=394"},"modified":"2024-05-07T03:38:16","modified_gmt":"2024-05-07T10:38:16","slug":"american-council-of-the-blind-of-oregon","status":"publish","type":"page","link":"https:\/\/donation2charity.com\/spanish\/charities\/american-council-of-the-blind-of-oregon\/","title":{"rendered":"American Council of the Blind of Oregon"},"content":{"rendered":"<div id=\"playht-iframe-wrapper\" style=\"max-height: 210px !important;\">\n\t<iframe\n\tscrolling=\"no\"\n\tclass=\"playht-iframe-player\"\n\tid=\"playht-iframe-player\"\n\theight=\"90px\"\n\twidth=\"100%\"\n\tframeborder=\"0\"\n\tstyle=\"max-height: 90px; height: 90px !important;\"\n\tsrc=\"https:\/\/play.ht\/embed\/?article_url=https:\/\/donation2charity.com\/spanish\/?p=394&voice=es-MX-DaliaNeural&appId=6UlgvTgrkLe&trans_id=-NxHcMW2MryUO-gNsuDO\"\n\tdata-voice=\"es-MX-DaliaNeural\"\n\tarticle-url=\"https:\/\/donation2charity.com\/spanish\/?p=394\"\n\tdata-appId=\"6UlgvTgrkLe\"\n\tallowfullscreen=\"\">\n\t<\/iframe>\n<\/div>\n\t\t<div data-elementor-type=\"wp-page\" data-elementor-id=\"394\" class=\"elementor elementor-394\" data-elementor-post-type=\"page\">\n\t\t\t\t<div class=\"elementor-element elementor-element-f1d0c9b e-flex e-con-boxed e-con e-parent\" data-id=\"f1d0c9b\" data-element_type=\"container\" data-e-type=\"container\" data-settings=\"{&quot;shape_divider_top&quot;:&quot;tilt&quot;}\">\n\t\t\t\t\t<div class=\"e-con-inner\">\n\t\t\t\t<div class=\"elementor-shape elementor-shape-top\" aria-hidden=\"true\" data-negative=\"false\">\n\t\t\t<svg xmlns=\"http:\/\/www.w3.org\/2000\/svg\" viewBox=\"0 0 1000 100\" preserveAspectRatio=\"none\">\n\t<path class=\"elementor-shape-fill\" d=\"M0,6V0h1000v100L0,6z\"\/>\n<\/svg>\t\t<\/div>\n\t\t<div class=\"elementor-element elementor-element-e283129 e-con-full e-flex elementor-invisible e-con e-parent\" data-id=\"e283129\" data-element_type=\"container\" data-e-type=\"container\" data-settings=\"{&quot;background_background&quot;:&quot;classic&quot;,&quot;animation&quot;:&quot;slideInLeft&quot;}\">\n\t\t\t\t<div class=\"elementor-element elementor-element-f06b67c elementor-widget elementor-widget-image\" data-id=\"f06b67c\" data-element_type=\"widget\" data-e-type=\"widget\" data-widget_type=\"image.default\">\n\t\t\t\t<div class=\"elementor-widget-container\">\n\t\t\t\t\t\t\t\t\t\t\t\t\t\t\t<img decoding=\"async\" width=\"120\" height=\"120\" src=\"https:\/\/donation2charity.com\/spanish\/wp-content\/uploads\/2023\/07\/Icon-ACB-of-Oregon.png\" class=\"attachment-large size-large wp-image-95\" alt=\"American Council of the Blind Oregon\" \/>\t\t\t\t\t\t\t\t\t\t\t\t\t\t\t<\/div>\n\t\t\t\t<\/div>\n\t\t\t\t<div class=\"elementor-element elementor-element-85c66d2 elementor-widget elementor-widget-heading\" data-id=\"85c66d2\" data-element_type=\"widget\" data-e-type=\"widget\" data-widget_type=\"heading.default\">\n\t\t\t\t<div class=\"elementor-widget-container\">\n\t\t\t\t\t<h2 class=\"elementor-heading-title elementor-size-default\">Ayudar\u00e1 a Preparar Su Camino a la Independencia<\/h2>\t\t\t\t<\/div>\n\t\t\t\t<\/div>\n\t\t\t\t<div class=\"elementor-element elementor-element-70615e0 elementor-widget elementor-widget-heading\" data-id=\"70615e0\" data-element_type=\"widget\" data-e-type=\"widget\" data-widget_type=\"heading.default\">\n\t\t\t\t<div class=\"elementor-widget-container\">\n\t\t\t\t\t<h4 class=\"elementor-heading-title elementor-size-default\">Convertirse en un campe\u00f3n para los ciegos y deficientes visuales.<\/h4>\t\t\t\t<\/div>\n\t\t\t\t<\/div>\n\t\t\t\t<div class=\"elementor-element elementor-element-3e85e79 elementor-widget elementor-widget-text-editor\" data-id=\"3e85e79\" data-element_type=\"widget\" data-e-type=\"widget\" data-widget_type=\"text-editor.default\">\n\t\t\t\t<div class=\"elementor-widget-container\">\n\t\t\t\t\t\t\t\t\t<p>Su generosa donaci\u00f3n de un coche, barco o veh\u00edculo recreativo; al correr o no, se utilizar\u00e1 para ayudar a sostener los programas y servicios que promueven la dignidad y la independencia de las personas que son ciegas de ACB.<\/p>\t\t\t\t\t\t\t\t<\/div>\n\t\t\t\t<\/div>\n\t\t\t\t<div class=\"elementor-element elementor-element-75d89a7 elementor-widget elementor-widget-heading\" data-id=\"75d89a7\" data-element_type=\"widget\" data-e-type=\"widget\" data-widget_type=\"heading.default\">\n\t\t\t\t<div class=\"elementor-widget-container\">\n\t\t\t\t\t<h4 class=\"elementor-heading-title elementor-size-default\">Con Su Ayuda Tendr\u00e1n Un Futuro M\u00e1s Brillante!<\/h4>\t\t\t\t<\/div>\n\t\t\t\t<\/div>\n\t\t\t\t<div class=\"elementor-element elementor-element-cc19750 elementor-widget elementor-widget-button\" data-id=\"cc19750\" data-element_type=\"widget\" data-e-type=\"widget\" data-widget_type=\"button.default\">\n\t\t\t\t<div class=\"elementor-widget-container\">\n\t\t\t\t\t\t\t\t\t<div class=\"elementor-button-wrapper\">\n\t\t\t\t\t<a class=\"elementor-button elementor-button-link elementor-size-sm\" href=\"#elementor-action%3Aaction%3Dpopup%3Aopen%26settings%3DeyJpZCI6IjE4NSIsInRvZ2dsZSI6ZmFsc2V9\">\n\t\t\t\t\t\t<span class=\"elementor-button-content-wrapper\">\n\t\t\t\t\t\t<span class=\"elementor-button-icon\">\n\t\t\t\t<i aria-hidden=\"true\" class=\"fas fa-angle-double-right\"><\/i>\t\t\t<\/span>\n\t\t\t\t\t\t\t\t\t<span class=\"elementor-button-text\">Dona tu veh\u00edculo ahora<\/span>\n\t\t\t\t\t<\/span>\n\t\t\t\t\t<\/a>\n\t\t\t\t<\/div>\n\t\t\t\t\t\t\t\t<\/div>\n\t\t\t\t<\/div>\n\t\t\t\t<\/div>\n\t\t<div class=\"elementor-element elementor-element-bcd7de0 e-con-full e-flex elementor-invisible e-con e-parent\" data-id=\"bcd7de0\" data-element_type=\"container\" data-e-type=\"container\" data-settings=\"{&quot;animation&quot;:&quot;slideInRight&quot;}\">\n\t\t\t\t<div class=\"elementor-element elementor-element-d32c3b4 elementor-widget elementor-widget-image\" data-id=\"d32c3b4\" data-element_type=\"widget\" data-e-type=\"widget\" data-widget_type=\"image.default\">\n\t\t\t\t<div class=\"elementor-widget-container\">\n\t\t\t\t\t\t\t\t\t\t\t\t\t\t\t<img fetchpriority=\"high\" decoding=\"async\" width=\"726\" height=\"484\" src=\"https:\/\/donation2charity.com\/spanish\/wp-content\/uploads\/2023\/07\/acb-oregon.jpg\" class=\"attachment-large size-large wp-image-396\" alt=\"American Council of the Blind Oregon\" srcset=\"https:\/\/donation2charity.com\/spanish\/wp-content\/uploads\/2023\/07\/acb-oregon.jpg 726w, https:\/\/donation2charity.com\/spanish\/wp-content\/uploads\/2023\/07\/acb-oregon-300x200.jpg 300w\" sizes=\"(max-width: 726px) 100vw, 726px\" \/>\t\t\t\t\t\t\t\t\t\t\t\t\t\t\t<\/div>\n\t\t\t\t<\/div>\n\t\t\t\t<\/div>\n\t\t\t\t\t<\/div>\n\t\t\t\t<\/div>\n\t\t<div class=\"elementor-element elementor-element-0f471e7 e-flex e-con-boxed e-con e-parent\" data-id=\"0f471e7\" data-element_type=\"container\" data-e-type=\"container\">\n\t\t\t\t\t<div class=\"e-con-inner\">\n\t\t\t\t<div class=\"elementor-element elementor-element-0dd504f elementor-widget elementor-widget-heading\" data-id=\"0dd504f\" data-element_type=\"widget\" data-e-type=\"widget\" data-widget_type=\"heading.default\">\n\t\t\t\t<div class=\"elementor-widget-container\">\n\t\t\t\t\t<h1 class=\"elementor-heading-title elementor-size-default\">American Council of the Blind of Oregon<\/h1>\t\t\t\t<\/div>\n\t\t\t\t<\/div>\n\t\t\t\t\t<\/div>\n\t\t\t\t<\/div>\n\t\t<div class=\"elementor-element elementor-element-f3de968 e-flex e-con-boxed e-con e-parent\" data-id=\"f3de968\" data-element_type=\"container\" data-e-type=\"container\" data-settings=\"{&quot;background_background&quot;:&quot;classic&quot;}\">\n\t\t\t\t\t<div class=\"e-con-inner\">\n\t\t<div class=\"elementor-element elementor-element-6fa1d04 e-con-full e-flex e-con e-parent\" data-id=\"6fa1d04\" data-element_type=\"container\" data-e-type=\"container\">\n\t\t\t\t<div class=\"elementor-element elementor-element-2804e16 elementor-widget elementor-widget-image\" data-id=\"2804e16\" data-element_type=\"widget\" data-e-type=\"widget\" data-widget_type=\"image.default\">\n\t\t\t\t<div class=\"elementor-widget-container\">\n\t\t\t\t\t\t\t\t\t\t\t\t\t\t\t<img decoding=\"async\" width=\"500\" height=\"281\" src=\"https:\/\/donation2charity.com\/spanish\/wp-content\/uploads\/2023\/07\/acb4.webp\" class=\"attachment-large size-large wp-image-362\" alt=\"American Council of the Blind\" srcset=\"https:\/\/donation2charity.com\/spanish\/wp-content\/uploads\/2023\/07\/acb4.webp 500w, https:\/\/donation2charity.com\/spanish\/wp-content\/uploads\/2023\/07\/acb4-300x169.webp 300w\" sizes=\"(max-width: 500px) 100vw, 500px\" \/>\t\t\t\t\t\t\t\t\t\t\t\t\t\t\t<\/div>\n\t\t\t\t<\/div>\n\t\t\t\t<\/div>\n\t\t<div class=\"elementor-element elementor-element-c848fb1 e-con-full e-flex e-con e-parent\" data-id=\"c848fb1\" data-element_type=\"container\" data-e-type=\"container\">\n\t\t\t\t<div class=\"elementor-element elementor-element-318aeda elementor-widget elementor-widget-heading\" data-id=\"318aeda\" data-element_type=\"widget\" data-e-type=\"widget\" data-widget_type=\"heading.default\">\n\t\t\t\t<div class=\"elementor-widget-container\">\n\t\t\t\t\t<h2 class=\"elementor-heading-title elementor-size-default\">Que Hacemos<\/h2>\t\t\t\t<\/div>\n\t\t\t\t<\/div>\n\t\t\t\t<div class=\"elementor-element elementor-element-3ff6cd8 elementor-widget elementor-widget-text-editor\" data-id=\"3ff6cd8\" data-element_type=\"widget\" data-e-type=\"widget\" data-widget_type=\"text-editor.default\">\n\t\t\t\t<div class=\"elementor-widget-container\">\n\t\t\t\t\t\t\t\t\t<ul><li>Se esfuerza por aumentar la independencia y la calidad de vida de todas las personas ciegas y con discapacidad visual en todo Oregon.<\/li><li>Brinda oportunidades de enriquecimiento a las personas con discapacidad visual y a sus familias.<\/li><li>Descubre, estudia, desarrolla y promueve la educaci\u00f3n social y las oportunidades econ\u00f3micas.<\/li><li>Se esfuerza por presentar una imagen sana y realista de la discapacidad visual.<\/li><\/ul><p>\u00a0<\/p><p>ACB of Oregon est\u00e1 compuesta por unos 150 oregonianos preocupados dedicados a ayudar a las personas ciegas y con discapacidad visual en Oregon.<\/p><p><strong>El American Council Of The Blind of Oregon (ACB of Oregon) es la filial del estado de American Council of the Blind (ACB).<\/strong><\/p><p>Anteriormente conocido como el \u201cOregon Council of the Blind\u201d, ahora se nos conoce como \u201cACB of Oregon que opera como el Oregon Council of the Blind\u201d.<\/p>\t\t\t\t\t\t\t\t<\/div>\n\t\t\t\t<\/div>\n\t\t\t\t<\/div>\n\t\t\t\t\t<\/div>\n\t\t\t\t<\/div>\n\t\t<div class=\"elementor-element elementor-element-e7b8f9a e-flex e-con-boxed e-con e-parent\" data-id=\"e7b8f9a\" data-element_type=\"container\" data-e-type=\"container\">\n\t\t\t\t\t<div class=\"e-con-inner\">\n\t\t<div class=\"elementor-element elementor-element-3cf0ae7 e-con-full e-flex e-con e-parent\" data-id=\"3cf0ae7\" data-element_type=\"container\" data-e-type=\"container\">\n\t\t\t\t<div class=\"elementor-element elementor-element-157c0d9 elementor-widget elementor-widget-video\" data-id=\"157c0d9\" data-element_type=\"widget\" data-e-type=\"widget\" data-settings=\"{&quot;youtube_url&quot;:&quot;https:\\\/\\\/www.youtube.com\\\/watch?v=vJf4wRPaoRU&quot;,&quot;video_type&quot;:&quot;youtube&quot;,&quot;controls&quot;:&quot;yes&quot;}\" data-widget_type=\"video.default\">\n\t\t\t\t<div class=\"elementor-widget-container\">\n\t\t\t\t\t\t\t<div class=\"elementor-wrapper elementor-open-inline\">\n\t\t\t<div class=\"elementor-video\"><\/div>\t\t<\/div>\n\t\t\t\t\t\t<\/div>\n\t\t\t\t<\/div>\n\t\t\t\t<\/div>\n\t\t<div class=\"elementor-element elementor-element-0b581e4 e-con-full e-flex e-con e-parent\" data-id=\"0b581e4\" data-element_type=\"container\" data-e-type=\"container\">\n\t\t\t\t<div class=\"elementor-element elementor-element-fa3d73c elementor-widget elementor-widget-heading\" data-id=\"fa3d73c\" data-element_type=\"widget\" data-e-type=\"widget\" data-widget_type=\"heading.default\">\n\t\t\t\t<div class=\"elementor-widget-container\">\n\t\t\t\t\t<h2 class=\"elementor-heading-title elementor-size-default\">Criando Ni\u00f1os<\/h2>\t\t\t\t<\/div>\n\t\t\t\t<\/div>\n\t\t\t\t<div class=\"elementor-element elementor-element-49c13d7 elementor-widget elementor-widget-text-editor\" data-id=\"49c13d7\" data-element_type=\"widget\" data-e-type=\"widget\" data-widget_type=\"text-editor.default\">\n\t\t\t\t<div class=\"elementor-widget-container\">\n\t\t\t\t\t\t\t\t\t<p>Los padres a menudo dicen que la educaci\u00f3n de los hijos es las mayores de las etapas gratificantes y desafiantes de la vida.\u00a0Ahora imagina c\u00f3mo usted lo har\u00eda si estuviera ciego.\u00a0\u00bfNo es seguro?\u00a0\u2026 Vea este video y aprenda c\u00f3mo dos padres, Rebecca y Eric, que son a la vez ciegos son amantes, la risa y la adaptaci\u00f3n a medida que cr\u00edan a su hijo de dos a\u00f1os de edad, Tyler, que ama los libros, camiones, aviones, de juego, y explorar el mundo que le rodea.<\/p>\t\t\t\t\t\t\t\t<\/div>\n\t\t\t\t<\/div>\n\t\t\t\t<\/div>\n\t\t\t\t\t<\/div>\n\t\t\t\t<\/div>\n\t\t<div class=\"elementor-element elementor-element-3dc7b54 e-flex e-con-boxed e-con e-parent\" data-id=\"3dc7b54\" data-element_type=\"container\" data-e-type=\"container\" data-settings=\"{&quot;background_background&quot;:&quot;classic&quot;}\">\n\t\t\t\t\t<div class=\"e-con-inner\">\n\t\t<div class=\"elementor-element elementor-element-02218bd e-con-full e-flex e-con e-parent\" data-id=\"02218bd\" data-element_type=\"container\" data-e-type=\"container\">\n\t\t\t\t<div class=\"elementor-element elementor-element-f6e2859 elementor-widget elementor-widget-heading\" data-id=\"f6e2859\" data-element_type=\"widget\" data-e-type=\"widget\" data-widget_type=\"heading.default\">\n\t\t\t\t<div class=\"elementor-widget-container\">\n\t\t\t\t\t<h2 class=\"elementor-heading-title elementor-size-default\">\u00bfCu\u00e1l es el Braille?<\/h2>\t\t\t\t<\/div>\n\t\t\t\t<\/div>\n\t\t\t\t<div class=\"elementor-element elementor-element-b8926e9 elementor-widget elementor-widget-text-editor\" data-id=\"b8926e9\" data-element_type=\"widget\" data-e-type=\"widget\" data-widget_type=\"text-editor.default\">\n\t\t\t\t<div class=\"elementor-widget-container\">\n\t\t\t\t\t\t\t\t\t<p>El braille es un sistema de lectura y escritura t\u00e1ctil para personas ciegas en la que plantearon puntos representan las letras del alfabeto.\u00a0Braille tambi\u00e9n contiene los equivalentes de los signos de puntuaci\u00f3n y proporciona s\u00edmbolos para mostrar la carta de agrupaciones.<\/p><p>Braille se lee moviendo la mano o manos de izquierda a derecha a lo largo de cada l\u00ednea.\u00a0Ambas manos est\u00e1n a menudo involucrados en el proceso de lectura, y la lectura se hace generalmente con los dedos \u00edndices.\u00a0La velocidad de lectura promedio es de aproximadamente 125 palabras por minuto, pero son posibles mayores velocidades de hasta 200 palabras por minuto.<\/p><p>Mediante el uso de Braille, las personas ciegas pueden revisar y estudiar la palabra escrita.\u00a0Pueden llegar a ser consciente de las diferentes convenciones escritas como la ortograf\u00eda, puntuacion, p\u00e1rrafos y notas al pie.<\/p>\t\t\t\t\t\t\t\t<\/div>\n\t\t\t\t<\/div>\n\t\t\t\t<div class=\"elementor-element elementor-element-0d92788 elementor-widget elementor-widget-text-editor\" data-id=\"0d92788\" data-element_type=\"widget\" data-e-type=\"widget\" data-widget_type=\"text-editor.default\">\n\t\t\t\t<div class=\"elementor-widget-container\">\n\t\t\t\t\t\t\t\t\tPor encima de todo, las personas ciegas pueden tener acceso a una amplia gama de materiales, incluyendo la lectura educativa y recreativa y la lectura de manuales pr\u00e1cticos. Igualmente importantes son los contratos, reglamentos, p\u00f3lizas de seguros, directorios, instrucciones de electrodom\u00e9sticos y libros de cocina que son parte de la vida diaria del adulto. Adem\u00e1s, mediante el sistema Braille, las personas ciegas pueden seguir sus pasatiempos y enriquecimiento cultural con materiales tales como partituras musicales, himnarios, naipes, tableros de Scrabble y otros juegos. Varios otros m\u00e9todos se han intentado en los \u00faltimos a\u00f1os para que las personas ciegas para leer, muchos de ellos levant\u00f3 versiones de letras de impresi\u00f3n. En general se acepta que el sistema Braille ha tenido \u00e9xito, ya que se basa en una secuencia racional de los signos ideado para la yema de los dedos, en lugar de signos imitando idearon para los ojos. Adicionalmente, el braille puede ser escrito por personas ciegas y se puede utilizar para cualquier notaci\u00f3n que siga una secuencia aceptada, como n\u00fameros, notas musicales o tablas qu\u00edmicas.\t\t\t\t\t\t\t\t<\/div>\n\t\t\t\t<\/div>\n\t\t\t\t<\/div>\n\t\t<div class=\"elementor-element elementor-element-f8400a9 e-con-full e-flex e-con e-parent\" data-id=\"f8400a9\" data-element_type=\"container\" data-e-type=\"container\">\n\t\t\t\t<div class=\"elementor-element elementor-element-3da6499 elementor-widget elementor-widget-image\" data-id=\"3da6499\" data-element_type=\"widget\" data-e-type=\"widget\" data-widget_type=\"image.default\">\n\t\t\t\t<div class=\"elementor-widget-container\">\n\t\t\t\t\t\t\t\t\t\t\t\t\t\t\t<img loading=\"lazy\" decoding=\"async\" width=\"500\" height=\"333\" src=\"https:\/\/donation2charity.com\/spanish\/wp-content\/uploads\/2023\/07\/acb3.jpg\" class=\"attachment-large size-large wp-image-363\" alt=\"American Council of the Blind\" srcset=\"https:\/\/donation2charity.com\/spanish\/wp-content\/uploads\/2023\/07\/acb3.jpg 500w, https:\/\/donation2charity.com\/spanish\/wp-content\/uploads\/2023\/07\/acb3-300x200.jpg 300w\" sizes=\"(max-width: 500px) 100vw, 500px\" \/>\t\t\t\t\t\t\t\t\t\t\t\t\t\t\t<\/div>\n\t\t\t\t<\/div>\n\t\t\t\t<div class=\"elementor-element elementor-element-cbc2d21 elementor-widget elementor-widget-video\" data-id=\"cbc2d21\" data-element_type=\"widget\" data-e-type=\"widget\" data-settings=\"{&quot;youtube_url&quot;:&quot;https:\\\/\\\/www.youtube.com\\\/watch?v=MZ-iR4WRGxU&quot;,&quot;video_type&quot;:&quot;youtube&quot;,&quot;controls&quot;:&quot;yes&quot;}\" data-widget_type=\"video.default\">\n\t\t\t\t<div class=\"elementor-widget-container\">\n\t\t\t\t\t\t\t<div class=\"elementor-wrapper elementor-open-inline\">\n\t\t\t<div class=\"elementor-video\"><\/div>\t\t<\/div>\n\t\t\t\t\t\t<\/div>\n\t\t\t\t<\/div>\n\t\t\t\t<\/div>\n\t\t\t\t\t<\/div>\n\t\t\t\t<\/div>\n\t\t<div class=\"elementor-element elementor-element-09770f1 e-flex e-con-boxed e-con e-parent\" data-id=\"09770f1\" data-element_type=\"container\" data-e-type=\"container\">\n\t\t\t\t\t<div class=\"e-con-inner\">\n\t\t<div class=\"elementor-element elementor-element-c4b5d30 e-con-full e-flex e-con e-parent\" data-id=\"c4b5d30\" data-element_type=\"container\" data-e-type=\"container\">\n\t\t\t\t<div class=\"elementor-element elementor-element-62ba935 elementor-widget elementor-widget-image\" data-id=\"62ba935\" data-element_type=\"widget\" data-e-type=\"widget\" data-widget_type=\"image.default\">\n\t\t\t\t<div class=\"elementor-widget-container\">\n\t\t\t\t\t\t\t\t\t\t\t\t<figure class=\"wp-caption\">\n\t\t\t\t\t\t\t\t\t\t<img loading=\"lazy\" decoding=\"async\" width=\"606\" height=\"600\" src=\"https:\/\/donation2charity.com\/spanish\/wp-content\/uploads\/2023\/07\/acb2.webp\" class=\"attachment-large size-large wp-image-368\" alt=\"American Council of the Blind\" srcset=\"https:\/\/donation2charity.com\/spanish\/wp-content\/uploads\/2023\/07\/acb2.webp 606w, https:\/\/donation2charity.com\/spanish\/wp-content\/uploads\/2023\/07\/acb2-300x297.webp 300w, https:\/\/donation2charity.com\/spanish\/wp-content\/uploads\/2023\/07\/acb2-150x150.webp 150w\" sizes=\"(max-width: 606px) 100vw, 606px\" \/>\t\t\t\t\t\t\t\t\t\t\t<figcaption class=\"widget-image-caption wp-caption-text\">Louis Braille, el fundador del sistema de puntos en relieve de representar letras que llevan su nombre.<\/figcaption>\n\t\t\t\t\t\t\t\t\t\t<\/figure>\n\t\t\t\t\t\t\t\t\t<\/div>\n\t\t\t\t<\/div>\n\t\t\t\t<\/div>\n\t\t<div class=\"elementor-element elementor-element-595d6df e-con-full e-flex e-con e-parent\" data-id=\"595d6df\" data-element_type=\"container\" data-e-type=\"container\">\n\t\t\t\t<div class=\"elementor-element elementor-element-6f0088a elementor-widget elementor-widget-heading\" data-id=\"6f0088a\" data-element_type=\"widget\" data-e-type=\"widget\" data-widget_type=\"heading.default\">\n\t\t\t\t<div class=\"elementor-widget-container\">\n\t\t\t\t\t<h2 class=\"elementor-heading-title elementor-size-default\">Historia de Braille<\/h2>\t\t\t\t<\/div>\n\t\t\t\t<\/div>\n\t\t\t\t<div class=\"elementor-element elementor-element-6edb62b elementor-widget elementor-widget-text-editor\" data-id=\"6edb62b\" data-element_type=\"widget\" data-e-type=\"widget\" data-widget_type=\"text-editor.default\">\n\t\t\t\t<div class=\"elementor-widget-container\">\n\t\t\t\t\t\t\t\t\t<p>Un ni\u00f1o persiano de once a\u00f1os de edad, tom\u00f3 un c\u00f3digo secreto ideado para los militares y vio en ella la base para la comunicaci\u00f3n escrita para las personas ciegas.\u00a0Louis Braille, reci\u00e9n matriculados en el Instituto Nacional de Ciegos en Par\u00eds, pas\u00f3 nueve a\u00f1os en el desarrollo y el perfeccionamiento del sistema de puntos en relieve que ha llegado a ser conocido por su nombre.<\/p><p>El c\u00f3digo militar original se llama la noche escribiendo y fue utilizado por los soldados para comunicarse despu\u00e9s del anochecer.\u00a0Se basaba en una c\u00e9lula de doce puntos, dos puntos de ancho por seis puntos altos.\u00a0Cada punto o combinaci\u00f3n de los puntos dentro de la c\u00e9lula representaban una carta o un sonido fon\u00e9tico.\u00a0El problema con el c\u00f3digo militar era que la yema del dedo humano no pod\u00eda sentir todos los puntos con un solo toque.<\/p><p>Louis Braille cre\u00f3 un m\u00e9todo basado en la lectura de una celda de seis puntos.\u00a0Esta mejora crucial significaba que la punta del dedo podr\u00eda abarcar toda la unidad de celda con una impresi\u00f3n y pasar r\u00e1pidamente de una c\u00e9lula a la siguiente.<\/p><p>El sistema de escritura en relieve inventado por Louis Braille gradualmente lleg\u00f3 a ser aceptado en todo el mundo como la forma fundamental de la comunicaci\u00f3n escrita para las personas ciegas, y sigue siendo, b\u00e1sicamente, como \u00e9l lo invent\u00f3.<\/p><p>Con el tiempo, se ha producido alguna modificaci\u00f3n del sistema Braille, en particular la adici\u00f3n de las contracciones que representan grupos de letras o palabras enteras que aparecen con frecuencia en un idioma.\u00a0El uso de las contracciones permite una lectura m\u00e1s r\u00e1pida braille y ayuda a reducir el tama\u00f1o de los libros en braille, que los hace menos engorroso.<\/p><p>Varios grupos han sido establecidos durante el siglo pasado para modificar y estandarizar el c\u00f3digo braille.\u00a0Un objetivo importante es el desarrollo de las contracciones de f\u00e1cil comprensi\u00f3n sin hacer que el c\u00f3digo demasiado complejo.<\/p>\t\t\t\t\t\t\t\t<\/div>\n\t\t\t\t<\/div>\n\t\t\t\t<\/div>\n\t\t\t\t\t<\/div>\n\t\t\t\t<\/div>\n\t\t<div class=\"elementor-element elementor-element-4bd57a6 e-flex e-con-boxed e-con e-parent\" data-id=\"4bd57a6\" data-element_type=\"container\" data-e-type=\"container\" data-settings=\"{&quot;background_background&quot;:&quot;classic&quot;}\">\n\t\t\t\t\t<div class=\"e-con-inner\">\n\t\t\t\t<div class=\"elementor-element elementor-element-a18395f elementor-widget elementor-widget-heading\" data-id=\"a18395f\" data-element_type=\"widget\" data-e-type=\"widget\" data-widget_type=\"heading.default\">\n\t\t\t\t<div class=\"elementor-widget-container\">\n\t\t\t\t\t<h2 class=\"elementor-heading-title elementor-size-default\">Descripci\u00f3n de la capacidad para personas ciegas.<\/h2>\t\t\t\t<\/div>\n\t\t\t\t<\/div>\n\t\t\t\t<div class=\"elementor-element elementor-element-a0476a9 elementor-widget elementor-widget-video\" data-id=\"a0476a9\" data-element_type=\"widget\" data-e-type=\"widget\" data-settings=\"{&quot;youtube_url&quot;:&quot;https:\\\/\\\/www.youtube.com\\\/watch?v=5e5payf2QMc&quot;,&quot;video_type&quot;:&quot;youtube&quot;,&quot;controls&quot;:&quot;yes&quot;}\" data-widget_type=\"video.default\">\n\t\t\t\t<div class=\"elementor-widget-container\">\n\t\t\t\t\t\t\t<div class=\"elementor-wrapper elementor-open-inline\">\n\t\t\t<div class=\"elementor-video\"><\/div>\t\t<\/div>\n\t\t\t\t\t\t<\/div>\n\t\t\t\t<\/div>\n\t\t\t\t\t<\/div>\n\t\t\t\t<\/div>\n\t\t<div class=\"elementor-element elementor-element-1120e16 e-flex e-con-boxed e-con e-parent\" data-id=\"1120e16\" data-element_type=\"container\" data-e-type=\"container\">\n\t\t\t\t\t<div class=\"e-con-inner\">\n\t\t\t\t<div class=\"elementor-element elementor-element-eb255df elementor-widget-divider--view-line elementor-widget elementor-widget-divider\" data-id=\"eb255df\" data-element_type=\"widget\" data-e-type=\"widget\" data-widget_type=\"divider.default\">\n\t\t\t\t<div class=\"elementor-widget-container\">\n\t\t\t\t\t\t\t<div class=\"elementor-divider\">\n\t\t\t<span class=\"elementor-divider-separator\">\n\t\t\t\t\t\t<\/span>\n\t\t<\/div>\n\t\t\t\t\t\t<\/div>\n\t\t\t\t<\/div>\n\t\t\t\t<div class=\"elementor-element elementor-element-c3d4ee7 elementor-widget elementor-widget-text-editor\" data-id=\"c3d4ee7\" data-element_type=\"widget\" data-e-type=\"widget\" data-widget_type=\"text-editor.default\">\n\t\t\t\t<div class=\"elementor-widget-container\">\n\t\t\t\t\t\t\t\t\t<p>Fuente: Algunas im\u00e1genes, textos y videos son propiedad y derechos de autor del American Council of the Blind.<\/p>\t\t\t\t\t\t\t\t<\/div>\n\t\t\t\t<\/div>\n\t\t\t\t\t<\/div>\n\t\t\t\t<\/div>\n\t\t\t\t<\/div>\n\t\t","protected":false},"excerpt":{"rendered":"<p>Ayudar\u00e1 a Preparar Su Camino a la Independencia Convertirse en un campe\u00f3n para los ciegos y deficientes visuales. Su generosa donaci\u00f3n de un coche, barco o veh\u00edculo recreativo; al correr o no, se utilizar\u00e1 para ayudar a sostener los programas y servicios que promueven la dignidad y la independencia de las personas que son ciegas [&hellip;]<\/p>\n","protected":false},"author":1,"featured_media":0,"parent":346,"menu_order":0,"comment_status":"closed","ping_status":"closed","template":"","meta":{"_monsterinsights_skip_tracking":false,"_monsterinsights_sitenote_active":false,"_monsterinsights_sitenote_note":"","_monsterinsights_sitenote_category":0,"footnotes":""},"class_list":["post-394","page","type-page","status-publish","hentry"],"_links":{"self":[{"href":"https:\/\/donation2charity.com\/spanish\/wp-json\/wp\/v2\/pages\/394","targetHints":{"allow":["GET"]}}],"collection":[{"href":"https:\/\/donation2charity.com\/spanish\/wp-json\/wp\/v2\/pages"}],"about":[{"href":"https:\/\/donation2charity.com\/spanish\/wp-json\/wp\/v2\/types\/page"}],"author":[{"embeddable":true,"href":"https:\/\/donation2charity.com\/spanish\/wp-json\/wp\/v2\/users\/1"}],"replies":[{"embeddable":true,"href":"https:\/\/donation2charity.com\/spanish\/wp-json\/wp\/v2\/comments?post=394"}],"version-history":[{"count":4,"href":"https:\/\/donation2charity.com\/spanish\/wp-json\/wp\/v2\/pages\/394\/revisions"}],"predecessor-version":[{"id":404,"href":"https:\/\/donation2charity.com\/spanish\/wp-json\/wp\/v2\/pages\/394\/revisions\/404"}],"up":[{"embeddable":true,"href":"https:\/\/donation2charity.com\/spanish\/wp-json\/wp\/v2\/pages\/346"}],"wp:attachment":[{"href":"https:\/\/donation2charity.com\/spanish\/wp-json\/wp\/v2\/media?parent=394"}],"curies":[{"name":"wp","href":"https:\/\/api.w.org\/{rel}","templated":true}]}}