{"id":433,"date":"2023-07-31T12:39:40","date_gmt":"2023-07-31T19:39:40","guid":{"rendered":"https:\/\/donation2charity.com\/newspanish\/?page_id=433"},"modified":"2024-07-30T17:54:11","modified_gmt":"2024-07-31T00:54:11","slug":"cube-together","status":"publish","type":"page","link":"https:\/\/donation2charity.com\/spanish\/charities\/cube-together\/","title":{"rendered":"Cube Together"},"content":{"rendered":"<div id=\"playht-iframe-wrapper\" style=\"max-height: 210px !important;\">\n\t<iframe\n\tscrolling=\"no\"\n\tclass=\"playht-iframe-player\"\n\tid=\"playht-iframe-player\"\n\theight=\"90px\"\n\twidth=\"100%\"\n\tframeborder=\"0\"\n\tstyle=\"max-height: 90px; height: 90px !important;\"\n\tsrc=\"https:\/\/play.ht\/embed\/?article_url=https:\/\/donation2charity.com\/spanish\/?p=433&voice=es-MX-DaliaNeural&appId=6UlgvTgrkLe&trans_id=-NxHjUl3R63WOniw4eCW\"\n\tdata-voice=\"es-MX-DaliaNeural\"\n\tarticle-url=\"https:\/\/donation2charity.com\/spanish\/?p=433\"\n\tdata-appId=\"6UlgvTgrkLe\"\n\tallowfullscreen=\"\">\n\t<\/iframe>\n<\/div>\n\t\t<div data-elementor-type=\"wp-page\" data-elementor-id=\"433\" class=\"elementor elementor-433\" data-elementor-post-type=\"page\">\n\t\t\t\t<div class=\"elementor-element elementor-element-1aafcd5 e-flex e-con-boxed e-con e-parent\" data-id=\"1aafcd5\" data-element_type=\"container\" data-e-type=\"container\" data-settings=\"{&quot;shape_divider_top&quot;:&quot;tilt&quot;}\">\n\t\t\t\t\t<div class=\"e-con-inner\">\n\t\t\t\t<div class=\"elementor-shape elementor-shape-top\" aria-hidden=\"true\" data-negative=\"false\">\n\t\t\t<svg xmlns=\"http:\/\/www.w3.org\/2000\/svg\" viewBox=\"0 0 1000 100\" preserveAspectRatio=\"none\">\n\t<path class=\"elementor-shape-fill\" d=\"M0,6V0h1000v100L0,6z\"\/>\n<\/svg>\t\t<\/div>\n\t\t<div class=\"elementor-element elementor-element-25504b8 e-con-full e-flex elementor-invisible e-con e-child\" data-id=\"25504b8\" data-element_type=\"container\" data-e-type=\"container\" data-settings=\"{&quot;background_background&quot;:&quot;classic&quot;,&quot;animation&quot;:&quot;slideInLeft&quot;}\">\n\t\t\t\t<div class=\"elementor-element elementor-element-a2f2653 elementor-widget elementor-widget-image\" data-id=\"a2f2653\" data-element_type=\"widget\" data-e-type=\"widget\" data-widget_type=\"image.default\">\n\t\t\t\t<div class=\"elementor-widget-container\">\n\t\t\t\t\t\t\t\t\t\t\t\t\t\t\t<img fetchpriority=\"high\" decoding=\"async\" width=\"800\" height=\"196\" src=\"https:\/\/donation2charity.com\/spanish\/wp-content\/uploads\/2023\/07\/cube-together-logo.webp\" class=\"attachment-large size-large wp-image-435\" alt=\"Cube Together Charity\" srcset=\"https:\/\/donation2charity.com\/spanish\/wp-content\/uploads\/2023\/07\/cube-together-logo.webp 908w, https:\/\/donation2charity.com\/spanish\/wp-content\/uploads\/2023\/07\/cube-together-logo-300x74.webp 300w, https:\/\/donation2charity.com\/spanish\/wp-content\/uploads\/2023\/07\/cube-together-logo-768x189.webp 768w\" sizes=\"(max-width: 800px) 100vw, 800px\" \/>\t\t\t\t\t\t\t\t\t\t\t\t\t\t\t<\/div>\n\t\t\t\t<\/div>\n\t\t\t\t<div data-dce-title-color=\"#23A455\" class=\"elementor-element elementor-element-cc0f9e9 elementor-widget elementor-widget-heading\" data-id=\"cc0f9e9\" data-element_type=\"widget\" data-e-type=\"widget\" data-widget_type=\"heading.default\">\n\t\t\t\t<div class=\"elementor-widget-container\">\n\t\t\t\t\t<h2 class=\"elementor-heading-title elementor-size-default\">Necesitamos Su Ayuda...<\/h2>\t\t\t\t<\/div>\n\t\t\t\t<\/div>\n\t\t\t\t<div class=\"elementor-element elementor-element-34b8b9f elementor-widget elementor-widget-text-editor\" data-id=\"34b8b9f\" data-element_type=\"widget\" data-e-type=\"widget\" data-widget_type=\"text-editor.default\">\n\t\t\t\t<div class=\"elementor-widget-container\">\n\t\t\t\t\t\t\t\t\t<p>Ay\u00fadenos donando su autom\u00f3vil, bote o veh\u00edculo recreativo para que podamos continuar brindando Cubos de Rubik gratis a escuelas, aulas STEM, ni\u00f1os y todos los dem\u00e1s que est\u00e9n dispuestos a emprender un nuevo pasatiempo que desaf\u00ede la mente.<\/p>\t\t\t\t\t\t\t\t<\/div>\n\t\t\t\t<\/div>\n\t\t\t\t<div class=\"elementor-element elementor-element-c27c0b4 elementor-widget elementor-widget-button\" data-id=\"c27c0b4\" data-element_type=\"widget\" data-e-type=\"widget\" data-widget_type=\"button.default\">\n\t\t\t\t<div class=\"elementor-widget-container\">\n\t\t\t\t\t\t\t\t\t<div class=\"elementor-button-wrapper\">\n\t\t\t\t\t<a class=\"elementor-button elementor-button-link elementor-size-sm\" href=\"#elementor-action%3Aaction%3Dpopup%3Aopen%26settings%3DeyJpZCI6IjIxMCIsInRvZ2dsZSI6ZmFsc2V9\">\n\t\t\t\t\t\t<span class=\"elementor-button-content-wrapper\">\n\t\t\t\t\t\t<span class=\"elementor-button-icon\">\n\t\t\t\t<i aria-hidden=\"true\" class=\"fas fa-angle-double-right\"><\/i>\t\t\t<\/span>\n\t\t\t\t\t\t\t\t\t<span class=\"elementor-button-text\">Dona tu veh\u00edculo ahora<\/span>\n\t\t\t\t\t<\/span>\n\t\t\t\t\t<\/a>\n\t\t\t\t<\/div>\n\t\t\t\t\t\t\t\t<\/div>\n\t\t\t\t<\/div>\n\t\t\t\t<\/div>\n\t\t<div class=\"elementor-element elementor-element-7063b1c e-con-full e-flex elementor-invisible e-con e-child\" data-id=\"7063b1c\" data-element_type=\"container\" data-e-type=\"container\" data-settings=\"{&quot;animation&quot;:&quot;slideInRight&quot;}\">\n\t\t\t\t<div class=\"elementor-element elementor-element-93f4404 elementor-widget elementor-widget-image\" data-id=\"93f4404\" data-element_type=\"widget\" data-e-type=\"widget\" data-widget_type=\"image.default\">\n\t\t\t\t<div class=\"elementor-widget-container\">\n\t\t\t\t\t\t\t\t\t\t\t\t\t\t\t<img decoding=\"async\" width=\"800\" height=\"533\" src=\"https:\/\/donation2charity.com\/spanish\/wp-content\/uploads\/2023\/08\/cube-together-rubiks-cube7.jpg\" class=\"attachment-large size-large wp-image-1702\" alt=\"Cube Together\" srcset=\"https:\/\/donation2charity.com\/spanish\/wp-content\/uploads\/2023\/08\/cube-together-rubiks-cube7.jpg 960w, https:\/\/donation2charity.com\/spanish\/wp-content\/uploads\/2023\/08\/cube-together-rubiks-cube7-300x200.jpg 300w, https:\/\/donation2charity.com\/spanish\/wp-content\/uploads\/2023\/08\/cube-together-rubiks-cube7-768x512.jpg 768w\" sizes=\"(max-width: 800px) 100vw, 800px\" \/>\t\t\t\t\t\t\t\t\t\t\t\t\t\t\t<\/div>\n\t\t\t\t<\/div>\n\t\t\t\t<\/div>\n\t\t\t\t\t<\/div>\n\t\t\t\t<\/div>\n\t\t<div class=\"elementor-element elementor-element-b259b71 e-flex e-con-boxed e-con e-parent\" data-id=\"b259b71\" data-element_type=\"container\" data-e-type=\"container\">\n\t\t\t\t\t<div class=\"e-con-inner\">\n\t\t\t\t<div data-dce-title-color=\"#000000\" class=\"elementor-element elementor-element-c1ea9a4 elementor-widget elementor-widget-heading\" data-id=\"c1ea9a4\" data-element_type=\"widget\" data-e-type=\"widget\" data-widget_type=\"heading.default\">\n\t\t\t\t<div class=\"elementor-widget-container\">\n\t\t\t\t\t<h1 class=\"elementor-heading-title elementor-size-default\">Cube Together<\/h1>\t\t\t\t<\/div>\n\t\t\t\t<\/div>\n\t\t\t\t\t<\/div>\n\t\t\t\t<\/div>\n\t\t<div data-dce-background-color=\"#23A455\" class=\"elementor-element elementor-element-8ed9559 e-flex e-con-boxed e-con e-parent\" data-id=\"8ed9559\" data-element_type=\"container\" data-e-type=\"container\" data-settings=\"{&quot;background_background&quot;:&quot;classic&quot;}\">\n\t\t\t\t\t<div class=\"e-con-inner\">\n\t\t\t\t<div class=\"elementor-element elementor-element-70a4a4f elementor-widget elementor-widget-heading\" data-id=\"70a4a4f\" data-element_type=\"widget\" data-e-type=\"widget\" data-widget_type=\"heading.default\">\n\t\t\t\t<div class=\"elementor-widget-container\">\n\t\t\t\t\t<h2 class=\"elementor-heading-title elementor-size-default\">Qui\u00e9nes Somos y Qu\u00e9 Hacemos<\/h2>\t\t\t\t<\/div>\n\t\t\t\t<\/div>\n\t\t\t\t<div class=\"elementor-element elementor-element-6f599a3 elementor-widget elementor-widget-text-editor\" data-id=\"6f599a3\" data-element_type=\"widget\" data-e-type=\"widget\" data-widget_type=\"text-editor.default\">\n\t\t\t\t<div class=\"elementor-widget-container\">\n\t\t\t\t\t\t\t\t\t<p>Cube Together est\u00e1 dedicado a las mentes en crecimiento, un cubo de Rubik a la vez.<\/p><p>Nuestro objetivo principal es realizar talleres gratuitos sobre el cubo de Rubik para personas de todas las edades. Estos talleres presentan conocimientos, t\u00e9cnicas y m\u00e9todos fundamentales para resolver el cubo de Rubik. Los estudiantes de cada taller reciben un cubo de Rubik gratis para llevar a casa.<\/p><p>Nuestro enfoque secundario es implementar los cubos de Rubik y sus m\u00e9todos de resoluci\u00f3n en el plan de estudios del aula e introducir a los estudiantes a los conceptos y principios relacionados con STEM. Nuestro objetivo es que los estudiantes mejoren la confianza en s\u00ed mismos, mejoren las habilidades de pensamiento cr\u00edtico y aumenten la paciencia y la perseverancia mediante el uso de los cubos de Rubik.<\/p><p>Adem\u00e1s, Cube Together ofrece tutoriales f\u00e1ciles de seguir y capacitaci\u00f3n especializada para cualquier persona que tenga un inter\u00e9s genuino en resolver el cubo de Rubik.<\/p>\t\t\t\t\t\t\t\t<\/div>\n\t\t\t\t<\/div>\n\t\t\t\t\t<\/div>\n\t\t\t\t<\/div>\n\t\t<div data-dce-background-color=\"#23A455\" class=\"elementor-element elementor-element-eab7ee8 e-flex e-con-boxed e-con e-parent\" data-id=\"eab7ee8\" data-element_type=\"container\" data-e-type=\"container\" data-settings=\"{&quot;background_background&quot;:&quot;classic&quot;}\">\n\t\t\t\t\t<div class=\"e-con-inner\">\n\t\t<div class=\"elementor-element elementor-element-b4c8e84 e-con-full e-flex e-con e-child\" data-id=\"b4c8e84\" data-element_type=\"container\" data-e-type=\"container\">\n\t\t\t\t<div class=\"elementor-element elementor-element-b5c76e6 elementor-widget elementor-widget-image\" data-id=\"b5c76e6\" data-element_type=\"widget\" data-e-type=\"widget\" data-widget_type=\"image.default\">\n\t\t\t\t<div class=\"elementor-widget-container\">\n\t\t\t\t\t\t\t\t\t\t\t\t\t\t\t<img decoding=\"async\" width=\"806\" height=\"1048\" src=\"https:\/\/donation2charity.com\/spanish\/wp-content\/uploads\/2024\/07\/cube-together-rubiks-cube7.jpg\" class=\"attachment-full size-full wp-image-2495\" alt=\"Rubik&#039;s Cube\" srcset=\"https:\/\/donation2charity.com\/spanish\/wp-content\/uploads\/2024\/07\/cube-together-rubiks-cube7.jpg 806w, https:\/\/donation2charity.com\/spanish\/wp-content\/uploads\/2024\/07\/cube-together-rubiks-cube7-231x300.jpg 231w, https:\/\/donation2charity.com\/spanish\/wp-content\/uploads\/2024\/07\/cube-together-rubiks-cube7-788x1024.jpg 788w, https:\/\/donation2charity.com\/spanish\/wp-content\/uploads\/2024\/07\/cube-together-rubiks-cube7-768x999.jpg 768w\" sizes=\"(max-width: 806px) 100vw, 806px\" \/>\t\t\t\t\t\t\t\t\t\t\t\t\t\t\t<\/div>\n\t\t\t\t<\/div>\n\t\t\t\t<\/div>\n\t\t<div class=\"elementor-element elementor-element-faa10b4 e-con-full e-flex e-con e-child\" data-id=\"faa10b4\" data-element_type=\"container\" data-e-type=\"container\">\n\t\t\t\t<div class=\"elementor-element elementor-element-9c24750 elementor-widget elementor-widget-image\" data-id=\"9c24750\" data-element_type=\"widget\" data-e-type=\"widget\" data-widget_type=\"image.default\">\n\t\t\t\t<div class=\"elementor-widget-container\">\n\t\t\t\t\t\t\t\t\t\t\t\t\t\t\t<img loading=\"lazy\" decoding=\"async\" width=\"806\" height=\"1059\" src=\"https:\/\/donation2charity.com\/spanish\/wp-content\/uploads\/2024\/07\/cube-together-rubiks-cube8.jpg\" class=\"attachment-full size-full wp-image-2496\" alt=\"Rubik&#039;s Cube\" srcset=\"https:\/\/donation2charity.com\/spanish\/wp-content\/uploads\/2024\/07\/cube-together-rubiks-cube8.jpg 806w, https:\/\/donation2charity.com\/spanish\/wp-content\/uploads\/2024\/07\/cube-together-rubiks-cube8-228x300.jpg 228w, https:\/\/donation2charity.com\/spanish\/wp-content\/uploads\/2024\/07\/cube-together-rubiks-cube8-779x1024.jpg 779w, https:\/\/donation2charity.com\/spanish\/wp-content\/uploads\/2024\/07\/cube-together-rubiks-cube8-768x1009.jpg 768w\" sizes=\"(max-width: 806px) 100vw, 806px\" \/>\t\t\t\t\t\t\t\t\t\t\t\t\t\t\t<\/div>\n\t\t\t\t<\/div>\n\t\t\t\t<\/div>\n\t\t\t\t\t<\/div>\n\t\t\t\t<\/div>\n\t\t<div class=\"elementor-element elementor-element-4d78c90 e-flex e-con-boxed e-con e-parent\" data-id=\"4d78c90\" data-element_type=\"container\" data-e-type=\"container\">\n\t\t\t\t\t<div class=\"e-con-inner\">\n\t\t\t\t<div class=\"elementor-element elementor-element-1aecb9a elementor-widget elementor-widget-heading\" data-id=\"1aecb9a\" data-element_type=\"widget\" data-e-type=\"widget\" data-widget_type=\"heading.default\">\n\t\t\t\t<div class=\"elementor-widget-container\">\n\t\t\t\t\t<h3 class=\"elementor-heading-title elementor-size-default\">Con un cubo de Rubik, puede aprender sobre geometr\u00eda de formas, combinaci\u00f3n de colores, tipos de piezas en el cubo y orientaci\u00f3n del cubo. Adem\u00e1s, puede ejercitar su paciencia, perseverancia, comprensi\u00f3n auditiva y habilidades para resolver problemas.<\/h3>\t\t\t\t<\/div>\n\t\t\t\t<\/div>\n\t\t<div class=\"elementor-element elementor-element-f0961be e-flex e-con-boxed e-con e-child\" data-id=\"f0961be\" data-element_type=\"container\" data-e-type=\"container\">\n\t\t\t\t\t<div class=\"e-con-inner\">\n\t\t<div class=\"elementor-element elementor-element-df51e2a e-flex e-con-boxed e-con e-child\" data-id=\"df51e2a\" data-element_type=\"container\" data-e-type=\"container\">\n\t\t\t\t\t<div class=\"e-con-inner\">\n\t\t\t\t<div class=\"elementor-element elementor-element-1b1938b elementor-widget elementor-widget-image\" data-id=\"1b1938b\" data-element_type=\"widget\" data-e-type=\"widget\" data-widget_type=\"image.default\">\n\t\t\t\t<div class=\"elementor-widget-container\">\n\t\t\t\t\t\t\t\t\t\t\t\t\t\t\t<img loading=\"lazy\" decoding=\"async\" width=\"800\" height=\"800\" src=\"https:\/\/donation2charity.com\/spanish\/wp-content\/uploads\/2023\/07\/cube-together-rubiks-cube3-1024x1024-1.webp\" class=\"attachment-large size-large wp-image-437\" alt=\"Cube Together Charity\" srcset=\"https:\/\/donation2charity.com\/spanish\/wp-content\/uploads\/2023\/07\/cube-together-rubiks-cube3-1024x1024-1.webp 1024w, https:\/\/donation2charity.com\/spanish\/wp-content\/uploads\/2023\/07\/cube-together-rubiks-cube3-1024x1024-1-300x300.webp 300w, https:\/\/donation2charity.com\/spanish\/wp-content\/uploads\/2023\/07\/cube-together-rubiks-cube3-1024x1024-1-150x150.webp 150w, https:\/\/donation2charity.com\/spanish\/wp-content\/uploads\/2023\/07\/cube-together-rubiks-cube3-1024x1024-1-768x768.webp 768w\" sizes=\"(max-width: 800px) 100vw, 800px\" \/>\t\t\t\t\t\t\t\t\t\t\t\t\t\t\t<\/div>\n\t\t\t\t<\/div>\n\t\t\t\t\t<\/div>\n\t\t\t\t<\/div>\n\t\t<div class=\"elementor-element elementor-element-b0206a2 e-flex e-con-boxed e-con e-child\" data-id=\"b0206a2\" data-element_type=\"container\" data-e-type=\"container\">\n\t\t\t\t\t<div class=\"e-con-inner\">\n\t\t\t\t<div class=\"elementor-element elementor-element-401d715 elementor-widget elementor-widget-image\" data-id=\"401d715\" data-element_type=\"widget\" data-e-type=\"widget\" data-widget_type=\"image.default\">\n\t\t\t\t<div class=\"elementor-widget-container\">\n\t\t\t\t\t\t\t\t\t\t\t\t\t\t\t<img loading=\"lazy\" decoding=\"async\" width=\"800\" height=\"800\" src=\"https:\/\/donation2charity.com\/spanish\/wp-content\/uploads\/2023\/07\/cube-together-rubiks-cube4-1024x1024-1.webp\" class=\"attachment-large size-large wp-image-438\" alt=\"Cube Together Charity\" srcset=\"https:\/\/donation2charity.com\/spanish\/wp-content\/uploads\/2023\/07\/cube-together-rubiks-cube4-1024x1024-1.webp 1024w, https:\/\/donation2charity.com\/spanish\/wp-content\/uploads\/2023\/07\/cube-together-rubiks-cube4-1024x1024-1-300x300.webp 300w, https:\/\/donation2charity.com\/spanish\/wp-content\/uploads\/2023\/07\/cube-together-rubiks-cube4-1024x1024-1-150x150.webp 150w, https:\/\/donation2charity.com\/spanish\/wp-content\/uploads\/2023\/07\/cube-together-rubiks-cube4-1024x1024-1-768x768.webp 768w\" sizes=\"(max-width: 800px) 100vw, 800px\" \/>\t\t\t\t\t\t\t\t\t\t\t\t\t\t\t<\/div>\n\t\t\t\t<\/div>\n\t\t\t\t\t<\/div>\n\t\t\t\t<\/div>\n\t\t<div class=\"elementor-element elementor-element-207d59b e-flex e-con-boxed e-con e-child\" data-id=\"207d59b\" data-element_type=\"container\" data-e-type=\"container\">\n\t\t\t\t\t<div class=\"e-con-inner\">\n\t\t\t\t<div class=\"elementor-element elementor-element-046458f elementor-widget elementor-widget-image\" data-id=\"046458f\" data-element_type=\"widget\" data-e-type=\"widget\" data-widget_type=\"image.default\">\n\t\t\t\t<div class=\"elementor-widget-container\">\n\t\t\t\t\t\t\t\t\t\t\t\t\t\t\t<img loading=\"lazy\" decoding=\"async\" width=\"800\" height=\"800\" src=\"https:\/\/donation2charity.com\/spanish\/wp-content\/uploads\/2023\/07\/cube-together-rubiks-cube5.jpg\" class=\"attachment-large size-large wp-image-439\" alt=\"Cube Together Charity\" srcset=\"https:\/\/donation2charity.com\/spanish\/wp-content\/uploads\/2023\/07\/cube-together-rubiks-cube5.jpg 1024w, https:\/\/donation2charity.com\/spanish\/wp-content\/uploads\/2023\/07\/cube-together-rubiks-cube5-300x300.jpg 300w, https:\/\/donation2charity.com\/spanish\/wp-content\/uploads\/2023\/07\/cube-together-rubiks-cube5-150x150.jpg 150w, https:\/\/donation2charity.com\/spanish\/wp-content\/uploads\/2023\/07\/cube-together-rubiks-cube5-768x768.jpg 768w\" sizes=\"(max-width: 800px) 100vw, 800px\" \/>\t\t\t\t\t\t\t\t\t\t\t\t\t\t\t<\/div>\n\t\t\t\t<\/div>\n\t\t\t\t\t<\/div>\n\t\t\t\t<\/div>\n\t\t\t\t\t<\/div>\n\t\t\t\t<\/div>\n\t\t\t\t\t<\/div>\n\t\t\t\t<\/div>\n\t\t<div data-dce-background-color=\"#23A455\" class=\"elementor-element elementor-element-02a38b3 e-flex e-con-boxed e-con e-parent\" data-id=\"02a38b3\" data-element_type=\"container\" data-e-type=\"container\" data-settings=\"{&quot;background_background&quot;:&quot;classic&quot;}\">\n\t\t\t\t\t<div class=\"e-con-inner\">\n\t\t<div class=\"elementor-element elementor-element-9219405 e-con-full e-flex e-con e-child\" data-id=\"9219405\" data-element_type=\"container\" data-e-type=\"container\">\n\t\t\t\t<div class=\"elementor-element elementor-element-2265bd1 elementor-widget elementor-widget-heading\" data-id=\"2265bd1\" data-element_type=\"widget\" data-e-type=\"widget\" data-widget_type=\"heading.default\">\n\t\t\t\t<div class=\"elementor-widget-container\">\n\t\t\t\t\t<h2 class=\"elementor-heading-title elementor-size-default\">Mentes en crecimiento, un cubo de Rubik a la vez.<\/h2>\t\t\t\t<\/div>\n\t\t\t\t<\/div>\n\t\t\t\t<div class=\"elementor-element elementor-element-7f0bc79 elementor-widget elementor-widget-text-editor\" data-id=\"7f0bc79\" data-element_type=\"widget\" data-e-type=\"widget\" data-widget_type=\"text-editor.default\">\n\t\t\t\t<div class=\"elementor-widget-container\">\n\t\t\t\t\t\t\t\t\t<p>Done su autom\u00f3vil, bote o veh\u00edculo recreativo y ay\u00fadenos a continuar brindando Cubos de Rubik gratis a las escuelas, las aulas STEM, los ni\u00f1os y todos los dem\u00e1s que est\u00e9n dispuestos a emprender un nuevo pasatiempo que desaf\u00ede la mente.<\/p>\t\t\t\t\t\t\t\t<\/div>\n\t\t\t\t<\/div>\n\t\t\t\t<\/div>\n\t\t<div class=\"elementor-element elementor-element-82993df e-con-full e-flex e-con e-child\" data-id=\"82993df\" data-element_type=\"container\" data-e-type=\"container\">\n\t\t\t\t<div class=\"elementor-element elementor-element-3faaa17 elementor-widget elementor-widget-image\" data-id=\"3faaa17\" data-element_type=\"widget\" data-e-type=\"widget\" data-widget_type=\"image.default\">\n\t\t\t\t<div class=\"elementor-widget-container\">\n\t\t\t\t\t\t\t\t\t\t\t\t\t\t\t<img loading=\"lazy\" decoding=\"async\" width=\"800\" height=\"800\" src=\"https:\/\/donation2charity.com\/spanish\/wp-content\/uploads\/2023\/07\/cube-together-rubiks-cube2-1024x1024-1.webp\" class=\"attachment-large size-large wp-image-440\" alt=\"Cube Together Charity\" srcset=\"https:\/\/donation2charity.com\/spanish\/wp-content\/uploads\/2023\/07\/cube-together-rubiks-cube2-1024x1024-1.webp 1024w, https:\/\/donation2charity.com\/spanish\/wp-content\/uploads\/2023\/07\/cube-together-rubiks-cube2-1024x1024-1-300x300.webp 300w, https:\/\/donation2charity.com\/spanish\/wp-content\/uploads\/2023\/07\/cube-together-rubiks-cube2-1024x1024-1-150x150.webp 150w, https:\/\/donation2charity.com\/spanish\/wp-content\/uploads\/2023\/07\/cube-together-rubiks-cube2-1024x1024-1-768x768.webp 768w\" sizes=\"(max-width: 800px) 100vw, 800px\" \/>\t\t\t\t\t\t\t\t\t\t\t\t\t\t\t<\/div>\n\t\t\t\t<\/div>\n\t\t\t\t<\/div>\n\t\t\t\t\t<\/div>\n\t\t\t\t<\/div>\n\t\t<div class=\"elementor-element elementor-element-d691997 e-flex e-con-boxed e-con e-parent\" data-id=\"d691997\" data-element_type=\"container\" data-e-type=\"container\">\n\t\t\t\t\t<div class=\"e-con-inner\">\n\t\t\t\t<div class=\"elementor-element elementor-element-43bd7bb elementor-widget-divider--view-line elementor-widget elementor-widget-divider\" data-id=\"43bd7bb\" data-element_type=\"widget\" data-e-type=\"widget\" data-widget_type=\"divider.default\">\n\t\t\t\t<div class=\"elementor-widget-container\">\n\t\t\t\t\t\t\t<div class=\"elementor-divider\">\n\t\t\t<span class=\"elementor-divider-separator\">\n\t\t\t\t\t\t<\/span>\n\t\t<\/div>\n\t\t\t\t\t\t<\/div>\n\t\t\t\t<\/div>\n\t\t\t\t<div class=\"elementor-element elementor-element-f4b457e elementor-widget elementor-widget-text-editor\" data-id=\"f4b457e\" data-element_type=\"widget\" data-e-type=\"widget\" data-widget_type=\"text-editor.default\">\n\t\t\t\t<div class=\"elementor-widget-container\">\n\t\t\t\t\t\t\t\t\t<p>Fuente: Algunas im\u00e1genes, textos y videos son propiedad y derechos de autor de Cube Together.<\/p>\t\t\t\t\t\t\t\t<\/div>\n\t\t\t\t<\/div>\n\t\t\t\t\t<\/div>\n\t\t\t\t<\/div>\n\t\t\t\t<\/div>\n\t\t","protected":false},"excerpt":{"rendered":"<p>Necesitamos Su Ayuda&#8230; Ay\u00fadenos donando su autom\u00f3vil, bote o veh\u00edculo recreativo para que podamos continuar brindando Cubos de Rubik gratis a escuelas, aulas STEM, ni\u00f1os y todos los dem\u00e1s que est\u00e9n dispuestos a emprender un nuevo pasatiempo que desaf\u00ede la mente. Dona tu veh\u00edculo ahora Cube Together Qui\u00e9nes Somos y Qu\u00e9 Hacemos Cube Together est\u00e1 [&hellip;]<\/p>\n","protected":false},"author":1,"featured_media":0,"parent":346,"menu_order":0,"comment_status":"closed","ping_status":"closed","template":"","meta":{"_monsterinsights_skip_tracking":false,"_monsterinsights_sitenote_active":false,"_monsterinsights_sitenote_note":"","_monsterinsights_sitenote_category":0,"footnotes":""},"class_list":["post-433","page","type-page","status-publish","hentry"],"_links":{"self":[{"href":"https:\/\/donation2charity.com\/spanish\/wp-json\/wp\/v2\/pages\/433","targetHints":{"allow":["GET"]}}],"collection":[{"href":"https:\/\/donation2charity.com\/spanish\/wp-json\/wp\/v2\/pages"}],"about":[{"href":"https:\/\/donation2charity.com\/spanish\/wp-json\/wp\/v2\/types\/page"}],"author":[{"embeddable":true,"href":"https:\/\/donation2charity.com\/spanish\/wp-json\/wp\/v2\/users\/1"}],"replies":[{"embeddable":true,"href":"https:\/\/donation2charity.com\/spanish\/wp-json\/wp\/v2\/comments?post=433"}],"version-history":[{"count":46,"href":"https:\/\/donation2charity.com\/spanish\/wp-json\/wp\/v2\/pages\/433\/revisions"}],"predecessor-version":[{"id":2499,"href":"https:\/\/donation2charity.com\/spanish\/wp-json\/wp\/v2\/pages\/433\/revisions\/2499"}],"up":[{"embeddable":true,"href":"https:\/\/donation2charity.com\/spanish\/wp-json\/wp\/v2\/pages\/346"}],"wp:attachment":[{"href":"https:\/\/donation2charity.com\/spanish\/wp-json\/wp\/v2\/media?parent=433"}],"curies":[{"name":"wp","href":"https:\/\/api.w.org\/{rel}","templated":true}]}}