{"id":444,"date":"2023-07-31T12:52:33","date_gmt":"2023-07-31T19:52:33","guid":{"rendered":"https:\/\/donation2charity.com\/newspanish\/?page_id=444"},"modified":"2025-11-18T16:01:19","modified_gmt":"2025-11-19T00:01:19","slug":"find-the-children","status":"publish","type":"page","link":"https:\/\/donation2charity.com\/spanish\/charities\/find-the-children\/","title":{"rendered":"Find the Children"},"content":{"rendered":"<div id=\"playht-iframe-wrapper\" style=\"max-height: 210px !important;\">\n\t<iframe\n\tscrolling=\"no\"\n\tclass=\"playht-iframe-player\"\n\tid=\"playht-iframe-player\"\n\theight=\"90px\"\n\twidth=\"100%\"\n\tframeborder=\"0\"\n\tstyle=\"max-height: 90px; height: 90px !important;\"\n\tsrc=\"https:\/\/play.ht\/embed\/?article_url=https:\/\/donation2charity.com\/spanish\/?p=444&voice=es-MX-DaliaNeural&appId=6UlgvTgrkLe&trans_id=-NxHludF98O1oaXK5Lao\"\n\tdata-voice=\"es-MX-DaliaNeural\"\n\tarticle-url=\"https:\/\/donation2charity.com\/spanish\/?p=444\"\n\tdata-appId=\"6UlgvTgrkLe\"\n\tallowfullscreen=\"\">\n\t<\/iframe>\n<\/div>\n\t\t<div data-elementor-type=\"wp-page\" data-elementor-id=\"444\" class=\"elementor elementor-444\" data-elementor-post-type=\"page\">\n\t\t\t\t<div class=\"elementor-element elementor-element-17a293c e-flex e-con-boxed e-con e-parent\" data-id=\"17a293c\" data-element_type=\"container\" data-e-type=\"container\" data-settings=\"{&quot;shape_divider_top&quot;:&quot;tilt&quot;}\">\n\t\t\t\t\t<div class=\"e-con-inner\">\n\t\t\t\t<div class=\"elementor-shape elementor-shape-top\" aria-hidden=\"true\" data-negative=\"false\">\n\t\t\t<svg xmlns=\"http:\/\/www.w3.org\/2000\/svg\" viewBox=\"0 0 1000 100\" preserveAspectRatio=\"none\">\n\t<path class=\"elementor-shape-fill\" d=\"M0,6V0h1000v100L0,6z\"\/>\n<\/svg>\t\t<\/div>\n\t\t<div class=\"elementor-element elementor-element-45ecab4 e-con-full e-flex elementor-invisible e-con e-child\" data-id=\"45ecab4\" data-element_type=\"container\" data-e-type=\"container\" data-settings=\"{&quot;background_background&quot;:&quot;classic&quot;,&quot;animation&quot;:&quot;slideInLeft&quot;}\">\n\t\t\t\t<div class=\"elementor-element elementor-element-a8eb37f elementor-widget elementor-widget-image\" data-id=\"a8eb37f\" data-element_type=\"widget\" data-e-type=\"widget\" data-widget_type=\"image.default\">\n\t\t\t\t<div class=\"elementor-widget-container\">\n\t\t\t\t\t\t\t\t\t\t\t\t\t\t\t<img decoding=\"async\" width=\"139\" height=\"75\" src=\"https:\/\/donation2charity.com\/spanish\/wp-content\/uploads\/2023\/07\/find-the-children-logo.png\" class=\"attachment-large size-large wp-image-446\" alt=\"Find the Children Charity\" \/>\t\t\t\t\t\t\t\t\t\t\t\t\t\t\t<\/div>\n\t\t\t\t<\/div>\n\t\t\t\t<div data-dce-title-color=\"#FFF809\" class=\"elementor-element elementor-element-009745d elementor-widget elementor-widget-heading\" data-id=\"009745d\" data-element_type=\"widget\" data-e-type=\"widget\" data-widget_type=\"heading.default\">\n\t\t\t\t<div class=\"elementor-widget-container\">\n\t\t\t\t\t<h2 class=\"elementor-heading-title elementor-size-default\">Ayuda a Mantener a Los Ni\u00f1os Seguros<\/h2>\t\t\t\t<\/div>\n\t\t\t\t<\/div>\n\t\t\t\t<div class=\"elementor-element elementor-element-3097033 elementor-widget elementor-widget-heading\" data-id=\"3097033\" data-element_type=\"widget\" data-e-type=\"widget\" data-widget_type=\"heading.default\">\n\t\t\t\t<div class=\"elementor-widget-container\">\n\t\t\t\t\t<h4 class=\"elementor-heading-title elementor-size-default\">Protege el futuro de nuestros hijos.<\/h4>\t\t\t\t<\/div>\n\t\t\t\t<\/div>\n\t\t\t\t<div class=\"elementor-element elementor-element-dd2ccdd elementor-widget elementor-widget-text-editor\" data-id=\"dd2ccdd\" data-element_type=\"widget\" data-e-type=\"widget\" data-widget_type=\"text-editor.default\">\n\t\t\t\t<div class=\"elementor-widget-container\">\n\t\t\t\t\t\t\t\t\t<p>Cada 10 minutos, hay un intento de secuestro de un ni\u00f1o. Tu generosa donaci\u00f3n de un autom\u00f3vil, bote o RV ayuda a encontrar ni\u00f1os desaparecidos y a prevenir el secuestro infantil.<\/p>\t\t\t\t\t\t\t\t<\/div>\n\t\t\t\t<\/div>\n\t\t\t\t<div class=\"elementor-element elementor-element-1d0e57e elementor-widget elementor-widget-heading\" data-id=\"1d0e57e\" data-element_type=\"widget\" data-e-type=\"widget\" data-widget_type=\"heading.default\">\n\t\t\t\t<div class=\"elementor-widget-container\">\n\t\t\t\t\t<h4 class=\"elementor-heading-title elementor-size-default\">Nosotros No Podemos Hacer Esto Sin Su Apoyo.<\/h4>\t\t\t\t<\/div>\n\t\t\t\t<\/div>\n\t\t\t\t<div class=\"elementor-element elementor-element-6756874 elementor-widget elementor-widget-button\" data-id=\"6756874\" data-element_type=\"widget\" data-e-type=\"widget\" data-widget_type=\"button.default\">\n\t\t\t\t<div class=\"elementor-widget-container\">\n\t\t\t\t\t\t\t\t\t<div class=\"elementor-button-wrapper\">\n\t\t\t\t\t<a class=\"elementor-button elementor-button-link elementor-size-sm\" href=\"#elementor-action%3Aaction%3Dpopup%3Aopen%26settings%3DeyJpZCI6IjIxNSIsInRvZ2dsZSI6ZmFsc2V9\">\n\t\t\t\t\t\t<span class=\"elementor-button-content-wrapper\">\n\t\t\t\t\t\t<span class=\"elementor-button-icon\">\n\t\t\t\t<i aria-hidden=\"true\" class=\"fas fa-angle-double-right\"><\/i>\t\t\t<\/span>\n\t\t\t\t\t\t\t\t\t<span class=\"elementor-button-text\">Dona tu veh\u00edculo ahora<\/span>\n\t\t\t\t\t<\/span>\n\t\t\t\t\t<\/a>\n\t\t\t\t<\/div>\n\t\t\t\t\t\t\t\t<\/div>\n\t\t\t\t<\/div>\n\t\t\t\t<\/div>\n\t\t<div class=\"elementor-element elementor-element-c664c97 e-con-full e-flex elementor-invisible e-con e-child\" data-id=\"c664c97\" data-element_type=\"container\" data-e-type=\"container\" data-settings=\"{&quot;animation&quot;:&quot;slideInRight&quot;}\">\n\t\t\t\t<div class=\"elementor-element elementor-element-79b179b elementor-widget elementor-widget-image\" data-id=\"79b179b\" data-element_type=\"widget\" data-e-type=\"widget\" data-widget_type=\"image.default\">\n\t\t\t\t<div class=\"elementor-widget-container\">\n\t\t\t\t\t\t\t\t\t\t\t\t\t\t\t<img fetchpriority=\"high\" decoding=\"async\" width=\"726\" height=\"484\" src=\"https:\/\/donation2charity.com\/spanish\/wp-content\/uploads\/2023\/07\/find-the-children.webp\" class=\"attachment-large size-large wp-image-290\" alt=\"Find the Children\" srcset=\"https:\/\/donation2charity.com\/spanish\/wp-content\/uploads\/2023\/07\/find-the-children.webp 726w, https:\/\/donation2charity.com\/spanish\/wp-content\/uploads\/2023\/07\/find-the-children-300x200.webp 300w\" sizes=\"(max-width: 726px) 100vw, 726px\" \/>\t\t\t\t\t\t\t\t\t\t\t\t\t\t\t<\/div>\n\t\t\t\t<\/div>\n\t\t\t\t<\/div>\n\t\t\t\t\t<\/div>\n\t\t\t\t<\/div>\n\t\t<div class=\"elementor-element elementor-element-2469218 e-flex e-con-boxed e-con e-parent\" data-id=\"2469218\" data-element_type=\"container\" data-e-type=\"container\">\n\t\t\t\t\t<div class=\"e-con-inner\">\n\t\t\t\t<div class=\"elementor-element elementor-element-17c9d67 elementor-widget elementor-widget-heading\" data-id=\"17c9d67\" data-element_type=\"widget\" data-e-type=\"widget\" data-widget_type=\"heading.default\">\n\t\t\t\t<div class=\"elementor-widget-container\">\n\t\t\t\t\t<h1 class=\"elementor-heading-title elementor-size-default\">Find the Children<\/h1>\t\t\t\t<\/div>\n\t\t\t\t<\/div>\n\t\t\t\t\t<\/div>\n\t\t\t\t<\/div>\n\t\t<div data-dce-background-color=\"#FFF809\" class=\"elementor-element elementor-element-8460312 e-flex e-con-boxed e-con e-parent\" data-id=\"8460312\" data-element_type=\"container\" data-e-type=\"container\" data-settings=\"{&quot;background_background&quot;:&quot;classic&quot;}\">\n\t\t\t\t\t<div class=\"e-con-inner\">\n\t\t<div class=\"elementor-element elementor-element-2ac8455 e-con-full e-flex e-con e-child\" data-id=\"2ac8455\" data-element_type=\"container\" data-e-type=\"container\">\n\t\t\t\t<div class=\"elementor-element elementor-element-71a62ac elementor-widget elementor-widget-video\" data-id=\"71a62ac\" data-element_type=\"widget\" data-e-type=\"widget\" data-settings=\"{&quot;youtube_url&quot;:&quot;https:\\\/\\\/www.youtube.com\\\/watch?v=tKqWoWa4c7w&quot;,&quot;video_type&quot;:&quot;youtube&quot;,&quot;controls&quot;:&quot;yes&quot;}\" data-widget_type=\"video.default\">\n\t\t\t\t<div class=\"elementor-widget-container\">\n\t\t\t\t\t\t\t<div class=\"elementor-wrapper elementor-open-inline\">\n\t\t\t<div class=\"elementor-video\"><\/div>\t\t<\/div>\n\t\t\t\t\t\t<\/div>\n\t\t\t\t<\/div>\n\t\t\t\t<\/div>\n\t\t<div class=\"elementor-element elementor-element-7d57498 e-con-full e-flex e-con e-child\" data-id=\"7d57498\" data-element_type=\"container\" data-e-type=\"container\">\n\t\t\t\t<div class=\"elementor-element elementor-element-9c0922e elementor-widget elementor-widget-heading\" data-id=\"9c0922e\" data-element_type=\"widget\" data-e-type=\"widget\" data-widget_type=\"heading.default\">\n\t\t\t\t<div class=\"elementor-widget-container\">\n\t\t\t\t\t<h2 class=\"elementor-heading-title elementor-size-default\">Acerca de Find the Children<\/h2>\t\t\t\t<\/div>\n\t\t\t\t<\/div>\n\t\t\t\t<div class=\"elementor-element elementor-element-ac69ca9 elementor-widget elementor-widget-text-editor\" data-id=\"ac69ca9\" data-element_type=\"widget\" data-e-type=\"widget\" data-widget_type=\"text-editor.default\">\n\t\t\t\t<div class=\"elementor-widget-container\">\n\t\t\t\t\t\t\t\t\t<p>Encontrar a los ni\u00f1os es una organizaci\u00f3n sin fines de lucro dedicada a la b\u00fasqueda de ni\u00f1os desaparecidos.\u00a0Fue fundada en 1983 por la productora de televisi\u00f3n, Linda Otto.\u00a0Linda lanz\u00f3 Find the Children para promover la comunicaci\u00f3n entre la aplicaci\u00f3n de la ley local y federal, los medios de comunicaci\u00f3n, y los padres de los ni\u00f1os secuestrados.<\/p><p>Linda produjo la pel\u00edcula, \u201cAdam\u201d, que se emiti\u00f3 en la televisi\u00f3n en 1983. La pel\u00edcula retrata la historia sobre el secuestro y asesinato de Adam, el hijo de su amigo John Walsh.\u00a0Al final de la pel\u00edcula, fotos de ni\u00f1os desaparecidos se reproducen en la pantalla.\u00a0Como resultado, se encontr\u00f3 que varios de los ni\u00f1os.\u00a0Esta fue la primera vez que se utiliz\u00f3 medios para encontrar ni\u00f1os desaparecidos.<\/p>\t\t\t\t\t\t\t\t<\/div>\n\t\t\t\t<\/div>\n\t\t\t\t<\/div>\n\t\t\t\t\t<\/div>\n\t\t\t\t<\/div>\n\t\t<div class=\"elementor-element elementor-element-d024910 e-flex e-con-boxed e-con e-parent\" data-id=\"d024910\" data-element_type=\"container\" data-e-type=\"container\">\n\t\t\t\t\t<div class=\"e-con-inner\">\n\t\t<div class=\"elementor-element elementor-element-7948c3b e-con-full e-flex e-con e-child\" data-id=\"7948c3b\" data-element_type=\"container\" data-e-type=\"container\">\n\t\t\t\t<div class=\"elementor-element elementor-element-c4df658 elementor-widget elementor-widget-heading\" data-id=\"c4df658\" data-element_type=\"widget\" data-e-type=\"widget\" data-widget_type=\"heading.default\">\n\t\t\t\t<div class=\"elementor-widget-container\">\n\t\t\t\t\t<h2 class=\"elementor-heading-title elementor-size-default\">No Tiene Por Qu\u00e9 llegar a Esto<\/h2>\t\t\t\t<\/div>\n\t\t\t\t<\/div>\n\t\t\t\t<div class=\"elementor-element elementor-element-ec8cd84 elementor-widget elementor-widget-text-editor\" data-id=\"ec8cd84\" data-element_type=\"widget\" data-e-type=\"widget\" data-widget_type=\"text-editor.default\">\n\t\t\t\t<div class=\"elementor-widget-container\">\n\t\t\t\t\t\t\t\t\t<ul>\n \t<li style=\"list-style:disc\">Approximately 800,000 children are reported missing each year<\/li>\n \t<li style=\"list-style:disc\">More than 751,000 children have watched when finding the Children&#8217;s program<\/li>\n \t<li style=\"list-style:disc\">At this time there are 483 open cases of missing children<\/li>\n<\/ul>\t\t\t\t\t\t\t\t<\/div>\n\t\t\t\t<\/div>\n\t\t\t\t<div class=\"elementor-element elementor-element-9d130c2 elementor-widget elementor-widget-text-editor\" data-id=\"9d130c2\" data-element_type=\"widget\" data-e-type=\"widget\" data-widget_type=\"text-editor.default\">\n\t\t\t\t<div class=\"elementor-widget-container\">\n\t\t\t\t\t\t\t\t\t<p><strong>Cada 10 minutos, hay un intento de secuestro de un ni\u00f1o.<\/strong><br \/><strong>La mayor\u00eda de los padres piensan que no les va a pasar.<\/strong><\/p>\t\t\t\t\t\t\t\t<\/div>\n\t\t\t\t<\/div>\n\t\t\t\t<\/div>\n\t\t<div class=\"elementor-element elementor-element-75e45bb e-con-full e-flex e-con e-child\" data-id=\"75e45bb\" data-element_type=\"container\" data-e-type=\"container\">\n\t\t\t\t<div class=\"elementor-element elementor-element-6959a10 elementor-widget elementor-widget-image\" data-id=\"6959a10\" data-element_type=\"widget\" data-e-type=\"widget\" data-widget_type=\"image.default\">\n\t\t\t\t<div class=\"elementor-widget-container\">\n\t\t\t\t\t\t\t\t\t\t\t\t\t\t\t<img decoding=\"async\" width=\"800\" height=\"514\" src=\"https:\/\/donation2charity.com\/spanish\/wp-content\/uploads\/2023\/07\/find-the-children1.jpg\" class=\"attachment-large size-large wp-image-447\" alt=\"Find the Children Charity\" srcset=\"https:\/\/donation2charity.com\/spanish\/wp-content\/uploads\/2023\/07\/find-the-children1.jpg 800w, https:\/\/donation2charity.com\/spanish\/wp-content\/uploads\/2023\/07\/find-the-children1-300x193.jpg 300w, https:\/\/donation2charity.com\/spanish\/wp-content\/uploads\/2023\/07\/find-the-children1-768x493.jpg 768w\" sizes=\"(max-width: 800px) 100vw, 800px\" \/>\t\t\t\t\t\t\t\t\t\t\t\t\t\t\t<\/div>\n\t\t\t\t<\/div>\n\t\t\t\t<\/div>\n\t\t\t\t\t<\/div>\n\t\t\t\t<\/div>\n\t\t<div data-dce-background-color=\"#FFF809\" class=\"elementor-element elementor-element-b5c12a3 e-flex e-con-boxed e-con e-parent\" data-id=\"b5c12a3\" data-element_type=\"container\" data-e-type=\"container\" data-settings=\"{&quot;background_background&quot;:&quot;classic&quot;}\">\n\t\t\t\t\t<div class=\"e-con-inner\">\n\t\t<div class=\"elementor-element elementor-element-ef890ac e-con-full e-flex e-con e-child\" data-id=\"ef890ac\" data-element_type=\"container\" data-e-type=\"container\">\n\t\t\t\t<div class=\"elementor-element elementor-element-dea7740 elementor-widget elementor-widget-image\" data-id=\"dea7740\" data-element_type=\"widget\" data-e-type=\"widget\" data-widget_type=\"image.default\">\n\t\t\t\t<div class=\"elementor-widget-container\">\n\t\t\t\t\t\t\t\t\t\t\t\t\t\t\t<img loading=\"lazy\" decoding=\"async\" width=\"800\" height=\"420\" src=\"https:\/\/donation2charity.com\/spanish\/wp-content\/uploads\/2025\/05\/ftc-blog-5-1024x538.webp\" class=\"attachment-large size-large wp-image-2930\" alt=\"Find the Children\" srcset=\"https:\/\/donation2charity.com\/spanish\/wp-content\/uploads\/2025\/05\/ftc-blog-5-1024x538.webp 1024w, https:\/\/donation2charity.com\/spanish\/wp-content\/uploads\/2025\/05\/ftc-blog-5-300x158.webp 300w, https:\/\/donation2charity.com\/spanish\/wp-content\/uploads\/2025\/05\/ftc-blog-5-768x403.webp 768w, https:\/\/donation2charity.com\/spanish\/wp-content\/uploads\/2025\/05\/ftc-blog-5.webp 1200w\" sizes=\"(max-width: 800px) 100vw, 800px\" \/>\t\t\t\t\t\t\t\t\t\t\t\t\t\t\t<\/div>\n\t\t\t\t<\/div>\n\t\t\t\t<\/div>\n\t\t<div class=\"elementor-element elementor-element-4fc94a8 e-con-full e-flex e-con e-child\" data-id=\"4fc94a8\" data-element_type=\"container\" data-e-type=\"container\">\n\t\t\t\t<div class=\"elementor-element elementor-element-733279b elementor-widget elementor-widget-heading\" data-id=\"733279b\" data-element_type=\"widget\" data-e-type=\"widget\" data-widget_type=\"heading.default\">\n\t\t\t\t<div class=\"elementor-widget-container\">\n\t\t\t\t\t<h2 class=\"elementor-heading-title elementor-size-default\">1 Mill\u00f3n de Ni\u00f1os Educado<\/h2>\t\t\t\t<\/div>\n\t\t\t\t<\/div>\n\t\t\t\t<div class=\"elementor-element elementor-element-b513171 elementor-widget elementor-widget-text-editor\" data-id=\"b513171\" data-element_type=\"widget\" data-e-type=\"widget\" data-widget_type=\"text-editor.default\">\n\t\t\t\t<div class=\"elementor-widget-container\">\n\t\t\t\t\t\t\t\t\t<p>Desde 1998, Find The Children ha proporcionado programas de seguridad a los estudiantes en las escuelas de todo el condado de Los \u00c1ngeles.<\/p><p>Find the Children es la \u00fanica organizaci\u00f3n en el pa\u00eds que ofrece extra\u00f1o libre y programas de seguridad en l\u00ednea que proporcionan valiosas lecciones de seguridad para ni\u00f1os en edad preescolar, primaria y secundaria.<\/p><p>Nuestras presentaciones apropiadas para la edad se llevan a cabo en aulas de nivel de grado por los oradores de Find The Children, que est\u00e1n altamente capacitados y tienen mucha experiencia con ni\u00f1os de todas las edades. Nuestros programas ense\u00f1an a los ni\u00f1os a reconocer situaciones potencialmente peligrosas y saber c\u00f3mo mantenerse a salvo cuando un adulto no est\u00e1 presente.<\/p>\t\t\t\t\t\t\t\t<\/div>\n\t\t\t\t<\/div>\n\t\t\t\t<\/div>\n\t\t\t\t\t<\/div>\n\t\t\t\t<\/div>\n\t\t<div class=\"elementor-element elementor-element-1186a9f e-flex e-con-boxed e-con e-parent\" data-id=\"1186a9f\" data-element_type=\"container\" data-e-type=\"container\">\n\t\t\t\t\t<div class=\"e-con-inner\">\n\t\t<div class=\"elementor-element elementor-element-0f9a3cb e-con-full e-flex e-con e-child\" data-id=\"0f9a3cb\" data-element_type=\"container\" data-e-type=\"container\">\n\t\t\t\t<div class=\"elementor-element elementor-element-d2ddef9 elementor-widget elementor-widget-image\" data-id=\"d2ddef9\" data-element_type=\"widget\" data-e-type=\"widget\" data-widget_type=\"image.default\">\n\t\t\t\t<div class=\"elementor-widget-container\">\n\t\t\t\t\t\t\t\t\t\t\t\t\t\t\t<img loading=\"lazy\" decoding=\"async\" width=\"600\" height=\"427\" src=\"https:\/\/donation2charity.com\/spanish\/wp-content\/uploads\/2023\/07\/find-the-children3.jpg\" class=\"attachment-large size-large wp-image-449\" alt=\"Find the Children Charity\" srcset=\"https:\/\/donation2charity.com\/spanish\/wp-content\/uploads\/2023\/07\/find-the-children3.jpg 600w, https:\/\/donation2charity.com\/spanish\/wp-content\/uploads\/2023\/07\/find-the-children3-300x214.jpg 300w\" sizes=\"(max-width: 600px) 100vw, 600px\" \/>\t\t\t\t\t\t\t\t\t\t\t\t\t\t\t<\/div>\n\t\t\t\t<\/div>\n\t\t\t\t<\/div>\n\t\t<div class=\"elementor-element elementor-element-864fe2b e-con-full e-flex e-con e-child\" data-id=\"864fe2b\" data-element_type=\"container\" data-e-type=\"container\">\n\t\t\t\t<div class=\"elementor-element elementor-element-57eda00 elementor-widget elementor-widget-heading\" data-id=\"57eda00\" data-element_type=\"widget\" data-e-type=\"widget\" data-widget_type=\"heading.default\">\n\t\t\t\t<div class=\"elementor-widget-container\">\n\t\t\t\t\t<h2 class=\"elementor-heading-title elementor-size-default\">Grupo de Trabajo de Recuperaci\u00f3n<\/h2>\t\t\t\t<\/div>\n\t\t\t\t<\/div>\n\t\t\t\t<div class=\"elementor-element elementor-element-4d64db3 elementor-widget elementor-widget-text-editor\" data-id=\"4d64db3\" data-element_type=\"widget\" data-e-type=\"widget\" data-widget_type=\"text-editor.default\">\n\t\t\t\t<div class=\"elementor-widget-container\">\n\t\t\t\t\t\t\t\t\t<p class=\"has-text-align-left\">Desde hace m\u00e1s de 30 a\u00f1os, Find The Children ha ayudado a los ni\u00f1os reunirse con sus familias.<\/p><p>Find The Children es el organismo coordinador del Child Abduction Task Force, que es un equipo multi-agencia, patrocinado por el Inter-Agency Council for Child Abuse and Neglect (ICAN). Las agencias participantes incluyen: the Los \u00c1ngeles County Sheriff\u2019s Office, the Los \u00c1ngeles Police Department, FBI, Los \u00c1ngeles County Department of Children and Family Services, Los \u00c1ngeles County District Attorney\u2019s Office (Child Abduction Unit), y las agencias de salud mental varias comunidades. El Child Abduction Task Force sobre sustracci\u00f3n de menores atiende a ni\u00f1os del condado de Los \u00c1ngeles cuando se recuperan de un no familiar o el secuestro de los padres. El objetivo del grupo de trabajo es reducir el trauma a los ni\u00f1os v\u00edctimas y sus familias, haciendo referencia a un terapeuta que est\u00e1 altamente capacitado en el proceso de recuperaci\u00f3n del ni\u00f1o y la reunificaci\u00f3n.<\/p>\t\t\t\t\t\t\t\t<\/div>\n\t\t\t\t<\/div>\n\t\t\t\t<\/div>\n\t\t\t\t\t<\/div>\n\t\t\t\t<\/div>\n\t\t<div data-dce-background-color=\"#FFF809\" class=\"elementor-element elementor-element-efb5d41 e-flex e-con-boxed e-con e-parent\" data-id=\"efb5d41\" data-element_type=\"container\" data-e-type=\"container\" data-settings=\"{&quot;background_background&quot;:&quot;classic&quot;}\">\n\t\t\t\t\t<div class=\"e-con-inner\">\n\t\t\t\t<div class=\"elementor-element elementor-element-eadd335 elementor-widget elementor-widget-heading\" data-id=\"eadd335\" data-element_type=\"widget\" data-e-type=\"widget\" data-widget_type=\"heading.default\">\n\t\t\t\t<div class=\"elementor-widget-container\">\n\t\t\t\t\t<h2 class=\"elementor-heading-title elementor-size-default\">Anuncio de Servicio P\u00fablico de Find the Children<\/h2>\t\t\t\t<\/div>\n\t\t\t\t<\/div>\n\t\t\t\t<div class=\"elementor-element elementor-element-5cfd090 elementor-widget elementor-widget-video\" data-id=\"5cfd090\" data-element_type=\"widget\" data-e-type=\"widget\" data-settings=\"{&quot;youtube_url&quot;:&quot;https:\\\/\\\/www.youtube.com\\\/watch?v=S3S3PKfrjEI&quot;,&quot;yt_privacy&quot;:&quot;yes&quot;,&quot;lazy_load&quot;:&quot;yes&quot;,&quot;video_type&quot;:&quot;youtube&quot;,&quot;controls&quot;:&quot;yes&quot;}\" data-widget_type=\"video.default\">\n\t\t\t\t<div class=\"elementor-widget-container\">\n\t\t\t\t\t\t\t<div class=\"elementor-wrapper elementor-open-inline\">\n\t\t\t<div class=\"elementor-video\"><\/div>\t\t<\/div>\n\t\t\t\t\t\t<\/div>\n\t\t\t\t<\/div>\n\t\t\t\t\t<\/div>\n\t\t\t\t<\/div>\n\t\t<div class=\"elementor-element elementor-element-138d42f e-flex e-con-boxed e-con e-parent\" data-id=\"138d42f\" data-element_type=\"container\" data-e-type=\"container\">\n\t\t\t\t\t<div class=\"e-con-inner\">\n\t\t\t\t<div class=\"elementor-element elementor-element-ac93c0f elementor-widget elementor-widget-heading\" data-id=\"ac93c0f\" data-element_type=\"widget\" data-e-type=\"widget\" data-widget_type=\"heading.default\">\n\t\t\t\t<div class=\"elementor-widget-container\">\n\t\t\t\t\t<h2 class=\"elementor-heading-title elementor-size-default\">Puedes Ayudar<\/h2>\t\t\t\t<\/div>\n\t\t\t\t<\/div>\n\t\t\t\t<div class=\"elementor-element elementor-element-82b64b8 elementor-widget elementor-widget-text-editor\" data-id=\"82b64b8\" data-element_type=\"widget\" data-e-type=\"widget\" data-widget_type=\"text-editor.default\">\n\t\t\t\t<div class=\"elementor-widget-container\">\n\t\t\t\t\t\t\t\t\t<p><strong>Donar su coche, barco de RV (en ejecuci\u00f3n o no). Puede ayudar a proteger el futuro de los ni\u00f1os mediante el apoyo a Find the Children. No podemos hacerlo sin ti.<\/strong><\/p>\t\t\t\t\t\t\t\t<\/div>\n\t\t\t\t<\/div>\n\t\t\t\t<div class=\"elementor-element elementor-element-b2b106d elementor-widget elementor-widget-image\" data-id=\"b2b106d\" data-element_type=\"widget\" data-e-type=\"widget\" data-widget_type=\"image.default\">\n\t\t\t\t<div class=\"elementor-widget-container\">\n\t\t\t\t\t\t\t\t\t\t\t\t\t\t\t<img loading=\"lazy\" decoding=\"async\" width=\"1200\" height=\"196\" src=\"https:\/\/donation2charity.com\/spanish\/wp-content\/uploads\/2023\/07\/find-the-children4.jpg\" class=\"attachment-full size-full wp-image-450\" alt=\"Find the Children Charity\" srcset=\"https:\/\/donation2charity.com\/spanish\/wp-content\/uploads\/2023\/07\/find-the-children4.jpg 1200w, https:\/\/donation2charity.com\/spanish\/wp-content\/uploads\/2023\/07\/find-the-children4-300x49.jpg 300w, https:\/\/donation2charity.com\/spanish\/wp-content\/uploads\/2023\/07\/find-the-children4-1024x167.jpg 1024w, https:\/\/donation2charity.com\/spanish\/wp-content\/uploads\/2023\/07\/find-the-children4-768x125.jpg 768w\" sizes=\"(max-width: 1200px) 100vw, 1200px\" \/>\t\t\t\t\t\t\t\t\t\t\t\t\t\t\t<\/div>\n\t\t\t\t<\/div>\n\t\t\t\t<div class=\"elementor-element elementor-element-86a82a7 elementor-widget-divider--view-line elementor-widget elementor-widget-divider\" data-id=\"86a82a7\" data-element_type=\"widget\" data-e-type=\"widget\" data-widget_type=\"divider.default\">\n\t\t\t\t<div class=\"elementor-widget-container\">\n\t\t\t\t\t\t\t<div class=\"elementor-divider\">\n\t\t\t<span class=\"elementor-divider-separator\">\n\t\t\t\t\t\t<\/span>\n\t\t<\/div>\n\t\t\t\t\t\t<\/div>\n\t\t\t\t<\/div>\n\t\t\t\t<div class=\"elementor-element elementor-element-5759a58 elementor-widget elementor-widget-text-editor\" data-id=\"5759a58\" data-element_type=\"widget\" data-e-type=\"widget\" data-widget_type=\"text-editor.default\">\n\t\t\t\t<div class=\"elementor-widget-container\">\n\t\t\t\t\t\t\t\t\t<p>Fuente: Algunas im\u00e1genes, texto y v\u00eddeos son propiedad y derechos de autor de Find the Children y Adam.<\/p>\t\t\t\t\t\t\t\t<\/div>\n\t\t\t\t<\/div>\n\t\t\t\t\t<\/div>\n\t\t\t\t<\/div>\n\t\t\t\t<\/div>\n\t\t","protected":false},"excerpt":{"rendered":"<p>Ayuda a Mantener a Los Ni\u00f1os Seguros Protege el futuro de nuestros hijos. Cada 10 minutos, hay un intento de secuestro de un ni\u00f1o. Tu generosa donaci\u00f3n de un autom\u00f3vil, bote o RV ayuda a encontrar ni\u00f1os desaparecidos y a prevenir el secuestro infantil. Nosotros No Podemos Hacer Esto Sin Su Apoyo. Dona tu veh\u00edculo [&hellip;]<\/p>\n","protected":false},"author":1,"featured_media":0,"parent":346,"menu_order":0,"comment_status":"closed","ping_status":"closed","template":"","meta":{"_monsterinsights_skip_tracking":false,"_monsterinsights_sitenote_active":false,"_monsterinsights_sitenote_note":"","_monsterinsights_sitenote_category":0,"footnotes":""},"class_list":["post-444","page","type-page","status-publish","hentry"],"_links":{"self":[{"href":"https:\/\/donation2charity.com\/spanish\/wp-json\/wp\/v2\/pages\/444","targetHints":{"allow":["GET"]}}],"collection":[{"href":"https:\/\/donation2charity.com\/spanish\/wp-json\/wp\/v2\/pages"}],"about":[{"href":"https:\/\/donation2charity.com\/spanish\/wp-json\/wp\/v2\/types\/page"}],"author":[{"embeddable":true,"href":"https:\/\/donation2charity.com\/spanish\/wp-json\/wp\/v2\/users\/1"}],"replies":[{"embeddable":true,"href":"https:\/\/donation2charity.com\/spanish\/wp-json\/wp\/v2\/comments?post=444"}],"version-history":[{"count":19,"href":"https:\/\/donation2charity.com\/spanish\/wp-json\/wp\/v2\/pages\/444\/revisions"}],"predecessor-version":[{"id":3006,"href":"https:\/\/donation2charity.com\/spanish\/wp-json\/wp\/v2\/pages\/444\/revisions\/3006"}],"up":[{"embeddable":true,"href":"https:\/\/donation2charity.com\/spanish\/wp-json\/wp\/v2\/pages\/346"}],"wp:attachment":[{"href":"https:\/\/donation2charity.com\/spanish\/wp-json\/wp\/v2\/media?parent=444"}],"curies":[{"name":"wp","href":"https:\/\/api.w.org\/{rel}","templated":true}]}}