{"id":459,"date":"2023-07-31T13:09:53","date_gmt":"2023-07-31T20:09:53","guid":{"rendered":"https:\/\/donation2charity.com\/newspanish\/?page_id=459"},"modified":"2024-05-07T04:25:04","modified_gmt":"2024-05-07T11:25:04","slug":"hollywood-food-coalition","status":"publish","type":"page","link":"https:\/\/donation2charity.com\/spanish\/charities\/hollywood-food-coalition\/","title":{"rendered":"Hollywood Food Coalition"},"content":{"rendered":"<div id=\"playht-iframe-wrapper\" style=\"max-height: 210px !important;\">\n\t<iframe\n\tscrolling=\"no\"\n\tclass=\"playht-iframe-player\"\n\tid=\"playht-iframe-player\"\n\theight=\"90px\"\n\twidth=\"100%\"\n\tframeborder=\"0\"\n\tstyle=\"max-height: 90px; height: 90px !important;\"\n\tsrc=\"https:\/\/play.ht\/embed\/?article_url=https:\/\/donation2charity.com\/spanish\/?p=459&voice=es-MX-DaliaNeural&appId=6UlgvTgrkLe&trans_id=-NxHn7-BU5JQTKyEL-Vk\"\n\tdata-voice=\"es-MX-DaliaNeural\"\n\tarticle-url=\"https:\/\/donation2charity.com\/spanish\/?p=459\"\n\tdata-appId=\"6UlgvTgrkLe\"\n\tallowfullscreen=\"\">\n\t<\/iframe>\n<\/div>\n\t\t<div data-elementor-type=\"wp-page\" data-elementor-id=\"459\" class=\"elementor elementor-459\" data-elementor-post-type=\"page\">\n\t\t\t\t<div class=\"elementor-element elementor-element-ab6e957 e-flex e-con-boxed e-con e-parent\" data-id=\"ab6e957\" data-element_type=\"container\" data-e-type=\"container\" data-settings=\"{&quot;shape_divider_top&quot;:&quot;tilt&quot;}\">\n\t\t\t\t\t<div class=\"e-con-inner\">\n\t\t\t\t<div class=\"elementor-shape elementor-shape-top\" aria-hidden=\"true\" data-negative=\"false\">\n\t\t\t<svg xmlns=\"http:\/\/www.w3.org\/2000\/svg\" viewBox=\"0 0 1000 100\" preserveAspectRatio=\"none\">\n\t<path class=\"elementor-shape-fill\" d=\"M0,6V0h1000v100L0,6z\"\/>\n<\/svg>\t\t<\/div>\n\t\t<div class=\"elementor-element elementor-element-cda0805 e-con-full e-flex elementor-invisible e-con e-parent\" data-id=\"cda0805\" data-element_type=\"container\" data-e-type=\"container\" data-settings=\"{&quot;background_background&quot;:&quot;classic&quot;,&quot;animation&quot;:&quot;slideInLeft&quot;}\">\n\t\t\t\t<div class=\"elementor-element elementor-element-d52b6b6 elementor-widget elementor-widget-image\" data-id=\"d52b6b6\" data-element_type=\"widget\" data-e-type=\"widget\" data-widget_type=\"image.default\">\n\t\t\t\t<div class=\"elementor-widget-container\">\n\t\t\t\t\t\t\t\t\t\t\t\t\t\t\t<img decoding=\"async\" width=\"120\" height=\"120\" src=\"https:\/\/donation2charity.com\/spanish\/wp-content\/uploads\/2023\/07\/hfc-logo-square.jpg\" class=\"attachment-large size-large wp-image-196\" alt=\"Hollywood Food Coalition Charity\" \/>\t\t\t\t\t\t\t\t\t\t\t\t\t\t\t<\/div>\n\t\t\t\t<\/div>\n\t\t\t\t<div data-dce-title-color=\"#D04272\" class=\"elementor-element elementor-element-917df31 elementor-widget elementor-widget-heading\" data-id=\"917df31\" data-element_type=\"widget\" data-e-type=\"widget\" data-widget_type=\"heading.default\">\n\t\t\t\t<div class=\"elementor-widget-container\">\n\t\t\t\t\t<h2 class=\"elementor-heading-title elementor-size-default\">Dependemos 100% de Donaciones<\/h2>\t\t\t\t<\/div>\n\t\t\t\t<\/div>\n\t\t\t\t<div class=\"elementor-element elementor-element-8e08c39 elementor-widget elementor-widget-heading\" data-id=\"8e08c39\" data-element_type=\"widget\" data-e-type=\"widget\" data-widget_type=\"heading.default\">\n\t\t\t\t<div class=\"elementor-widget-container\">\n\t\t\t\t\t<h4 class=\"elementor-heading-title elementor-size-default\">Sirviendo a las personas sin hogar y hambrientos desde 1987.<\/h4>\t\t\t\t<\/div>\n\t\t\t\t<\/div>\n\t\t\t\t<div class=\"elementor-element elementor-element-bffa0d4 elementor-widget elementor-widget-text-editor\" data-id=\"bffa0d4\" data-element_type=\"widget\" data-e-type=\"widget\" data-widget_type=\"text-editor.default\">\n\t\t\t\t<div class=\"elementor-widget-container\">\n\t\t\t\t\t\t\t\t\t<p>Todas las noches a partir de 1987, la Coalici\u00f3n de Alimentos Hollywood ha servido una comida caliente a los necesitados. Su generosa donaci\u00f3n de un coche, barco o veh\u00edculo recreativo (en ejecuci\u00f3n o no) se alimentan de las personas sin hogar y los menos afortunados, por favor done.<\/p>\t\t\t\t\t\t\t\t<\/div>\n\t\t\t\t<\/div>\n\t\t\t\t<div class=\"elementor-element elementor-element-5aff9cd elementor-widget elementor-widget-heading\" data-id=\"5aff9cd\" data-element_type=\"widget\" data-e-type=\"widget\" data-widget_type=\"heading.default\">\n\t\t\t\t<div class=\"elementor-widget-container\">\n\t\t\t\t\t<h4 class=\"elementor-heading-title elementor-size-default\">Podemos cambiar todo juntos.<\/h4>\t\t\t\t<\/div>\n\t\t\t\t<\/div>\n\t\t\t\t<div class=\"elementor-element elementor-element-85aca8c elementor-widget elementor-widget-button\" data-id=\"85aca8c\" data-element_type=\"widget\" data-e-type=\"widget\" data-widget_type=\"button.default\">\n\t\t\t\t<div class=\"elementor-widget-container\">\n\t\t\t\t\t\t\t\t\t<div class=\"elementor-button-wrapper\">\n\t\t\t\t\t<a class=\"elementor-button elementor-button-link elementor-size-sm\" href=\"#elementor-action%3Aaction%3Dpopup%3Aopen%26settings%3DeyJpZCI6IjIyMCIsInRvZ2dsZSI6ZmFsc2V9\">\n\t\t\t\t\t\t<span class=\"elementor-button-content-wrapper\">\n\t\t\t\t\t\t<span class=\"elementor-button-icon\">\n\t\t\t\t<i aria-hidden=\"true\" class=\"fas fa-angle-double-right\"><\/i>\t\t\t<\/span>\n\t\t\t\t\t\t\t\t\t<span class=\"elementor-button-text\">Dona tu veh\u00edculo ahora<\/span>\n\t\t\t\t\t<\/span>\n\t\t\t\t\t<\/a>\n\t\t\t\t<\/div>\n\t\t\t\t\t\t\t\t<\/div>\n\t\t\t\t<\/div>\n\t\t\t\t<\/div>\n\t\t<div class=\"elementor-element elementor-element-e6c7287 e-con-full e-flex elementor-invisible e-con e-parent\" data-id=\"e6c7287\" data-element_type=\"container\" data-e-type=\"container\" data-settings=\"{&quot;animation&quot;:&quot;slideInRight&quot;}\">\n\t\t\t\t<div class=\"elementor-element elementor-element-ae6b239 elementor-widget elementor-widget-image\" data-id=\"ae6b239\" data-element_type=\"widget\" data-e-type=\"widget\" data-widget_type=\"image.default\">\n\t\t\t\t<div class=\"elementor-widget-container\">\n\t\t\t\t\t\t\t\t\t\t\t\t\t\t\t<img fetchpriority=\"high\" decoding=\"async\" width=\"800\" height=\"533\" src=\"https:\/\/donation2charity.com\/spanish\/wp-content\/uploads\/2023\/07\/hollywood-food-coalition-1.webp\" class=\"attachment-large size-large wp-image-291\" alt=\"Hollywood Food Coalition Charity\" srcset=\"https:\/\/donation2charity.com\/spanish\/wp-content\/uploads\/2023\/07\/hollywood-food-coalition-1.webp 960w, https:\/\/donation2charity.com\/spanish\/wp-content\/uploads\/2023\/07\/hollywood-food-coalition-1-300x200.webp 300w, https:\/\/donation2charity.com\/spanish\/wp-content\/uploads\/2023\/07\/hollywood-food-coalition-1-768x512.webp 768w\" sizes=\"(max-width: 800px) 100vw, 800px\" \/>\t\t\t\t\t\t\t\t\t\t\t\t\t\t\t<\/div>\n\t\t\t\t<\/div>\n\t\t\t\t<\/div>\n\t\t\t\t\t<\/div>\n\t\t\t\t<\/div>\n\t\t<div class=\"elementor-element elementor-element-1a48765 e-flex e-con-boxed e-con e-parent\" data-id=\"1a48765\" data-element_type=\"container\" data-e-type=\"container\">\n\t\t\t\t\t<div class=\"e-con-inner\">\n\t\t\t\t<div class=\"elementor-element elementor-element-3de2869 elementor-widget elementor-widget-heading\" data-id=\"3de2869\" data-element_type=\"widget\" data-e-type=\"widget\" data-widget_type=\"heading.default\">\n\t\t\t\t<div class=\"elementor-widget-container\">\n\t\t\t\t\t<h1 class=\"elementor-heading-title elementor-size-default\">Hollywood Food Coalition<\/h1>\t\t\t\t<\/div>\n\t\t\t\t<\/div>\n\t\t\t\t\t<\/div>\n\t\t\t\t<\/div>\n\t\t<div data-dce-background-color=\"#D04272\" class=\"elementor-element elementor-element-053eb27 e-flex e-con-boxed e-con e-parent\" data-id=\"053eb27\" data-element_type=\"container\" data-e-type=\"container\" data-settings=\"{&quot;background_background&quot;:&quot;classic&quot;}\">\n\t\t\t\t\t<div class=\"e-con-inner\">\n\t\t<div class=\"elementor-element elementor-element-608552d e-con-full e-flex e-con e-parent\" data-id=\"608552d\" data-element_type=\"container\" data-e-type=\"container\">\n\t\t\t\t<div class=\"elementor-element elementor-element-d163416 elementor-widget elementor-widget-image\" data-id=\"d163416\" data-element_type=\"widget\" data-e-type=\"widget\" data-widget_type=\"image.default\">\n\t\t\t\t<div class=\"elementor-widget-container\">\n\t\t\t\t\t\t\t\t\t\t\t\t\t\t\t<img decoding=\"async\" width=\"520\" height=\"433\" src=\"https:\/\/donation2charity.com\/spanish\/wp-content\/uploads\/2023\/07\/hollywood-food-coalition2.jpg\" class=\"attachment-large size-large wp-image-461\" alt=\"Hollywood Food Coalition Charity\" srcset=\"https:\/\/donation2charity.com\/spanish\/wp-content\/uploads\/2023\/07\/hollywood-food-coalition2.jpg 520w, https:\/\/donation2charity.com\/spanish\/wp-content\/uploads\/2023\/07\/hollywood-food-coalition2-300x250.jpg 300w\" sizes=\"(max-width: 520px) 100vw, 520px\" \/>\t\t\t\t\t\t\t\t\t\t\t\t\t\t\t<\/div>\n\t\t\t\t<\/div>\n\t\t\t\t<\/div>\n\t\t<div class=\"elementor-element elementor-element-3223470 e-con-full e-flex e-con e-parent\" data-id=\"3223470\" data-element_type=\"container\" data-e-type=\"container\">\n\t\t\t\t<div class=\"elementor-element elementor-element-9fb7f0f elementor-widget elementor-widget-heading\" data-id=\"9fb7f0f\" data-element_type=\"widget\" data-e-type=\"widget\" data-widget_type=\"heading.default\">\n\t\t\t\t<div class=\"elementor-widget-container\">\n\t\t\t\t\t<h2 class=\"elementor-heading-title elementor-size-default\">Misi\u00f3n<\/h2>\t\t\t\t<\/div>\n\t\t\t\t<\/div>\n\t\t\t\t<div class=\"elementor-element elementor-element-f71d10b elementor-widget elementor-widget-text-editor\" data-id=\"f71d10b\" data-element_type=\"widget\" data-e-type=\"widget\" data-widget_type=\"text-editor.default\">\n\t\t\t\t<div class=\"elementor-widget-container\">\n\t\t\t\t\t\t\t\t\t<p>Hollywood Food Coalition ha estado al servicio de las personas sin hogar y el hambre todos los d\u00edas desde 1987. Su misi\u00f3n es ponerse en contacto e interactuar con los ciudadanos pobres y sin hogar en ayudarles a adquirir fuerza y \u200b\u200bconfianza.\u00a0El objetivo es ayudar a estas personas a volver a entrar en la sociedad a la medida de sus posibilidades.<\/p><p>Esto se logra a trav\u00e9s de su programa nocturno de compromiso de comidas, que funciona los 7 d\u00edas a la semana, los 365 d\u00edas del a\u00f1o. El HFC proporciona, cenas calientes y nutritivas y la oportunidad para nuestros clientes a los servicios de manejo de casos de acceso para ayudar en la prestaci\u00f3n de ayuda con las necesidades b\u00e1sicas diarias, tales como ropa, mochilas, sacos de dormir y art\u00edculos de higiene, as\u00ed como la asistencia con la colocaci\u00f3n de la vivienda y referencias.<\/p>\t\t\t\t\t\t\t\t<\/div>\n\t\t\t\t<\/div>\n\t\t\t\t<\/div>\n\t\t\t\t\t<\/div>\n\t\t\t\t<\/div>\n\t\t<div class=\"elementor-element elementor-element-6392bfe e-flex e-con-boxed e-con e-parent\" data-id=\"6392bfe\" data-element_type=\"container\" data-e-type=\"container\">\n\t\t\t\t\t<div class=\"e-con-inner\">\n\t\t<div class=\"elementor-element elementor-element-3dc429e e-con-full e-flex e-con e-parent\" data-id=\"3dc429e\" data-element_type=\"container\" data-e-type=\"container\">\n\t\t\t\t<div class=\"elementor-element elementor-element-9d25eab elementor-widget elementor-widget-heading\" data-id=\"9d25eab\" data-element_type=\"widget\" data-e-type=\"widget\" data-widget_type=\"heading.default\">\n\t\t\t\t<div class=\"elementor-widget-container\">\n\t\t\t\t\t<h3 class=\"elementor-heading-title elementor-size-default\">83% de Personas Sin Hogar Come Un Alimento o Menos Por D\u00eda<\/h3>\t\t\t\t<\/div>\n\t\t\t\t<\/div>\n\t\t\t\t<div class=\"elementor-element elementor-element-31a2e4b elementor-blockquote--skin-border elementor-widget elementor-widget-blockquote\" data-id=\"31a2e4b\" data-element_type=\"widget\" data-e-type=\"widget\" data-widget_type=\"blockquote.default\">\n\t\t\t\t<div class=\"elementor-widget-container\">\n\t\t\t\t\t\t\t<blockquote class=\"elementor-blockquote\">\n\t\t\t<p class=\"elementor-blockquote__content\">\n\t\t\t\t\u201cSi usted quiere levantarse a si mismo, levanta otra persona.\u201d\t\t\t<\/p>\n\t\t\t\t\t\t\t<div class=\"e-q-footer\">\n\t\t\t\t\t\t\t\t\t\t\t<cite class=\"elementor-blockquote__author\">- Booker T. Washington<\/cite>\n\t\t\t\t\t\t\t\t\t\t\t\t\t\t<\/div>\n\t\t\t\t\t<\/blockquote>\n\t\t\t\t\t\t<\/div>\n\t\t\t\t<\/div>\n\t\t\t\t<\/div>\n\t\t<div class=\"elementor-element elementor-element-34d4e9e e-con-full e-flex e-con e-parent\" data-id=\"34d4e9e\" data-element_type=\"container\" data-e-type=\"container\">\n\t\t\t\t<div class=\"elementor-element elementor-element-e0adb6e elementor-widget elementor-widget-html\" data-id=\"e0adb6e\" data-element_type=\"widget\" data-e-type=\"widget\" data-widget_type=\"html.default\">\n\t\t\t\t<div class=\"elementor-widget-container\">\n\t\t\t\t\t<iframe src=\"https:\/\/www.facebook.com\/plugins\/video.php?href=https%3A%2F%2Fwww.facebook.com%2FHoFoCo%2Fvideos%2F374142323158882%2F%3Fref%3Dembed_video&show_text=0&width=560\" width=\"560\" height=\"315\" style=\"border:none;overflow:hidden\" scrolling=\"no\" frameborder=\"0\" allowfullscreen=\"true\" allow=\"autoplay; clipboard-write; encrypted-media; picture-in-picture; web-share\" allowFullScreen=\"true\"><\/iframe>\t\t\t\t<\/div>\n\t\t\t\t<\/div>\n\t\t\t\t<\/div>\n\t\t\t\t\t<\/div>\n\t\t\t\t<\/div>\n\t\t<div data-dce-background-color=\"#D04272\" class=\"elementor-element elementor-element-80df887 e-flex e-con-boxed e-con e-parent\" data-id=\"80df887\" data-element_type=\"container\" data-e-type=\"container\" data-settings=\"{&quot;background_background&quot;:&quot;classic&quot;}\">\n\t\t\t\t\t<div class=\"e-con-inner\">\n\t\t<div class=\"elementor-element elementor-element-d684921 e-con-full e-flex e-con e-parent\" data-id=\"d684921\" data-element_type=\"container\" data-e-type=\"container\">\n\t\t\t\t<div class=\"elementor-element elementor-element-3b046ad elementor-widget elementor-widget-image\" data-id=\"3b046ad\" data-element_type=\"widget\" data-e-type=\"widget\" data-widget_type=\"image.default\">\n\t\t\t\t<div class=\"elementor-widget-container\">\n\t\t\t\t\t\t\t\t\t\t\t\t\t\t\t<img loading=\"lazy\" decoding=\"async\" width=\"520\" height=\"416\" src=\"https:\/\/donation2charity.com\/spanish\/wp-content\/uploads\/2023\/07\/hollywood-food-coalition4.jpg\" class=\"attachment-large size-large wp-image-464\" alt=\"Hollywood Food Coalition Charity\" srcset=\"https:\/\/donation2charity.com\/spanish\/wp-content\/uploads\/2023\/07\/hollywood-food-coalition4.jpg 520w, https:\/\/donation2charity.com\/spanish\/wp-content\/uploads\/2023\/07\/hollywood-food-coalition4-300x240.jpg 300w\" sizes=\"(max-width: 520px) 100vw, 520px\" \/>\t\t\t\t\t\t\t\t\t\t\t\t\t\t\t<\/div>\n\t\t\t\t<\/div>\n\t\t\t\t<\/div>\n\t\t<div class=\"elementor-element elementor-element-2acb798 e-con-full e-flex e-con e-parent\" data-id=\"2acb798\" data-element_type=\"container\" data-e-type=\"container\">\n\t\t\t\t<div class=\"elementor-element elementor-element-676eb6e elementor-widget elementor-widget-heading\" data-id=\"676eb6e\" data-element_type=\"widget\" data-e-type=\"widget\" data-widget_type=\"heading.default\">\n\t\t\t\t<div class=\"elementor-widget-container\">\n\t\t\t\t\t<h3 class=\"elementor-heading-title elementor-size-default\">1.500.000 comidas servidas desde 1987<\/h3>\t\t\t\t<\/div>\n\t\t\t\t<\/div>\n\t\t\t\t<div class=\"elementor-element elementor-element-853d0f9 elementor-widget elementor-widget-text-editor\" data-id=\"853d0f9\" data-element_type=\"widget\" data-e-type=\"widget\" data-widget_type=\"text-editor.default\">\n\t\t\t\t<div class=\"elementor-widget-container\">\n\t\t\t\t\t\t\t\t\t<p>Todas las noches a partir de 1987, Hollywood Food Coalition ha servido una comida caliente para los necesitados.<\/p><p>Donde quiera que est\u00e9 en la vida, ser respetuoso y cort\u00e9s con los necesitados, que no ha caminado en sus zapatos.<\/p>\t\t\t\t\t\t\t\t<\/div>\n\t\t\t\t<\/div>\n\t\t\t\t<\/div>\n\t\t\t\t\t<\/div>\n\t\t\t\t<\/div>\n\t\t<div class=\"elementor-element elementor-element-4fa3f43 e-flex e-con-boxed e-con e-parent\" data-id=\"4fa3f43\" data-element_type=\"container\" data-e-type=\"container\">\n\t\t\t\t\t<div class=\"e-con-inner\">\n\t\t<div class=\"elementor-element elementor-element-4b7e562 e-con-full e-flex e-con e-parent\" data-id=\"4b7e562\" data-element_type=\"container\" data-e-type=\"container\">\n\t\t\t\t<div class=\"elementor-element elementor-element-521d52a elementor-widget elementor-widget-heading\" data-id=\"521d52a\" data-element_type=\"widget\" data-e-type=\"widget\" data-widget_type=\"heading.default\">\n\t\t\t\t<div class=\"elementor-widget-container\">\n\t\t\t\t\t<h3 class=\"elementor-heading-title elementor-size-default\">Nuestros Voluntarios Son Como T\u00fa!<\/h3>\t\t\t\t<\/div>\n\t\t\t\t<\/div>\n\t\t\t\t<div class=\"elementor-element elementor-element-fb9eb27 elementor-widget elementor-widget-text-editor\" data-id=\"fb9eb27\" data-element_type=\"widget\" data-e-type=\"widget\" data-widget_type=\"text-editor.default\">\n\t\t\t\t<div class=\"elementor-widget-container\">\n\t\t\t\t\t\t\t\t\t<p>Tenemos miles de voluntarios que han ayudado a Hollywood Food Coalition largo de los a\u00f1os.\u00a0Abarcan desde el CEO de las compa\u00f1\u00edas Fortune 500 a los padres que vienen con sus hijos, y la gente incluso que normalmente sirven venir y darnos una mano cuando sea necesario como su manera de decir gracias.<\/p>\t\t\t\t\t\t\t\t<\/div>\n\t\t\t\t<\/div>\n\t\t\t\t<\/div>\n\t\t<div class=\"elementor-element elementor-element-a8a1f0a e-con-full e-flex e-con e-parent\" data-id=\"a8a1f0a\" data-element_type=\"container\" data-e-type=\"container\">\n\t\t\t\t<div class=\"elementor-element elementor-element-af23fb5 elementor-widget elementor-widget-html\" data-id=\"af23fb5\" data-element_type=\"widget\" data-e-type=\"widget\" data-widget_type=\"html.default\">\n\t\t\t\t<div class=\"elementor-widget-container\">\n\t\t\t\t\t<iframe src=\"https:\/\/www.facebook.com\/plugins\/video.php?href=https%3A%2F%2Fwww.facebook.com%2FHoFoCo%2Fvideos%2F1996385133798755%2F%3Fref%3Dembed_video&show_text=0&width=560\" width=\"560\" height=\"315\" style=\"border:none;overflow:hidden\" scrolling=\"no\" frameborder=\"0\" allowfullscreen=\"true\" allow=\"autoplay; clipboard-write; encrypted-media; picture-in-picture; web-share\" allowFullScreen=\"true\"><\/iframe>\t\t\t\t<\/div>\n\t\t\t\t<\/div>\n\t\t\t\t<\/div>\n\t\t\t\t\t<\/div>\n\t\t\t\t<\/div>\n\t\t<div class=\"elementor-element elementor-element-d0ba93e e-flex e-con-boxed e-con e-parent\" data-id=\"d0ba93e\" data-element_type=\"container\" data-e-type=\"container\">\n\t\t\t\t\t<div class=\"e-con-inner\">\n\t\t\t\t<div class=\"elementor-element elementor-element-39e96c3 elementor-widget elementor-widget-image\" data-id=\"39e96c3\" data-element_type=\"widget\" data-e-type=\"widget\" data-widget_type=\"image.default\">\n\t\t\t\t<div class=\"elementor-widget-container\">\n\t\t\t\t\t\t\t\t\t\t\t\t\t\t\t<img loading=\"lazy\" decoding=\"async\" width=\"1070\" height=\"624\" src=\"https:\/\/donation2charity.com\/spanish\/wp-content\/uploads\/2023\/07\/hollywood-food-coalition5.jpg\" class=\"attachment-full size-full wp-image-465\" alt=\"Hollywood Food Coalition Charity\" srcset=\"https:\/\/donation2charity.com\/spanish\/wp-content\/uploads\/2023\/07\/hollywood-food-coalition5.jpg 1070w, https:\/\/donation2charity.com\/spanish\/wp-content\/uploads\/2023\/07\/hollywood-food-coalition5-300x175.jpg 300w, https:\/\/donation2charity.com\/spanish\/wp-content\/uploads\/2023\/07\/hollywood-food-coalition5-1024x597.jpg 1024w, https:\/\/donation2charity.com\/spanish\/wp-content\/uploads\/2023\/07\/hollywood-food-coalition5-768x448.jpg 768w\" sizes=\"(max-width: 1070px) 100vw, 1070px\" \/>\t\t\t\t\t\t\t\t\t\t\t\t\t\t\t<\/div>\n\t\t\t\t<\/div>\n\t\t\t\t\t<\/div>\n\t\t\t\t<\/div>\n\t\t<div data-dce-background-color=\"#D04272\" class=\"elementor-element elementor-element-771845c e-flex e-con-boxed e-con e-parent\" data-id=\"771845c\" data-element_type=\"container\" data-e-type=\"container\" data-settings=\"{&quot;background_background&quot;:&quot;classic&quot;}\">\n\t\t\t\t\t<div class=\"e-con-inner\">\n\t\t<div class=\"elementor-element elementor-element-1adc115 e-con-full e-flex e-con e-parent\" data-id=\"1adc115\" data-element_type=\"container\" data-e-type=\"container\">\n\t\t\t\t<div class=\"elementor-element elementor-element-fe2f0f3 elementor-widget elementor-widget-heading\" data-id=\"fe2f0f3\" data-element_type=\"widget\" data-e-type=\"widget\" data-widget_type=\"heading.default\">\n\t\t\t\t<div class=\"elementor-widget-container\">\n\t\t\t\t\t<h3 class=\"elementor-heading-title elementor-size-default\">Nosotros Dependemos de Ustedes!<\/h3>\t\t\t\t<\/div>\n\t\t\t\t<\/div>\n\t\t\t\t<div class=\"elementor-element elementor-element-2592182 elementor-widget elementor-widget-text-editor\" data-id=\"2592182\" data-element_type=\"widget\" data-e-type=\"widget\" data-widget_type=\"text-editor.default\">\n\t\t\t\t<div class=\"elementor-widget-container\">\n\t\t\t\t\t\t\t\t\t<p>Por favor done su coche, barco o veh\u00edculo recreativo y nos ayude a mantener la alimentaci\u00f3n de las personas sin hogar y los menos afortunados.<\/p>\t\t\t\t\t\t\t\t<\/div>\n\t\t\t\t<\/div>\n\t\t\t\t<\/div>\n\t\t<div class=\"elementor-element elementor-element-56fed67 e-con-full e-flex e-con e-parent\" data-id=\"56fed67\" data-element_type=\"container\" data-e-type=\"container\">\n\t\t\t\t<div class=\"elementor-element elementor-element-05ac207 elementor-widget elementor-widget-image\" data-id=\"05ac207\" data-element_type=\"widget\" data-e-type=\"widget\" data-widget_type=\"image.default\">\n\t\t\t\t<div class=\"elementor-widget-container\">\n\t\t\t\t\t\t\t\t\t\t\t\t\t\t\t<img loading=\"lazy\" decoding=\"async\" width=\"520\" height=\"520\" src=\"https:\/\/donation2charity.com\/spanish\/wp-content\/uploads\/2023\/07\/hollywood-food-coalition3.jpg\" class=\"attachment-large size-large wp-image-463\" alt=\"Hollywood Food Coalition Charity\" srcset=\"https:\/\/donation2charity.com\/spanish\/wp-content\/uploads\/2023\/07\/hollywood-food-coalition3.jpg 520w, https:\/\/donation2charity.com\/spanish\/wp-content\/uploads\/2023\/07\/hollywood-food-coalition3-300x300.jpg 300w, https:\/\/donation2charity.com\/spanish\/wp-content\/uploads\/2023\/07\/hollywood-food-coalition3-150x150.jpg 150w\" sizes=\"(max-width: 520px) 100vw, 520px\" \/>\t\t\t\t\t\t\t\t\t\t\t\t\t\t\t<\/div>\n\t\t\t\t<\/div>\n\t\t\t\t<\/div>\n\t\t<div class=\"elementor-element elementor-element-f0cf113 e-con-full e-flex e-con e-parent\" data-id=\"f0cf113\" data-element_type=\"container\" data-e-type=\"container\">\n\t\t\t\t<div class=\"elementor-element elementor-element-2edcafa elementor-widget elementor-widget-image\" data-id=\"2edcafa\" data-element_type=\"widget\" data-e-type=\"widget\" data-widget_type=\"image.default\">\n\t\t\t\t<div class=\"elementor-widget-container\">\n\t\t\t\t\t\t\t\t\t\t\t\t\t\t\t<img loading=\"lazy\" decoding=\"async\" width=\"1000\" height=\"800\" src=\"https:\/\/donation2charity.com\/spanish\/wp-content\/uploads\/2023\/07\/hollywood-food-coalition6.jpg\" class=\"attachment-full size-full wp-image-466\" alt=\"Hollywood Food Coalition Charity\" srcset=\"https:\/\/donation2charity.com\/spanish\/wp-content\/uploads\/2023\/07\/hollywood-food-coalition6.jpg 1000w, https:\/\/donation2charity.com\/spanish\/wp-content\/uploads\/2023\/07\/hollywood-food-coalition6-300x240.jpg 300w, https:\/\/donation2charity.com\/spanish\/wp-content\/uploads\/2023\/07\/hollywood-food-coalition6-768x614.jpg 768w\" sizes=\"(max-width: 1000px) 100vw, 1000px\" \/>\t\t\t\t\t\t\t\t\t\t\t\t\t\t\t<\/div>\n\t\t\t\t<\/div>\n\t\t\t\t<\/div>\n\t\t\t\t\t<\/div>\n\t\t\t\t<\/div>\n\t\t<div class=\"elementor-element elementor-element-e37ae3e e-flex e-con-boxed e-con e-parent\" data-id=\"e37ae3e\" data-element_type=\"container\" data-e-type=\"container\">\n\t\t\t\t\t<div class=\"e-con-inner\">\n\t\t\t\t<div class=\"elementor-element elementor-element-ea9d191 elementor-widget-divider--view-line elementor-widget elementor-widget-divider\" data-id=\"ea9d191\" data-element_type=\"widget\" data-e-type=\"widget\" data-widget_type=\"divider.default\">\n\t\t\t\t<div class=\"elementor-widget-container\">\n\t\t\t\t\t\t\t<div class=\"elementor-divider\">\n\t\t\t<span class=\"elementor-divider-separator\">\n\t\t\t\t\t\t<\/span>\n\t\t<\/div>\n\t\t\t\t\t\t<\/div>\n\t\t\t\t<\/div>\n\t\t\t\t<div class=\"elementor-element elementor-element-aba5f12 elementor-widget elementor-widget-text-editor\" data-id=\"aba5f12\" data-element_type=\"widget\" data-e-type=\"widget\" data-widget_type=\"text-editor.default\">\n\t\t\t\t<div class=\"elementor-widget-container\">\n\t\t\t\t\t\t\t\t\t<p>Fuente: Algunas im\u00e1genes, texto y v\u00eddeos son propiedad y derechos de autor de Hollywood Food Coalition.<\/p>\t\t\t\t\t\t\t\t<\/div>\n\t\t\t\t<\/div>\n\t\t\t\t\t<\/div>\n\t\t\t\t<\/div>\n\t\t\t\t<\/div>\n\t\t","protected":false},"excerpt":{"rendered":"<p>Dependemos 100% de Donaciones Sirviendo a las personas sin hogar y hambrientos desde 1987. Todas las noches a partir de 1987, la Coalici\u00f3n de Alimentos Hollywood ha servido una comida caliente a los necesitados. Su generosa donaci\u00f3n de un coche, barco o veh\u00edculo recreativo (en ejecuci\u00f3n o no) se alimentan de las personas sin hogar [&hellip;]<\/p>\n","protected":false},"author":1,"featured_media":0,"parent":346,"menu_order":0,"comment_status":"closed","ping_status":"closed","template":"","meta":{"_monsterinsights_skip_tracking":false,"_monsterinsights_sitenote_active":false,"_monsterinsights_sitenote_note":"","_monsterinsights_sitenote_category":0,"footnotes":""},"class_list":["post-459","page","type-page","status-publish","hentry"],"_links":{"self":[{"href":"https:\/\/donation2charity.com\/spanish\/wp-json\/wp\/v2\/pages\/459","targetHints":{"allow":["GET"]}}],"collection":[{"href":"https:\/\/donation2charity.com\/spanish\/wp-json\/wp\/v2\/pages"}],"about":[{"href":"https:\/\/donation2charity.com\/spanish\/wp-json\/wp\/v2\/types\/page"}],"author":[{"embeddable":true,"href":"https:\/\/donation2charity.com\/spanish\/wp-json\/wp\/v2\/users\/1"}],"replies":[{"embeddable":true,"href":"https:\/\/donation2charity.com\/spanish\/wp-json\/wp\/v2\/comments?post=459"}],"version-history":[{"count":7,"href":"https:\/\/donation2charity.com\/spanish\/wp-json\/wp\/v2\/pages\/459\/revisions"}],"predecessor-version":[{"id":472,"href":"https:\/\/donation2charity.com\/spanish\/wp-json\/wp\/v2\/pages\/459\/revisions\/472"}],"up":[{"embeddable":true,"href":"https:\/\/donation2charity.com\/spanish\/wp-json\/wp\/v2\/pages\/346"}],"wp:attachment":[{"href":"https:\/\/donation2charity.com\/spanish\/wp-json\/wp\/v2\/media?parent=459"}],"curies":[{"name":"wp","href":"https:\/\/api.w.org\/{rel}","templated":true}]}}