{"id":544,"date":"2023-07-31T16:47:35","date_gmt":"2023-07-31T23:47:35","guid":{"rendered":"https:\/\/donation2charity.com\/newspanish\/?page_id=544"},"modified":"2024-05-07T05:24:26","modified_gmt":"2024-05-07T12:24:26","slug":"santa-clarita-symphony-orchestra","status":"publish","type":"page","link":"https:\/\/donation2charity.com\/spanish\/charities\/santa-clarita-symphony-orchestra\/","title":{"rendered":"Santa Clarita Symphony Orchestra"},"content":{"rendered":"<div id=\"playht-iframe-wrapper\" style=\"max-height: 210px !important;\">\n\t<iframe\n\tscrolling=\"no\"\n\tclass=\"playht-iframe-player\"\n\tid=\"playht-iframe-player\"\n\theight=\"90px\"\n\twidth=\"100%\"\n\tframeborder=\"0\"\n\tstyle=\"max-height: 90px; height: 90px !important;\"\n\tsrc=\"https:\/\/play.ht\/embed\/?article_url=https:\/\/donation2charity.com\/spanish\/?p=544&voice=es-MX-DaliaNeural&appId=6UlgvTgrkLe&trans_id=-NxI-iHImg_8xPVjoCBw\"\n\tdata-voice=\"es-MX-DaliaNeural\"\n\tarticle-url=\"https:\/\/donation2charity.com\/spanish\/?p=544\"\n\tdata-appId=\"6UlgvTgrkLe\"\n\tallowfullscreen=\"\">\n\t<\/iframe>\n<\/div>\n\t\t<div data-elementor-type=\"wp-page\" data-elementor-id=\"544\" class=\"elementor elementor-544\" data-elementor-post-type=\"page\">\n\t\t\t\t<div class=\"elementor-element elementor-element-303e730 e-flex e-con-boxed e-con e-parent\" data-id=\"303e730\" data-element_type=\"container\" data-e-type=\"container\" data-settings=\"{&quot;shape_divider_top&quot;:&quot;tilt&quot;}\">\n\t\t\t\t\t<div class=\"e-con-inner\">\n\t\t\t\t<div class=\"elementor-shape elementor-shape-top\" aria-hidden=\"true\" data-negative=\"false\">\n\t\t\t<svg xmlns=\"http:\/\/www.w3.org\/2000\/svg\" viewBox=\"0 0 1000 100\" preserveAspectRatio=\"none\">\n\t<path class=\"elementor-shape-fill\" d=\"M0,6V0h1000v100L0,6z\"\/>\n<\/svg>\t\t<\/div>\n\t\t<div class=\"elementor-element elementor-element-f4c1012 e-con-full e-flex elementor-invisible e-con e-parent\" data-id=\"f4c1012\" data-element_type=\"container\" data-e-type=\"container\" data-settings=\"{&quot;background_background&quot;:&quot;classic&quot;,&quot;animation&quot;:&quot;slideInLeft&quot;}\">\n\t\t\t\t<div class=\"elementor-element elementor-element-e704b64 elementor-widget elementor-widget-image\" data-id=\"e704b64\" data-element_type=\"widget\" data-e-type=\"widget\" data-widget_type=\"image.default\">\n\t\t\t\t<div class=\"elementor-widget-container\">\n\t\t\t\t\t\t\t\t\t\t\t\t\t\t\t<img fetchpriority=\"high\" decoding=\"async\" width=\"662\" height=\"209\" src=\"https:\/\/donation2charity.com\/spanish\/wp-content\/uploads\/2023\/07\/scso-logo.webp\" class=\"attachment-large size-large wp-image-546\" alt=\"SCSO Charity\" srcset=\"https:\/\/donation2charity.com\/spanish\/wp-content\/uploads\/2023\/07\/scso-logo.webp 662w, https:\/\/donation2charity.com\/spanish\/wp-content\/uploads\/2023\/07\/scso-logo-300x95.webp 300w\" sizes=\"(max-width: 662px) 100vw, 662px\" \/>\t\t\t\t\t\t\t\t\t\t\t\t\t\t\t<\/div>\n\t\t\t\t<\/div>\n\t\t\t\t<div data-dce-title-color=\"#F7931E\" class=\"elementor-element elementor-element-4f48feb elementor-widget elementor-widget-heading\" data-id=\"4f48feb\" data-element_type=\"widget\" data-e-type=\"widget\" data-widget_type=\"heading.default\">\n\t\t\t\t<div class=\"elementor-widget-container\">\n\t\t\t\t\t<h2 class=\"elementor-heading-title elementor-size-default\">Santa Clarita Symphony Orchestra<\/h2>\t\t\t\t<\/div>\n\t\t\t\t<\/div>\n\t\t\t\t<div class=\"elementor-element elementor-element-de4c838 elementor-widget elementor-widget-text-editor\" data-id=\"de4c838\" data-element_type=\"widget\" data-e-type=\"widget\" data-widget_type=\"text-editor.default\">\n\t\t\t\t<div class=\"elementor-widget-container\">\n\t\t\t\t\t\t\t\t\t<p>Por favor, ay\u00fadanos donando tu auto, barco o RV para que podamos seguir apoyando a m\u00fasicos locales. Tu donaci\u00f3n puede ayudar a financiar a SCSO para brindar oportunidades de m\u00fasica de alta calidad para instrumentistas y actuaciones para residentes de todas las edades.<\/p>\t\t\t\t\t\t\t\t<\/div>\n\t\t\t\t<\/div>\n\t\t\t\t<div class=\"elementor-element elementor-element-61623f5 elementor-widget elementor-widget-button\" data-id=\"61623f5\" data-element_type=\"widget\" data-e-type=\"widget\" data-widget_type=\"button.default\">\n\t\t\t\t<div class=\"elementor-widget-container\">\n\t\t\t\t\t\t\t\t\t<div class=\"elementor-button-wrapper\">\n\t\t\t\t\t<a class=\"elementor-button elementor-button-link elementor-size-sm\" href=\"#elementor-action%3Aaction%3Dpopup%3Aopen%26settings%3DeyJpZCI6IjI1OCIsInRvZ2dsZSI6ZmFsc2V9\">\n\t\t\t\t\t\t<span class=\"elementor-button-content-wrapper\">\n\t\t\t\t\t\t<span class=\"elementor-button-icon\">\n\t\t\t\t<i aria-hidden=\"true\" class=\"fas fa-angle-double-right\"><\/i>\t\t\t<\/span>\n\t\t\t\t\t\t\t\t\t<span class=\"elementor-button-text\">Dona tu veh\u00edculo ahora<\/span>\n\t\t\t\t\t<\/span>\n\t\t\t\t\t<\/a>\n\t\t\t\t<\/div>\n\t\t\t\t\t\t\t\t<\/div>\n\t\t\t\t<\/div>\n\t\t\t\t<\/div>\n\t\t<div class=\"elementor-element elementor-element-d1653d4 e-con-full e-flex elementor-invisible e-con e-parent\" data-id=\"d1653d4\" data-element_type=\"container\" data-e-type=\"container\" data-settings=\"{&quot;animation&quot;:&quot;slideInRight&quot;}\">\n\t\t\t\t<div class=\"elementor-element elementor-element-e525d6a elementor-widget elementor-widget-image\" data-id=\"e525d6a\" data-element_type=\"widget\" data-e-type=\"widget\" data-widget_type=\"image.default\">\n\t\t\t\t<div class=\"elementor-widget-container\">\n\t\t\t\t\t\t\t\t\t\t\t\t\t\t\t<img decoding=\"async\" width=\"726\" height=\"484\" src=\"https:\/\/donation2charity.com\/spanish\/wp-content\/uploads\/2023\/07\/scso-1.webp\" class=\"attachment-large size-large wp-image-295\" alt=\"Santa Clarita Symphony Orchestra\" srcset=\"https:\/\/donation2charity.com\/spanish\/wp-content\/uploads\/2023\/07\/scso-1.webp 726w, https:\/\/donation2charity.com\/spanish\/wp-content\/uploads\/2023\/07\/scso-1-300x200.webp 300w\" sizes=\"(max-width: 726px) 100vw, 726px\" \/>\t\t\t\t\t\t\t\t\t\t\t\t\t\t\t<\/div>\n\t\t\t\t<\/div>\n\t\t\t\t<\/div>\n\t\t\t\t\t<\/div>\n\t\t\t\t<\/div>\n\t\t<div class=\"elementor-element elementor-element-16e2027 e-flex e-con-boxed e-con e-parent\" data-id=\"16e2027\" data-element_type=\"container\" data-e-type=\"container\">\n\t\t\t\t\t<div class=\"e-con-inner\">\n\t\t\t\t<div class=\"elementor-element elementor-element-a7a1b7f elementor-widget elementor-widget-heading\" data-id=\"a7a1b7f\" data-element_type=\"widget\" data-e-type=\"widget\" data-widget_type=\"heading.default\">\n\t\t\t\t<div class=\"elementor-widget-container\">\n\t\t\t\t\t<h1 class=\"elementor-heading-title elementor-size-default\">Santa Clarita Symphony Orchestra (SCSO)<\/h1>\t\t\t\t<\/div>\n\t\t\t\t<\/div>\n\t\t\t\t\t<\/div>\n\t\t\t\t<\/div>\n\t\t<div data-dce-background-color=\"#F7931E\" class=\"elementor-element elementor-element-cdefc74 e-flex e-con-boxed e-con e-parent\" data-id=\"cdefc74\" data-element_type=\"container\" data-e-type=\"container\" data-settings=\"{&quot;background_background&quot;:&quot;classic&quot;}\">\n\t\t\t\t\t<div class=\"e-con-inner\">\n\t\t<div class=\"elementor-element elementor-element-390dc87 e-con-full e-flex e-con e-parent\" data-id=\"390dc87\" data-element_type=\"container\" data-e-type=\"container\">\n\t\t\t\t<div class=\"elementor-element elementor-element-c33b566 elementor-widget elementor-widget-image\" data-id=\"c33b566\" data-element_type=\"widget\" data-e-type=\"widget\" data-widget_type=\"image.default\">\n\t\t\t\t<div class=\"elementor-widget-container\">\n\t\t\t\t\t\t\t\t\t\t\t\t\t\t\t<img decoding=\"async\" width=\"800\" height=\"588\" src=\"https:\/\/donation2charity.com\/spanish\/wp-content\/uploads\/2023\/07\/scso-2-1024x752.webp\" class=\"attachment-large size-large wp-image-547\" alt=\"SCSO Charity\" srcset=\"https:\/\/donation2charity.com\/spanish\/wp-content\/uploads\/2023\/07\/scso-2-1024x752.webp 1024w, https:\/\/donation2charity.com\/spanish\/wp-content\/uploads\/2023\/07\/scso-2-300x220.webp 300w, https:\/\/donation2charity.com\/spanish\/wp-content\/uploads\/2023\/07\/scso-2-768x564.webp 768w, https:\/\/donation2charity.com\/spanish\/wp-content\/uploads\/2023\/07\/scso-2.webp 1091w\" sizes=\"(max-width: 800px) 100vw, 800px\" \/>\t\t\t\t\t\t\t\t\t\t\t\t\t\t\t<\/div>\n\t\t\t\t<\/div>\n\t\t\t\t<\/div>\n\t\t<div class=\"elementor-element elementor-element-a861c6a e-con-full e-flex e-con e-parent\" data-id=\"a861c6a\" data-element_type=\"container\" data-e-type=\"container\">\n\t\t\t\t<div class=\"elementor-element elementor-element-70f2c83 elementor-widget elementor-widget-heading\" data-id=\"70f2c83\" data-element_type=\"widget\" data-e-type=\"widget\" data-widget_type=\"heading.default\">\n\t\t\t\t<div class=\"elementor-widget-container\">\n\t\t\t\t\t<h2 class=\"elementor-heading-title elementor-size-default\">Acerca de SCSO<\/h2>\t\t\t\t<\/div>\n\t\t\t\t<\/div>\n\t\t\t\t<div class=\"elementor-element elementor-element-80efc2b elementor-widget elementor-widget-text-editor\" data-id=\"80efc2b\" data-element_type=\"widget\" data-e-type=\"widget\" data-widget_type=\"text-editor.default\">\n\t\t\t\t<div class=\"elementor-widget-container\">\n\t\t\t\t\t\t\t\t\t<p>El SCSO enriquece nuestra comunidad con m\u00fasica en vivo, brinda un espacio para que los m\u00fasicos locales compartan sus talentos y nos une como comunidad.<\/p><p>Tu apoyo es vital para nuestro \u00e9xito.<\/p>\t\t\t\t\t\t\t\t<\/div>\n\t\t\t\t<\/div>\n\t\t\t\t<div class=\"elementor-element elementor-element-e1d093c elementor-widget elementor-widget-heading\" data-id=\"e1d093c\" data-element_type=\"widget\" data-e-type=\"widget\" data-widget_type=\"heading.default\">\n\t\t\t\t<div class=\"elementor-widget-container\">\n\t\t\t\t\t<h2 class=\"elementor-heading-title elementor-size-default\">Misi\u00f3n<\/h2>\t\t\t\t<\/div>\n\t\t\t\t<\/div>\n\t\t\t\t<div class=\"elementor-element elementor-element-4880192 elementor-widget elementor-widget-text-editor\" data-id=\"4880192\" data-element_type=\"widget\" data-e-type=\"widget\" data-widget_type=\"text-editor.default\">\n\t\t\t\t<div class=\"elementor-widget-container\">\n\t\t\t\t\t\t\t\t\t<p>Mejorar el tejido musical del Valle de Santa Clarita al proporcionar oportunidades de m\u00fasica de alta calidad para instrumentistas y actuaciones para residentes de todas las edades, al mismo tiempo que educamos al p\u00fablico sobre la importancia de las artes.<\/p>\t\t\t\t\t\t\t\t<\/div>\n\t\t\t\t<\/div>\n\t\t\t\t<\/div>\n\t\t\t\t\t<\/div>\n\t\t\t\t<\/div>\n\t\t<div class=\"elementor-element elementor-element-f4d7dc8 e-flex e-con-boxed e-con e-parent\" data-id=\"f4d7dc8\" data-element_type=\"container\" data-e-type=\"container\">\n\t\t\t\t\t<div class=\"e-con-inner\">\n\t\t\t\t<div class=\"elementor-element elementor-element-4d882a6 elementor-widget elementor-widget-heading\" data-id=\"4d882a6\" data-element_type=\"widget\" data-e-type=\"widget\" data-widget_type=\"heading.default\">\n\t\t\t\t<div class=\"elementor-widget-container\">\n\t\t\t\t\t<h3 class=\"elementor-heading-title elementor-size-default\">Nuestra Historia<\/h3>\t\t\t\t<\/div>\n\t\t\t\t<\/div>\n\t\t\t\t<div class=\"elementor-element elementor-element-f064a12 elementor-widget elementor-widget-text-editor\" data-id=\"f064a12\" data-element_type=\"widget\" data-e-type=\"widget\" data-widget_type=\"text-editor.default\">\n\t\t\t\t<div class=\"elementor-widget-container\">\n\t\t\t\t\t\t\t\t\t<p>En 2020, la Orquesta Filarm\u00f3nica de Santa Clarita anunci\u00f3 que ya no continuar\u00eda sus operaciones, dejando un vac\u00edo en nuestra comunidad para instrumentistas, int\u00e9rpretes, estudiantes y miembros del p\u00fablico. Bajo el liderazgo del Dr. Joshua Wentz, Mission Opera tom\u00f3 la iniciativa de crear una orquesta de voluntarios compuesta por m\u00fasicos que aman la m\u00fasica, disfrutan tocar y desean expresarse.<\/p><p>En 2022, la Orquesta Mission evolucion\u00f3 para convertirse en la Orquesta Sinf\u00f3nica de Santa Clarita, una organizaci\u00f3n sin fines de lucro de artes esc\u00e9nicas compuesta por una combinaci\u00f3n de m\u00fasicos voluntarios y profesionales que realiza dos presentaciones orquestales cada a\u00f1o. Los m\u00fasicos de la orquesta tambi\u00e9n se pueden ver apoyando las producciones de Mission Opera y tocando en ensambles de c\u00e1mara en diversos eventos en la ciudad.<\/p><p>Nos esforzamos por mejorar el tejido musical del Valle de Santa Clarita al proporcionar oportunidades musicales de alta calidad para instrumentistas y actuaciones para residentes de todas las edades, al mismo tiempo que educamos al p\u00fablico sobre la importancia de las artes.<\/p>\t\t\t\t\t\t\t\t<\/div>\n\t\t\t\t<\/div>\n\t\t<div class=\"elementor-element elementor-element-69912b3 e-flex e-con-boxed e-con e-parent\" data-id=\"69912b3\" data-element_type=\"container\" data-e-type=\"container\">\n\t\t\t\t\t<div class=\"e-con-inner\">\n\t\t<div class=\"elementor-element elementor-element-b81d7aa e-flex e-con-boxed e-con e-parent\" data-id=\"b81d7aa\" data-element_type=\"container\" data-e-type=\"container\">\n\t\t\t\t\t<div class=\"e-con-inner\">\n\t\t\t\t<div class=\"elementor-element elementor-element-d07c5c8 elementor-widget elementor-widget-image\" data-id=\"d07c5c8\" data-element_type=\"widget\" data-e-type=\"widget\" data-widget_type=\"image.default\">\n\t\t\t\t<div class=\"elementor-widget-container\">\n\t\t\t\t\t\t\t\t\t\t\t\t\t\t\t<img loading=\"lazy\" decoding=\"async\" width=\"600\" height=\"450\" src=\"https:\/\/donation2charity.com\/spanish\/wp-content\/uploads\/2023\/07\/scso-2-1.webp\" class=\"attachment-large size-large wp-image-548\" alt=\"SCSO Charity\" srcset=\"https:\/\/donation2charity.com\/spanish\/wp-content\/uploads\/2023\/07\/scso-2-1.webp 600w, https:\/\/donation2charity.com\/spanish\/wp-content\/uploads\/2023\/07\/scso-2-1-300x225.webp 300w\" sizes=\"(max-width: 600px) 100vw, 600px\" \/>\t\t\t\t\t\t\t\t\t\t\t\t\t\t\t<\/div>\n\t\t\t\t<\/div>\n\t\t\t\t\t<\/div>\n\t\t\t\t<\/div>\n\t\t<div class=\"elementor-element elementor-element-41483f3 e-flex e-con-boxed e-con e-parent\" data-id=\"41483f3\" data-element_type=\"container\" data-e-type=\"container\">\n\t\t\t\t\t<div class=\"e-con-inner\">\n\t\t\t\t<div class=\"elementor-element elementor-element-2b17fac elementor-widget elementor-widget-image\" data-id=\"2b17fac\" data-element_type=\"widget\" data-e-type=\"widget\" data-widget_type=\"image.default\">\n\t\t\t\t<div class=\"elementor-widget-container\">\n\t\t\t\t\t\t\t\t\t\t\t\t\t\t\t<img loading=\"lazy\" decoding=\"async\" width=\"600\" height=\"450\" src=\"https:\/\/donation2charity.com\/spanish\/wp-content\/uploads\/2023\/07\/scso-4.webp\" class=\"attachment-large size-large wp-image-549\" alt=\"SCSO Charity\" srcset=\"https:\/\/donation2charity.com\/spanish\/wp-content\/uploads\/2023\/07\/scso-4.webp 600w, https:\/\/donation2charity.com\/spanish\/wp-content\/uploads\/2023\/07\/scso-4-300x225.webp 300w\" sizes=\"(max-width: 600px) 100vw, 600px\" \/>\t\t\t\t\t\t\t\t\t\t\t\t\t\t\t<\/div>\n\t\t\t\t<\/div>\n\t\t\t\t\t<\/div>\n\t\t\t\t<\/div>\n\t\t<div class=\"elementor-element elementor-element-f68a9ad e-flex e-con-boxed e-con e-parent\" data-id=\"f68a9ad\" data-element_type=\"container\" data-e-type=\"container\">\n\t\t\t\t\t<div class=\"e-con-inner\">\n\t\t\t\t<div class=\"elementor-element elementor-element-538d162 elementor-widget elementor-widget-image\" data-id=\"538d162\" data-element_type=\"widget\" data-e-type=\"widget\" data-widget_type=\"image.default\">\n\t\t\t\t<div class=\"elementor-widget-container\">\n\t\t\t\t\t\t\t\t\t\t\t\t\t\t\t<img loading=\"lazy\" decoding=\"async\" width=\"600\" height=\"450\" src=\"https:\/\/donation2charity.com\/spanish\/wp-content\/uploads\/2023\/07\/scso-3.webp\" class=\"attachment-large size-large wp-image-550\" alt=\"SCSO Charity\" srcset=\"https:\/\/donation2charity.com\/spanish\/wp-content\/uploads\/2023\/07\/scso-3.webp 600w, https:\/\/donation2charity.com\/spanish\/wp-content\/uploads\/2023\/07\/scso-3-300x225.webp 300w\" sizes=\"(max-width: 600px) 100vw, 600px\" \/>\t\t\t\t\t\t\t\t\t\t\t\t\t\t\t<\/div>\n\t\t\t\t<\/div>\n\t\t\t\t\t<\/div>\n\t\t\t\t<\/div>\n\t\t\t\t\t<\/div>\n\t\t\t\t<\/div>\n\t\t\t\t<div class=\"elementor-element elementor-element-4ec4278 elementor-widget-divider--view-line elementor-widget elementor-widget-divider\" data-id=\"4ec4278\" data-element_type=\"widget\" data-e-type=\"widget\" data-widget_type=\"divider.default\">\n\t\t\t\t<div class=\"elementor-widget-container\">\n\t\t\t\t\t\t\t<div class=\"elementor-divider\">\n\t\t\t<span class=\"elementor-divider-separator\">\n\t\t\t\t\t\t<\/span>\n\t\t<\/div>\n\t\t\t\t\t\t<\/div>\n\t\t\t\t<\/div>\n\t\t\t\t<div class=\"elementor-element elementor-element-fd2d6b3 elementor-widget elementor-widget-text-editor\" data-id=\"fd2d6b3\" data-element_type=\"widget\" data-e-type=\"widget\" data-widget_type=\"text-editor.default\">\n\t\t\t\t<div class=\"elementor-widget-container\">\n\t\t\t\t\t\t\t\t\t<p>Fuente: Algunas im\u00e1genes, textos y videos son propiedad y derechos de autor del Santa Clarita Symphony Orchestra.<\/p>\t\t\t\t\t\t\t\t<\/div>\n\t\t\t\t<\/div>\n\t\t\t\t\t<\/div>\n\t\t\t\t<\/div>\n\t\t\t\t<\/div>\n\t\t","protected":false},"excerpt":{"rendered":"<p>Santa Clarita Symphony Orchestra Por favor, ay\u00fadanos donando tu auto, barco o RV para que podamos seguir apoyando a m\u00fasicos locales. Tu donaci\u00f3n puede ayudar a financiar a SCSO para brindar oportunidades de m\u00fasica de alta calidad para instrumentistas y actuaciones para residentes de todas las edades. Dona tu veh\u00edculo ahora Santa Clarita Symphony Orchestra [&hellip;]<\/p>\n","protected":false},"author":1,"featured_media":0,"parent":346,"menu_order":0,"comment_status":"closed","ping_status":"closed","template":"","meta":{"_monsterinsights_skip_tracking":false,"_monsterinsights_sitenote_active":false,"_monsterinsights_sitenote_note":"","_monsterinsights_sitenote_category":0,"footnotes":""},"class_list":["post-544","page","type-page","status-publish","hentry"],"_links":{"self":[{"href":"https:\/\/donation2charity.com\/spanish\/wp-json\/wp\/v2\/pages\/544","targetHints":{"allow":["GET"]}}],"collection":[{"href":"https:\/\/donation2charity.com\/spanish\/wp-json\/wp\/v2\/pages"}],"about":[{"href":"https:\/\/donation2charity.com\/spanish\/wp-json\/wp\/v2\/types\/page"}],"author":[{"embeddable":true,"href":"https:\/\/donation2charity.com\/spanish\/wp-json\/wp\/v2\/users\/1"}],"replies":[{"embeddable":true,"href":"https:\/\/donation2charity.com\/spanish\/wp-json\/wp\/v2\/comments?post=544"}],"version-history":[{"count":4,"href":"https:\/\/donation2charity.com\/spanish\/wp-json\/wp\/v2\/pages\/544\/revisions"}],"predecessor-version":[{"id":553,"href":"https:\/\/donation2charity.com\/spanish\/wp-json\/wp\/v2\/pages\/544\/revisions\/553"}],"up":[{"embeddable":true,"href":"https:\/\/donation2charity.com\/spanish\/wp-json\/wp\/v2\/pages\/346"}],"wp:attachment":[{"href":"https:\/\/donation2charity.com\/spanish\/wp-json\/wp\/v2\/media?parent=544"}],"curies":[{"name":"wp","href":"https:\/\/api.w.org\/{rel}","templated":true}]}}