{"id":577,"date":"2023-07-31T17:45:45","date_gmt":"2023-08-01T00:45:45","guid":{"rendered":"https:\/\/donation2charity.com\/newspanish\/?page_id=577"},"modified":"2024-05-07T05:44:24","modified_gmt":"2024-05-07T12:44:24","slug":"youth-for-human-rights-international","status":"publish","type":"page","link":"https:\/\/donation2charity.com\/spanish\/charities\/youth-for-human-rights-international\/","title":{"rendered":"Youth for Human Rights International"},"content":{"rendered":"<div id=\"playht-iframe-wrapper\" style=\"max-height: 210px !important;\">\n\t<iframe\n\tscrolling=\"no\"\n\tclass=\"playht-iframe-player\"\n\tid=\"playht-iframe-player\"\n\theight=\"90px\"\n\twidth=\"100%\"\n\tframeborder=\"0\"\n\tstyle=\"max-height: 90px; height: 90px !important;\"\n\tsrc=\"https:\/\/play.ht\/embed\/?article_url=https:\/\/donation2charity.com\/spanish\/?p=577&voice=es-MX-DaliaNeural&appId=6UlgvTgrkLe&trans_id=-NxI4Fxwuo_iHif1fEmc\"\n\tdata-voice=\"es-MX-DaliaNeural\"\n\tarticle-url=\"https:\/\/donation2charity.com\/spanish\/?p=577\"\n\tdata-appId=\"6UlgvTgrkLe\"\n\tallowfullscreen=\"\">\n\t<\/iframe>\n<\/div>\n\t\t<div data-elementor-type=\"wp-page\" data-elementor-id=\"577\" class=\"elementor elementor-577\" data-elementor-post-type=\"page\">\n\t\t\t\t<div class=\"elementor-element elementor-element-9dd4591 e-flex e-con-boxed e-con e-parent\" data-id=\"9dd4591\" data-element_type=\"container\" data-e-type=\"container\" data-settings=\"{&quot;shape_divider_top&quot;:&quot;tilt&quot;}\">\n\t\t\t\t\t<div class=\"e-con-inner\">\n\t\t\t\t<div class=\"elementor-shape elementor-shape-top\" aria-hidden=\"true\" data-negative=\"false\">\n\t\t\t<svg xmlns=\"http:\/\/www.w3.org\/2000\/svg\" viewBox=\"0 0 1000 100\" preserveAspectRatio=\"none\">\n\t<path class=\"elementor-shape-fill\" d=\"M0,6V0h1000v100L0,6z\"\/>\n<\/svg>\t\t<\/div>\n\t\t<div data-dce-background-color=\"#FFFFFF\" class=\"elementor-element elementor-element-634a4ae e-con-full e-flex elementor-invisible e-con e-parent\" data-id=\"634a4ae\" data-element_type=\"container\" data-e-type=\"container\" data-settings=\"{&quot;background_background&quot;:&quot;classic&quot;,&quot;animation&quot;:&quot;slideInLeft&quot;}\">\n\t\t\t\t<div class=\"elementor-element elementor-element-49de5b6 elementor-widget elementor-widget-image\" data-id=\"49de5b6\" data-element_type=\"widget\" data-e-type=\"widget\" data-widget_type=\"image.default\">\n\t\t\t\t<div class=\"elementor-widget-container\">\n\t\t\t\t\t\t\t\t\t\t\t\t\t\t\t<img decoding=\"async\" width=\"164\" height=\"96\" src=\"https:\/\/donation2charity.com\/spanish\/wp-content\/uploads\/2023\/07\/youth-human-rights-international-logo.jpg\" class=\"attachment-large size-large wp-image-579\" alt=\"Youth for Human Rights Charity\" \/>\t\t\t\t\t\t\t\t\t\t\t\t\t\t\t<\/div>\n\t\t\t\t<\/div>\n\t\t\t\t<div data-dce-title-color=\"#E10714\" class=\"elementor-element elementor-element-6e33648 elementor-widget elementor-widget-heading\" data-id=\"6e33648\" data-element_type=\"widget\" data-e-type=\"widget\" data-widget_type=\"heading.default\">\n\t\t\t\t<div class=\"elementor-widget-container\">\n\t\t\t\t\t<h2 class=\"elementor-heading-title elementor-size-default\">Ayudar\u00e1 a Preparar Su Camino a la Independencia<\/h2>\t\t\t\t<\/div>\n\t\t\t\t<\/div>\n\t\t\t\t<div class=\"elementor-element elementor-element-fae615b elementor-widget elementor-widget-heading\" data-id=\"fae615b\" data-element_type=\"widget\" data-e-type=\"widget\" data-widget_type=\"heading.default\">\n\t\t\t\t<div class=\"elementor-widget-container\">\n\t\t\t\t\t<h4 class=\"elementor-heading-title elementor-size-default\">Ense\u00f1ando a nuestros hijos acerca\nde los derechos humanos.<\/h4>\t\t\t\t<\/div>\n\t\t\t\t<\/div>\n\t\t\t\t<div class=\"elementor-element elementor-element-67d639e elementor-widget elementor-widget-text-editor\" data-id=\"67d639e\" data-element_type=\"widget\" data-e-type=\"widget\" data-widget_type=\"text-editor.default\">\n\t\t\t\t<div class=\"elementor-widget-container\">\n\t\t\t\t\t\t\t\t\t<p>Por favor ay\u00fadenos a la donaci\u00f3n de su coche, barco o veh\u00edculo recreativo para que podamos seguir inspirando a nuestros j\u00f3venes a convertirse en defensores de la tolerancia y la paz.<\/p>\t\t\t\t\t\t\t\t<\/div>\n\t\t\t\t<\/div>\n\t\t\t\t<div class=\"elementor-element elementor-element-4ff4e9a elementor-widget elementor-widget-heading\" data-id=\"4ff4e9a\" data-element_type=\"widget\" data-e-type=\"widget\" data-widget_type=\"heading.default\">\n\t\t\t\t<div class=\"elementor-widget-container\">\n\t\t\t\t\t<h4 class=\"elementor-heading-title elementor-size-default\">Los Ni\u00f1os Son El Futuro, Den Su Apoyo.<\/h4>\t\t\t\t<\/div>\n\t\t\t\t<\/div>\n\t\t\t\t<div class=\"elementor-element elementor-element-4c60c0c elementor-widget elementor-widget-button\" data-id=\"4c60c0c\" data-element_type=\"widget\" data-e-type=\"widget\" data-widget_type=\"button.default\">\n\t\t\t\t<div class=\"elementor-widget-container\">\n\t\t\t\t\t\t\t\t\t<div class=\"elementor-button-wrapper\">\n\t\t\t\t\t<a class=\"elementor-button elementor-button-link elementor-size-sm\" href=\"#elementor-action%3Aaction%3Dpopup%3Aopen%26settings%3DeyJpZCI6IjI3NiIsInRvZ2dsZSI6ZmFsc2V9\">\n\t\t\t\t\t\t<span class=\"elementor-button-content-wrapper\">\n\t\t\t\t\t\t<span class=\"elementor-button-icon\">\n\t\t\t\t<i aria-hidden=\"true\" class=\"fas fa-angle-double-right\"><\/i>\t\t\t<\/span>\n\t\t\t\t\t\t\t\t\t<span class=\"elementor-button-text\">Dona tu veh\u00edculo ahora<\/span>\n\t\t\t\t\t<\/span>\n\t\t\t\t\t<\/a>\n\t\t\t\t<\/div>\n\t\t\t\t\t\t\t\t<\/div>\n\t\t\t\t<\/div>\n\t\t\t\t<\/div>\n\t\t<div class=\"elementor-element elementor-element-2dd6925 e-con-full e-flex elementor-invisible e-con e-parent\" data-id=\"2dd6925\" data-element_type=\"container\" data-e-type=\"container\" data-settings=\"{&quot;animation&quot;:&quot;slideInRight&quot;}\">\n\t\t\t\t<div class=\"elementor-element elementor-element-de6b9f7 elementor-widget elementor-widget-image\" data-id=\"de6b9f7\" data-element_type=\"widget\" data-e-type=\"widget\" data-widget_type=\"image.default\">\n\t\t\t\t<div class=\"elementor-widget-container\">\n\t\t\t\t\t\t\t\t\t\t\t\t\t\t\t<img fetchpriority=\"high\" decoding=\"async\" width=\"726\" height=\"365\" src=\"https:\/\/donation2charity.com\/spanish\/wp-content\/uploads\/2023\/07\/youth-human-rights-international.webp\" class=\"attachment-large size-large wp-image-299\" alt=\"Youth for Human Rights Charity\" srcset=\"https:\/\/donation2charity.com\/spanish\/wp-content\/uploads\/2023\/07\/youth-human-rights-international.webp 726w, https:\/\/donation2charity.com\/spanish\/wp-content\/uploads\/2023\/07\/youth-human-rights-international-300x151.webp 300w\" sizes=\"(max-width: 726px) 100vw, 726px\" \/>\t\t\t\t\t\t\t\t\t\t\t\t\t\t\t<\/div>\n\t\t\t\t<\/div>\n\t\t\t\t<\/div>\n\t\t\t\t\t<\/div>\n\t\t\t\t<\/div>\n\t\t<div class=\"elementor-element elementor-element-73c3f54 e-flex e-con-boxed e-con e-parent\" data-id=\"73c3f54\" data-element_type=\"container\" data-e-type=\"container\">\n\t\t\t\t\t<div class=\"e-con-inner\">\n\t\t\t\t<div class=\"elementor-element elementor-element-7799013 elementor-widget elementor-widget-heading\" data-id=\"7799013\" data-element_type=\"widget\" data-e-type=\"widget\" data-widget_type=\"heading.default\">\n\t\t\t\t<div class=\"elementor-widget-container\">\n\t\t\t\t\t<h1 class=\"elementor-heading-title elementor-size-default\">Youth for Human Rights International<\/h1>\t\t\t\t<\/div>\n\t\t\t\t<\/div>\n\t\t\t\t\t<\/div>\n\t\t\t\t<\/div>\n\t\t<div data-dce-background-color=\"#382B7A\" class=\"elementor-element elementor-element-df206bb e-flex e-con-boxed e-con e-parent\" data-id=\"df206bb\" data-element_type=\"container\" data-e-type=\"container\" data-settings=\"{&quot;background_background&quot;:&quot;classic&quot;}\">\n\t\t\t\t\t<div class=\"e-con-inner\">\n\t\t<div class=\"elementor-element elementor-element-bc70902 e-con-full e-flex e-con e-parent\" data-id=\"bc70902\" data-element_type=\"container\" data-e-type=\"container\">\n\t\t\t\t<div class=\"elementor-element elementor-element-b52d8bd elementor-widget elementor-widget-video\" data-id=\"b52d8bd\" data-element_type=\"widget\" data-e-type=\"widget\" data-settings=\"{&quot;youtube_url&quot;:&quot;https:\\\/\\\/www.youtube.com\\\/watch?v=9lcRhz-UU7w&quot;,&quot;yt_privacy&quot;:&quot;yes&quot;,&quot;lazy_load&quot;:&quot;yes&quot;,&quot;video_type&quot;:&quot;youtube&quot;,&quot;controls&quot;:&quot;yes&quot;}\" data-widget_type=\"video.default\">\n\t\t\t\t<div class=\"elementor-widget-container\">\n\t\t\t\t\t\t\t<div class=\"elementor-wrapper elementor-open-inline\">\n\t\t\t<div class=\"elementor-video\"><\/div>\t\t<\/div>\n\t\t\t\t\t\t<\/div>\n\t\t\t\t<\/div>\n\t\t\t\t<\/div>\n\t\t<div class=\"elementor-element elementor-element-3148ae8 e-con-full e-flex e-con e-parent\" data-id=\"3148ae8\" data-element_type=\"container\" data-e-type=\"container\">\n\t\t\t\t<div class=\"elementor-element elementor-element-bf5bf68 elementor-widget elementor-widget-heading\" data-id=\"bf5bf68\" data-element_type=\"widget\" data-e-type=\"widget\" data-widget_type=\"heading.default\">\n\t\t\t\t<div class=\"elementor-widget-container\">\n\t\t\t\t\t<h2 class=\"elementor-heading-title elementor-size-default\">TODOS LOS SERES HUMANOS NACIDOS LIBRES E IGUALES EN DIGNIDAD Y DERECHOS<\/h2>\t\t\t\t<\/div>\n\t\t\t\t<\/div>\n\t\t\t\t<div class=\"elementor-element elementor-element-77b349f elementor-widget elementor-widget-text-editor\" data-id=\"77b349f\" data-element_type=\"widget\" data-e-type=\"widget\" data-widget_type=\"text-editor.default\">\n\t\t\t\t<div class=\"elementor-widget-container\">\n\t\t\t\t\t\t\t\t\t<p>While some dictionaries define the word right as \u201ca privilege,\u201d when used in the context of \u201chuman rights,\u201d we are talking about something more basic. Every person is entitled to certain fundamental rights, simply by the fact of being human. These are called \u201chuman rights,\u201d rather than a privilege, which can be taken away at someone\u2019s whim. Every person is entitled to certain rights,\u00a0simply by the fact that they are a human being.\u00a0<\/p>\t\t\t\t\t\t\t\t<\/div>\n\t\t\t\t<\/div>\n\t\t\t\t<\/div>\n\t\t\t\t\t<\/div>\n\t\t\t\t<\/div>\n\t\t<div class=\"elementor-element elementor-element-58b7b7b e-flex e-con-boxed e-con e-parent\" data-id=\"58b7b7b\" data-element_type=\"container\" data-e-type=\"container\">\n\t\t\t\t\t<div class=\"e-con-inner\">\n\t\t<div class=\"elementor-element elementor-element-432f315 e-con-full e-flex e-con e-parent\" data-id=\"432f315\" data-element_type=\"container\" data-e-type=\"container\">\n\t\t\t\t<div class=\"elementor-element elementor-element-439f005 elementor-widget elementor-widget-image\" data-id=\"439f005\" data-element_type=\"widget\" data-e-type=\"widget\" data-widget_type=\"image.default\">\n\t\t\t\t<div class=\"elementor-widget-container\">\n\t\t\t\t\t\t\t\t\t\t\t\t\t\t\t<img decoding=\"async\" width=\"600\" height=\"337\" src=\"https:\/\/donation2charity.com\/spanish\/wp-content\/uploads\/2023\/07\/youth-human-rights-international.jpg\" class=\"attachment-large size-large wp-image-581\" alt=\"Youth for Human Rights Charity\" srcset=\"https:\/\/donation2charity.com\/spanish\/wp-content\/uploads\/2023\/07\/youth-human-rights-international.jpg 600w, https:\/\/donation2charity.com\/spanish\/wp-content\/uploads\/2023\/07\/youth-human-rights-international-300x169.jpg 300w\" sizes=\"(max-width: 600px) 100vw, 600px\" \/>\t\t\t\t\t\t\t\t\t\t\t\t\t\t\t<\/div>\n\t\t\t\t<\/div>\n\t\t\t\t<\/div>\n\t\t<div class=\"elementor-element elementor-element-1febe80 e-con-full e-flex e-con e-parent\" data-id=\"1febe80\" data-element_type=\"container\" data-e-type=\"container\">\n\t\t\t\t<div class=\"elementor-element elementor-element-03b3200 elementor-widget elementor-widget-heading\" data-id=\"03b3200\" data-element_type=\"widget\" data-e-type=\"widget\" data-widget_type=\"heading.default\">\n\t\t\t\t<div class=\"elementor-widget-container\">\n\t\t\t\t\t<h3 class=\"elementor-heading-title elementor-size-default\">Prop\u00f3sito<\/h3>\t\t\t\t<\/div>\n\t\t\t\t<\/div>\n\t\t\t\t<div class=\"elementor-element elementor-element-f60b207 elementor-widget elementor-widget-text-editor\" data-id=\"f60b207\" data-element_type=\"widget\" data-e-type=\"widget\" data-widget_type=\"text-editor.default\">\n\t\t\t\t<div class=\"elementor-widget-container\">\n\t\t\t\t\t\t\t\t\t<p>Youth for Human Rights International fue creado para ense\u00f1ar a los j\u00f3venes sobre los derechos humanos tal como se describe en la United Nations Universal Declaration of Human Rights, e inspirarlos a promover la tolerancia y la paz.<\/p><p>Los ni\u00f1os son el futuro de la humanidad.\u00a0Es muy importante para ellos saber sus derechos humanos y para comprender que deben asumir la responsabilidad de proteger a s\u00ed mismos ya sus compa\u00f1eros.\u00a0Cuando nuestros hijos se vuelven m\u00e1s conscientes y activos sobre los derechos humanos, el mensaje llegar\u00e1 a nivel mundial, y alg\u00fan d\u00eda, los derechos humanos universales ser\u00e1 un hecho, no s\u00f3lo un sue\u00f1o idealista.<\/p><p>La directiva de Youth for Human Rights International es difundir la palabra, para capacitar a otros con materiales de educaci\u00f3n para los j\u00f3venes, maestros, funcionarios y todo el mundo.<\/p>\t\t\t\t\t\t\t\t<\/div>\n\t\t\t\t<\/div>\n\t\t\t\t<\/div>\n\t\t\t\t\t<\/div>\n\t\t\t\t<\/div>\n\t\t<div class=\"elementor-element elementor-element-28dd07b e-flex e-con-boxed e-con e-parent\" data-id=\"28dd07b\" data-element_type=\"container\" data-e-type=\"container\">\n\t\t\t\t\t<div class=\"e-con-inner\">\n\t\t<div class=\"elementor-element elementor-element-177ae9a e-con-full e-flex e-con e-parent\" data-id=\"177ae9a\" data-element_type=\"container\" data-e-type=\"container\">\n\t\t\t\t<div class=\"elementor-element elementor-element-b706911 elementor-widget elementor-widget-image\" data-id=\"b706911\" data-element_type=\"widget\" data-e-type=\"widget\" data-widget_type=\"image.default\">\n\t\t\t\t<div class=\"elementor-widget-container\">\n\t\t\t\t\t\t\t\t\t\t\t\t\t\t\t<img loading=\"lazy\" decoding=\"async\" width=\"320\" height=\"400\" src=\"https:\/\/donation2charity.com\/spanish\/wp-content\/uploads\/2023\/07\/youth-human-rights-international2.jpg\" class=\"attachment-large size-large wp-image-582\" alt=\"Youth for Human Rights Charity\" srcset=\"https:\/\/donation2charity.com\/spanish\/wp-content\/uploads\/2023\/07\/youth-human-rights-international2.jpg 320w, https:\/\/donation2charity.com\/spanish\/wp-content\/uploads\/2023\/07\/youth-human-rights-international2-240x300.jpg 240w\" sizes=\"(max-width: 320px) 100vw, 320px\" \/>\t\t\t\t\t\t\t\t\t\t\t\t\t\t\t<\/div>\n\t\t\t\t<\/div>\n\t\t\t\t<\/div>\n\t\t<div class=\"elementor-element elementor-element-11bb696 e-con-full e-flex e-con e-parent\" data-id=\"11bb696\" data-element_type=\"container\" data-e-type=\"container\">\n\t\t\t\t<div class=\"elementor-element elementor-element-2514ad0 elementor-widget elementor-widget-heading\" data-id=\"2514ad0\" data-element_type=\"widget\" data-e-type=\"widget\" data-widget_type=\"heading.default\">\n\t\t\t\t<div class=\"elementor-widget-container\">\n\t\t\t\t\t<h3 class=\"elementor-heading-title elementor-size-default\">Sobre Nosotros<\/h3>\t\t\t\t<\/div>\n\t\t\t\t<\/div>\n\t\t\t\t<div class=\"elementor-element elementor-element-43f4c2e elementor-widget elementor-widget-text-editor\" data-id=\"43f4c2e\" data-element_type=\"widget\" data-e-type=\"widget\" data-widget_type=\"text-editor.default\">\n\t\t\t\t<div class=\"elementor-widget-container\">\n\t\t\t\t\t\t\t\t\t<p>Youth for Human Rights International (YHRI) es una organizaci\u00f3n sin \u00e1nimo de lucro fundada en 2001 por la doctora Mary Shuttleworth, educadora nacida y criada en el apartheid de Sud\u00e1frica, donde fue testigo de primera mano los efectos devastadores de la discriminaci\u00f3n y la falta de derechos humanos b\u00e1sicos.<\/p><p>El prop\u00f3sito de YHRI es ense\u00f1ar a los j\u00f3venes sobre los derechos humanos, en particular la United Nations Universal Declaration of Human Rights, y les inspira a convertirse en defensores de la tolerancia y la paz.\u00a0YHRI por ahora se ha convertido en un movimiento mundial, incluyendo cientos de grupos, clubes y cap\u00edtulos en todo el mundo.<\/p><p>Youth for Human Rights International ense\u00f1a la educaci\u00f3n en derechos humanos, tanto en el aula y en los centros educativos no tradicionales.\u00a0Nuestro objetivo es llegar a la gente de diversos or\u00edgenes, con materiales que a menudo atraen a trav\u00e9s de generaciones.\u00a0Mediante la ense\u00f1anza de los derechos humanos a trav\u00e9s de todos los medios, desde conferencias y talleres de hip-hop y el baile, este mensaje se ha extendido en todo el mundo.\u00a0<\/p>\t\t\t\t\t\t\t\t<\/div>\n\t\t\t\t<\/div>\n\t\t\t\t<\/div>\n\t\t\t\t\t<\/div>\n\t\t\t\t<\/div>\n\t\t<div data-dce-background-color=\"#382B7A\" class=\"elementor-element elementor-element-8ff06b2 e-flex e-con-boxed e-con e-parent\" data-id=\"8ff06b2\" data-element_type=\"container\" data-e-type=\"container\" data-settings=\"{&quot;background_background&quot;:&quot;classic&quot;}\">\n\t\t\t\t\t<div class=\"e-con-inner\">\n\t\t<div class=\"elementor-element elementor-element-93ccc71 e-con-full e-flex e-con e-parent\" data-id=\"93ccc71\" data-element_type=\"container\" data-e-type=\"container\">\n\t\t\t\t<div class=\"elementor-element elementor-element-3fb8562 elementor-widget elementor-widget-image\" data-id=\"3fb8562\" data-element_type=\"widget\" data-e-type=\"widget\" data-widget_type=\"image.default\">\n\t\t\t\t<div class=\"elementor-widget-container\">\n\t\t\t\t\t\t\t\t\t\t\t\t\t\t\t<img loading=\"lazy\" decoding=\"async\" width=\"800\" height=\"379\" src=\"https:\/\/donation2charity.com\/spanish\/wp-content\/uploads\/2023\/07\/youth-human-rights-international3.jpg\" class=\"attachment-large size-large wp-image-583\" alt=\"Youth for Human Rights Charity\" srcset=\"https:\/\/donation2charity.com\/spanish\/wp-content\/uploads\/2023\/07\/youth-human-rights-international3.jpg 800w, https:\/\/donation2charity.com\/spanish\/wp-content\/uploads\/2023\/07\/youth-human-rights-international3-300x142.jpg 300w, https:\/\/donation2charity.com\/spanish\/wp-content\/uploads\/2023\/07\/youth-human-rights-international3-768x364.jpg 768w\" sizes=\"(max-width: 800px) 100vw, 800px\" \/>\t\t\t\t\t\t\t\t\t\t\t\t\t\t\t<\/div>\n\t\t\t\t<\/div>\n\t\t\t\t<div class=\"elementor-element elementor-element-b161b8c elementor-widget elementor-widget-image\" data-id=\"b161b8c\" data-element_type=\"widget\" data-e-type=\"widget\" data-widget_type=\"image.default\">\n\t\t\t\t<div class=\"elementor-widget-container\">\n\t\t\t\t\t\t\t\t\t\t\t\t\t\t\t<img loading=\"lazy\" decoding=\"async\" width=\"600\" height=\"338\" src=\"https:\/\/donation2charity.com\/spanish\/wp-content\/uploads\/2023\/07\/youth-human-rights-international4.jpg\" class=\"attachment-large size-large wp-image-584\" alt=\"Youth for Human Rights Charity\" srcset=\"https:\/\/donation2charity.com\/spanish\/wp-content\/uploads\/2023\/07\/youth-human-rights-international4.jpg 600w, https:\/\/donation2charity.com\/spanish\/wp-content\/uploads\/2023\/07\/youth-human-rights-international4-300x169.jpg 300w\" sizes=\"(max-width: 600px) 100vw, 600px\" \/>\t\t\t\t\t\t\t\t\t\t\t\t\t\t\t<\/div>\n\t\t\t\t<\/div>\n\t\t\t\t<\/div>\n\t\t<div class=\"elementor-element elementor-element-e139301 e-con-full e-flex e-con e-parent\" data-id=\"e139301\" data-element_type=\"container\" data-e-type=\"container\">\n\t\t\t\t<div class=\"elementor-element elementor-element-bd29a24 elementor-widget elementor-widget-heading\" data-id=\"bd29a24\" data-element_type=\"widget\" data-e-type=\"widget\" data-widget_type=\"heading.default\">\n\t\t\t\t<div class=\"elementor-widget-container\">\n\t\t\t\t\t<h2 class=\"elementor-heading-title elementor-size-default\">Historia<\/h2>\t\t\t\t<\/div>\n\t\t\t\t<\/div>\n\t\t\t\t<div class=\"elementor-element elementor-element-1a2b0a8 elementor-widget elementor-widget-text-editor\" data-id=\"1a2b0a8\" data-element_type=\"widget\" data-e-type=\"widget\" data-widget_type=\"text-editor.default\">\n\t\t\t\t<div class=\"elementor-widget-container\">\n\t\t\t\t\t\t\t\t\t<p>Youth for Human Rights International (YHRI)\u00a0se form\u00f3 en 2001. Su primera acci\u00f3n fue poner en marcha un concurso de ensayos a nivel europeo para los j\u00f3venes entre las edades de 8 y 18, en coordinaci\u00f3n con Friends of the United Nations.\u00a0Tres j\u00f3venes de Hungr\u00eda, Rep\u00fablica Checa y Austria ganaron el concurso y un viaje a Ginebra, sede de la United Nations Office of the High Commissioner for Human Rights (OHCHR) para recibir sus premios el 11 de octubre del 2001.\u00a0<\/p><p>Con la expansi\u00f3n de YHRI y su mensaje integral que los derechos humanos deben ser aprendidas a una edad temprana, lleg\u00f3 una demanda de m\u00e1s informaci\u00f3n de todo el mundo.\u00a0En consecuencia, en febrero de 2004 representantes de YHRI emprenden un 45,000 millas World Tour Educativo para aumentar la comprensi\u00f3n de los derechos humanos entre los j\u00f3venes y fundar nuevos cap\u00edtulos de YHRI.\u00a0En el espacio de cinco semanas, los delegados de YHRI viajaron a ambos lugares bien pobladas y remotas, incluyendo Tokio, Jap\u00f3n;\u00a0Bangkok, Tailandia;\u00a0Accra, Ghana;\u00a0Georgetown, Guyana (Am\u00e9rica del Sur);\u00a0y Ciudad de M\u00e9xico.<\/p><p>En el camino, los representantes de YHRI se reunieron con altos funcionarios del gobierno, las ciudades y pueblos de la zona visitada, y se distribuyen a ambos padres y ni\u00f1os copias de lo \u2018What Are Human Rights?\u2019\u00a0folletos y volantes educativo de YHRI sobre el AIDS.\u00a0En cada parada, se les pidi\u00f3 a los ni\u00f1os que escriban cuentas cortas de lo que ellos entend\u00edan acerca de los derechos humanos.\u00a0<\/p>\t\t\t\t\t\t\t\t<\/div>\n\t\t\t\t<\/div>\n\t\t\t\t<\/div>\n\t\t\t\t\t<\/div>\n\t\t\t\t<\/div>\n\t\t<div class=\"elementor-element elementor-element-732194f e-flex e-con-boxed e-con e-parent\" data-id=\"732194f\" data-element_type=\"container\" data-e-type=\"container\">\n\t\t\t\t\t<div class=\"e-con-inner\">\n\t\t\t\t<div class=\"elementor-element elementor-element-b58f3f6 elementor-widget elementor-widget-heading\" data-id=\"b58f3f6\" data-element_type=\"widget\" data-e-type=\"widget\" data-widget_type=\"heading.default\">\n\t\t\t\t<div class=\"elementor-widget-container\">\n\t\t\t\t\t<h4 class=\"elementor-heading-title elementor-size-default\">Ayuda libertad apoyo y Derechos Humanos. Por favor done su coche, barco o RV (en ejecuci\u00f3n o no).<\/h4>\t\t\t\t<\/div>\n\t\t\t\t<\/div>\n\t\t\t\t<div class=\"elementor-element elementor-element-bbd79bd elementor-widget elementor-widget-image\" data-id=\"bbd79bd\" data-element_type=\"widget\" data-e-type=\"widget\" data-widget_type=\"image.default\">\n\t\t\t\t<div class=\"elementor-widget-container\">\n\t\t\t\t\t\t\t\t\t\t\t\t\t\t\t<img loading=\"lazy\" decoding=\"async\" width=\"600\" height=\"300\" src=\"https:\/\/donation2charity.com\/spanish\/wp-content\/uploads\/2023\/07\/youth-human-rights-international5.jpg\" class=\"attachment-large size-large wp-image-585\" alt=\"Youth for Human Rights Charity\" srcset=\"https:\/\/donation2charity.com\/spanish\/wp-content\/uploads\/2023\/07\/youth-human-rights-international5.jpg 600w, https:\/\/donation2charity.com\/spanish\/wp-content\/uploads\/2023\/07\/youth-human-rights-international5-300x150.jpg 300w\" sizes=\"(max-width: 600px) 100vw, 600px\" \/>\t\t\t\t\t\t\t\t\t\t\t\t\t\t\t<\/div>\n\t\t\t\t<\/div>\n\t\t\t\t<div class=\"elementor-element elementor-element-04c5307 elementor-widget-divider--view-line elementor-widget elementor-widget-divider\" data-id=\"04c5307\" data-element_type=\"widget\" data-e-type=\"widget\" data-widget_type=\"divider.default\">\n\t\t\t\t<div class=\"elementor-widget-container\">\n\t\t\t\t\t\t\t<div class=\"elementor-divider\">\n\t\t\t<span class=\"elementor-divider-separator\">\n\t\t\t\t\t\t<\/span>\n\t\t<\/div>\n\t\t\t\t\t\t<\/div>\n\t\t\t\t<\/div>\n\t\t\t\t<div class=\"elementor-element elementor-element-3663e87 elementor-widget elementor-widget-text-editor\" data-id=\"3663e87\" data-element_type=\"widget\" data-e-type=\"widget\" data-widget_type=\"text-editor.default\">\n\t\t\t\t<div class=\"elementor-widget-container\">\n\t\t\t\t\t\t\t\t\t<p>Fuente: Algunas im\u00e1genes, texto y v\u00eddeos son propiedad y derechos de autor de Youth for Human Rights International.<\/p>\t\t\t\t\t\t\t\t<\/div>\n\t\t\t\t<\/div>\n\t\t\t\t\t<\/div>\n\t\t\t\t<\/div>\n\t\t\t\t<\/div>\n\t\t","protected":false},"excerpt":{"rendered":"<p>Ayudar\u00e1 a Preparar Su Camino a la Independencia Ense\u00f1ando a nuestros hijos acerca de los derechos humanos. Por favor ay\u00fadenos a la donaci\u00f3n de su coche, barco o veh\u00edculo recreativo para que podamos seguir inspirando a nuestros j\u00f3venes a convertirse en defensores de la tolerancia y la paz. Los Ni\u00f1os Son El Futuro, Den Su [&hellip;]<\/p>\n","protected":false},"author":1,"featured_media":0,"parent":346,"menu_order":0,"comment_status":"closed","ping_status":"closed","template":"","meta":{"_monsterinsights_skip_tracking":false,"_monsterinsights_sitenote_active":false,"_monsterinsights_sitenote_note":"","_monsterinsights_sitenote_category":0,"footnotes":""},"class_list":["post-577","page","type-page","status-publish","hentry"],"_links":{"self":[{"href":"https:\/\/donation2charity.com\/spanish\/wp-json\/wp\/v2\/pages\/577","targetHints":{"allow":["GET"]}}],"collection":[{"href":"https:\/\/donation2charity.com\/spanish\/wp-json\/wp\/v2\/pages"}],"about":[{"href":"https:\/\/donation2charity.com\/spanish\/wp-json\/wp\/v2\/types\/page"}],"author":[{"embeddable":true,"href":"https:\/\/donation2charity.com\/spanish\/wp-json\/wp\/v2\/users\/1"}],"replies":[{"embeddable":true,"href":"https:\/\/donation2charity.com\/spanish\/wp-json\/wp\/v2\/comments?post=577"}],"version-history":[{"count":4,"href":"https:\/\/donation2charity.com\/spanish\/wp-json\/wp\/v2\/pages\/577\/revisions"}],"predecessor-version":[{"id":588,"href":"https:\/\/donation2charity.com\/spanish\/wp-json\/wp\/v2\/pages\/577\/revisions\/588"}],"up":[{"embeddable":true,"href":"https:\/\/donation2charity.com\/spanish\/wp-json\/wp\/v2\/pages\/346"}],"wp:attachment":[{"href":"https:\/\/donation2charity.com\/spanish\/wp-json\/wp\/v2\/media?parent=577"}],"curies":[{"name":"wp","href":"https:\/\/api.w.org\/{rel}","templated":true}]}}