{"id":623,"date":"2023-07-31T19:57:31","date_gmt":"2023-08-01T02:57:31","guid":{"rendered":"https:\/\/donation2charity.com\/newspanish\/?page_id=623"},"modified":"2024-02-12T13:40:11","modified_gmt":"2024-02-12T21:40:11","slug":"why-donate","status":"publish","type":"page","link":"https:\/\/donation2charity.com\/spanish\/why-donate\/","title":{"rendered":"Why Donate"},"content":{"rendered":"<div id=\"playht-iframe-wrapper\" style=\"max-height: 210px !important;\">\n\t<iframe\n\tscrolling=\"no\"\n\tclass=\"playht-iframe-player\"\n\tid=\"playht-iframe-player\"\n\theight=\"90px\"\n\twidth=\"100%\"\n\tframeborder=\"0\"\n\tstyle=\"max-height: 90px; height: 90px !important;\"\n\tsrc=\"https:\/\/play.ht\/embed\/?article_url=https:\/\/donation2charity.com\/spanish\/?p=623&voice=es-MX-DaliaNeural&appId=6UlgvTgrkLe&trans_id=-NqUFUcY3W8AyOMtG1J7\"\n\tdata-voice=\"es-MX-DaliaNeural\"\n\tarticle-url=\"https:\/\/donation2charity.com\/spanish\/?p=623\"\n\tdata-appId=\"6UlgvTgrkLe\"\n\tallowfullscreen=\"\">\n\t<\/iframe>\n<\/div>\n\t\t<div data-elementor-type=\"wp-page\" data-elementor-id=\"623\" class=\"elementor elementor-623\" data-elementor-post-type=\"page\">\n\t\t\t\t<div class=\"elementor-element elementor-element-b05737b e-flex e-con-boxed e-con e-parent\" data-id=\"b05737b\" data-element_type=\"container\" data-e-type=\"container\">\n\t\t\t\t\t<div class=\"e-con-inner\">\n\t\t\t\t<div class=\"elementor-element elementor-element-924af51 elementor-widget elementor-widget-heading\" data-id=\"924af51\" data-element_type=\"widget\" data-e-type=\"widget\" data-widget_type=\"heading.default\">\n\t\t\t\t<div class=\"elementor-widget-container\">\n\t\t\t\t\t<h1 class=\"elementor-heading-title elementor-size-default\">\u00bfPor Qu\u00e9 Donar?<\/h1>\t\t\t\t<\/div>\n\t\t\t\t<\/div>\n\t\t\t\t<div class=\"elementor-element elementor-element-57410fd elementor-widget elementor-widget-image\" data-id=\"57410fd\" data-element_type=\"widget\" data-e-type=\"widget\" data-widget_type=\"image.default\">\n\t\t\t\t<div class=\"elementor-widget-container\">\n\t\t\t\t\t\t\t\t\t\t\t\t\t\t\t<img fetchpriority=\"high\" decoding=\"async\" width=\"800\" height=\"394\" src=\"https:\/\/donation2charity.com\/spanish\/wp-content\/uploads\/2023\/07\/why-donate-a-car-1024x504.webp\" class=\"attachment-large size-large wp-image-626\" alt=\"Donate a Car\" srcset=\"https:\/\/donation2charity.com\/spanish\/wp-content\/uploads\/2023\/07\/why-donate-a-car-1024x504.webp 1024w, https:\/\/donation2charity.com\/spanish\/wp-content\/uploads\/2023\/07\/why-donate-a-car-300x148.webp 300w, https:\/\/donation2charity.com\/spanish\/wp-content\/uploads\/2023\/07\/why-donate-a-car-768x378.webp 768w, https:\/\/donation2charity.com\/spanish\/wp-content\/uploads\/2023\/07\/why-donate-a-car.webp 1200w\" sizes=\"(max-width: 800px) 100vw, 800px\" \/>\t\t\t\t\t\t\t\t\t\t\t\t\t\t\t<\/div>\n\t\t\t\t<\/div>\n\t\t\t\t<div class=\"elementor-element elementor-element-d7fb60f elementor-widget elementor-widget-heading\" data-id=\"d7fb60f\" data-element_type=\"widget\" data-e-type=\"widget\" data-widget_type=\"heading.default\">\n\t\t\t\t<div class=\"elementor-widget-container\">\n\t\t\t\t\t<h2 class=\"elementor-heading-title elementor-size-default\">Aqu\u00ed hay algunas razones comunes para donar un coche, barco o RV:<\/h2>\t\t\t\t<\/div>\n\t\t\t\t<\/div>\n\t\t\t\t\t<\/div>\n\t\t\t\t<\/div>\n\t\t<div class=\"elementor-element elementor-element-393e8d8 e-flex e-con-boxed e-con e-parent\" data-id=\"393e8d8\" data-element_type=\"container\" data-e-type=\"container\">\n\t\t\t\t\t<div class=\"e-con-inner\">\n\t\t<div class=\"elementor-element elementor-element-879d9e7 e-con-full e-flex e-con e-parent\" data-id=\"879d9e7\" data-element_type=\"container\" data-e-type=\"container\">\n\t\t\t\t<div class=\"elementor-element elementor-element-c6d0928 elementor-widget elementor-widget-image\" data-id=\"c6d0928\" data-element_type=\"widget\" data-e-type=\"widget\" data-widget_type=\"image.default\">\n\t\t\t\t<div class=\"elementor-widget-container\">\n\t\t\t\t\t\t\t\t\t\t\t\t\t\t\t<img decoding=\"async\" width=\"715\" height=\"335\" src=\"https:\/\/donation2charity.com\/spanish\/wp-content\/uploads\/2023\/08\/why-donate-a-car2.jpg\" class=\"attachment-large size-large wp-image-627\" alt=\"Donate a Car\" srcset=\"https:\/\/donation2charity.com\/spanish\/wp-content\/uploads\/2023\/08\/why-donate-a-car2.jpg 715w, https:\/\/donation2charity.com\/spanish\/wp-content\/uploads\/2023\/08\/why-donate-a-car2-300x141.jpg 300w\" sizes=\"(max-width: 715px) 100vw, 715px\" \/>\t\t\t\t\t\t\t\t\t\t\t\t\t\t\t<\/div>\n\t\t\t\t<\/div>\n\t\t\t\t<\/div>\n\t\t<div class=\"elementor-element elementor-element-1b605d4 e-con-full e-flex e-con e-parent\" data-id=\"1b605d4\" data-element_type=\"container\" data-e-type=\"container\">\n\t\t\t\t<div class=\"elementor-element elementor-element-d4dce70 elementor-widget elementor-widget-heading\" data-id=\"d4dce70\" data-element_type=\"widget\" data-e-type=\"widget\" data-widget_type=\"heading.default\">\n\t\t\t\t<div class=\"elementor-widget-container\">\n\t\t\t\t\t<h4 class=\"elementor-heading-title elementor-size-default\">Refacci\u00f3n<\/h4>\t\t\t\t<\/div>\n\t\t\t\t<\/div>\n\t\t\t\t<div class=\"elementor-element elementor-element-85b28d1 elementor-widget elementor-widget-text-editor\" data-id=\"85b28d1\" data-element_type=\"widget\" data-e-type=\"widget\" data-widget_type=\"text-editor.default\">\n\t\t\t\t<div class=\"elementor-widget-container\">\n\t\t\t\t\t\t\t\t\t<p>La reparaci\u00f3n y coche m\u00e1s viejo, barco o RV puede ser muy costoso, y puede que no sea digno de la inversi\u00f3n.\u00a0En muchos casos, el valor no aumenta incluso despu\u00e9s de pasar una gran suma de dinero en reparaciones.\u00a0La donaci\u00f3n de su coche, barco o RV es a menudo una mejor opci\u00f3n.\u00a0No s\u00f3lo va a ahorrar dinero en el mantenimiento y las reparaciones regulares, usted ya no tendr\u00e1 que pagar por una aseguranza cara.<\/p>\t\t\t\t\t\t\t\t<\/div>\n\t\t\t\t<\/div>\n\t\t\t\t<\/div>\n\t\t\t\t\t<\/div>\n\t\t\t\t<\/div>\n\t\t<div class=\"elementor-element elementor-element-845ee81 e-flex e-con-boxed e-con e-parent\" data-id=\"845ee81\" data-element_type=\"container\" data-e-type=\"container\">\n\t\t\t\t\t<div class=\"e-con-inner\">\n\t\t<div class=\"elementor-element elementor-element-945f019 e-con-full e-flex e-con e-parent\" data-id=\"945f019\" data-element_type=\"container\" data-e-type=\"container\">\n\t\t\t\t<div class=\"elementor-element elementor-element-38cb985 elementor-widget elementor-widget-image\" data-id=\"38cb985\" data-element_type=\"widget\" data-e-type=\"widget\" data-widget_type=\"image.default\">\n\t\t\t\t<div class=\"elementor-widget-container\">\n\t\t\t\t\t\t\t\t\t\t\t\t\t\t\t<img decoding=\"async\" width=\"715\" height=\"335\" src=\"https:\/\/donation2charity.com\/spanish\/wp-content\/uploads\/2023\/08\/why-donate-a-car3-1.jpg\" class=\"attachment-large size-large wp-image-628\" alt=\"Donate a Car\" srcset=\"https:\/\/donation2charity.com\/spanish\/wp-content\/uploads\/2023\/08\/why-donate-a-car3-1.jpg 715w, https:\/\/donation2charity.com\/spanish\/wp-content\/uploads\/2023\/08\/why-donate-a-car3-1-300x141.jpg 300w\" sizes=\"(max-width: 715px) 100vw, 715px\" \/>\t\t\t\t\t\t\t\t\t\t\t\t\t\t\t<\/div>\n\t\t\t\t<\/div>\n\t\t\t\t<\/div>\n\t\t<div class=\"elementor-element elementor-element-5452eff e-con-full e-flex e-con e-parent\" data-id=\"5452eff\" data-element_type=\"container\" data-e-type=\"container\">\n\t\t\t\t<div class=\"elementor-element elementor-element-9ed57be elementor-widget elementor-widget-heading\" data-id=\"9ed57be\" data-element_type=\"widget\" data-e-type=\"widget\" data-widget_type=\"heading.default\">\n\t\t\t\t<div class=\"elementor-widget-container\">\n\t\t\t\t\t<h4 class=\"elementor-heading-title elementor-size-default\">La Negociaci\u00f3n de un Coche M\u00e1s Viejo No Vale La Pena<\/h4>\t\t\t\t<\/div>\n\t\t\t\t<\/div>\n\t\t\t\t<div class=\"elementor-element elementor-element-d116d83 elementor-widget elementor-widget-text-editor\" data-id=\"d116d83\" data-element_type=\"widget\" data-e-type=\"widget\" data-widget_type=\"text-editor.default\">\n\t\t\t\t<div class=\"elementor-widget-container\">\n\t\t\t\t\t\t\t\t\t<p>Los concesionarios de autom\u00f3viles quieren hacer tanto dinero como sea posible en un intercambio, sobre todo si el veh\u00edculo est\u00e1 en buenas condiciones. Ellos se caracterizan por ofrecer el 80 por ciento del valor del Kelly Blue Book, ya veces puede ser tan bajo como 60 por ciento. Permutas rara vez le dan un valor de mercado.<\/p>\t\t\t\t\t\t\t\t<\/div>\n\t\t\t\t<\/div>\n\t\t\t\t<\/div>\n\t\t\t\t\t<\/div>\n\t\t\t\t<\/div>\n\t\t<div class=\"elementor-element elementor-element-45ba2a8 e-flex e-con-boxed e-con e-parent\" data-id=\"45ba2a8\" data-element_type=\"container\" data-e-type=\"container\">\n\t\t\t\t\t<div class=\"e-con-inner\">\n\t\t<div class=\"elementor-element elementor-element-8b14197 e-con-full e-flex e-con e-parent\" data-id=\"8b14197\" data-element_type=\"container\" data-e-type=\"container\">\n\t\t\t\t<div class=\"elementor-element elementor-element-f7a7027 elementor-widget elementor-widget-image\" data-id=\"f7a7027\" data-element_type=\"widget\" data-e-type=\"widget\" data-widget_type=\"image.default\">\n\t\t\t\t<div class=\"elementor-widget-container\">\n\t\t\t\t\t\t\t\t\t\t\t\t\t\t\t<img loading=\"lazy\" decoding=\"async\" width=\"484\" height=\"238\" src=\"https:\/\/donation2charity.com\/spanish\/wp-content\/uploads\/2023\/08\/why-donate-a-car4-1.jpg\" class=\"attachment-large size-large wp-image-634\" alt=\"Donate a Car\" srcset=\"https:\/\/donation2charity.com\/spanish\/wp-content\/uploads\/2023\/08\/why-donate-a-car4-1.jpg 484w, https:\/\/donation2charity.com\/spanish\/wp-content\/uploads\/2023\/08\/why-donate-a-car4-1-300x148.jpg 300w\" sizes=\"(max-width: 484px) 100vw, 484px\" \/>\t\t\t\t\t\t\t\t\t\t\t\t\t\t\t<\/div>\n\t\t\t\t<\/div>\n\t\t\t\t<\/div>\n\t\t<div class=\"elementor-element elementor-element-c3c5157 e-con-full e-flex e-con e-parent\" data-id=\"c3c5157\" data-element_type=\"container\" data-e-type=\"container\">\n\t\t\t\t<div class=\"elementor-element elementor-element-3494ca0 elementor-widget elementor-widget-heading\" data-id=\"3494ca0\" data-element_type=\"widget\" data-e-type=\"widget\" data-widget_type=\"heading.default\">\n\t\t\t\t<div class=\"elementor-widget-container\">\n\t\t\t\t\t<h4 class=\"elementor-heading-title elementor-size-default\">Chatarra de Coches<\/h4>\t\t\t\t<\/div>\n\t\t\t\t<\/div>\n\t\t\t\t<div class=\"elementor-element elementor-element-e969bc3 elementor-widget elementor-widget-text-editor\" data-id=\"e969bc3\" data-element_type=\"widget\" data-e-type=\"widget\" data-widget_type=\"text-editor.default\">\n\t\t\t\t<div class=\"elementor-widget-container\">\n\t\t\t\t\t\t\t\t\t<p>Si usted tiene un coche con da\u00f1os de oxidaci\u00f3n severa y no se ejecuta o no puede pasar una prueba de emisiones, donando el veh\u00edculo puede ser una buena opci\u00f3n.\u00a0En la mayor\u00eda de los casos, usted puede donar un coche, independientemente de su condici\u00f3n, incluso si se trata de un mont\u00f3n de basura y no operacionales.\u00a0Si usted decide tener el coche remolcado a un dep\u00f3sito de chatarra, tendr\u00e1 que pagar una cuota de remolque e incluso a veces una cuota para el dep\u00f3sito de chatarra.\u00a0Sin embargo, si dona el veh\u00edculo, no s\u00f3lo obtiene libre de remolque, se obtiene una deducci\u00f3n de impuestos y que est\u00e1 ayudando a una organizaci\u00f3n ben\u00e9fica.<\/p>\t\t\t\t\t\t\t\t<\/div>\n\t\t\t\t<\/div>\n\t\t\t\t<\/div>\n\t\t\t\t\t<\/div>\n\t\t\t\t<\/div>\n\t\t<div class=\"elementor-element elementor-element-f9a10d4 e-flex e-con-boxed e-con e-parent\" data-id=\"f9a10d4\" data-element_type=\"container\" data-e-type=\"container\">\n\t\t\t\t\t<div class=\"e-con-inner\">\n\t\t<div class=\"elementor-element elementor-element-9f6b1e9 e-con-full e-flex e-con e-parent\" data-id=\"9f6b1e9\" data-element_type=\"container\" data-e-type=\"container\">\n\t\t\t\t<div class=\"elementor-element elementor-element-167d32e elementor-widget elementor-widget-image\" data-id=\"167d32e\" data-element_type=\"widget\" data-e-type=\"widget\" data-widget_type=\"image.default\">\n\t\t\t\t<div class=\"elementor-widget-container\">\n\t\t\t\t\t\t\t\t\t\t\t\t\t\t\t<img loading=\"lazy\" decoding=\"async\" width=\"600\" height=\"387\" src=\"https:\/\/donation2charity.com\/spanish\/wp-content\/uploads\/2023\/08\/why-donate-a-car5.jpg\" class=\"attachment-large size-large wp-image-633\" alt=\"Donate a Car\" srcset=\"https:\/\/donation2charity.com\/spanish\/wp-content\/uploads\/2023\/08\/why-donate-a-car5.jpg 600w, https:\/\/donation2charity.com\/spanish\/wp-content\/uploads\/2023\/08\/why-donate-a-car5-300x194.jpg 300w\" sizes=\"(max-width: 600px) 100vw, 600px\" \/>\t\t\t\t\t\t\t\t\t\t\t\t\t\t\t<\/div>\n\t\t\t\t<\/div>\n\t\t\t\t<\/div>\n\t\t<div class=\"elementor-element elementor-element-4375779 e-con-full e-flex e-con e-parent\" data-id=\"4375779\" data-element_type=\"container\" data-e-type=\"container\">\n\t\t\t\t<div class=\"elementor-element elementor-element-7deb345 elementor-widget elementor-widget-heading\" data-id=\"7deb345\" data-element_type=\"widget\" data-e-type=\"widget\" data-widget_type=\"heading.default\">\n\t\t\t\t<div class=\"elementor-widget-container\">\n\t\t\t\t\t<h4 class=\"elementor-heading-title elementor-size-default\">Sin T\u00edtulo<\/h4>\t\t\t\t<\/div>\n\t\t\t\t<\/div>\n\t\t\t\t<div class=\"elementor-element elementor-element-f5eb1b9 elementor-widget elementor-widget-text-editor\" data-id=\"f5eb1b9\" data-element_type=\"widget\" data-e-type=\"widget\" data-widget_type=\"text-editor.default\">\n\t\t\t\t<div class=\"elementor-widget-container\">\n\t\t\t\t\t\t\t\t\t<p>Algunas organizaciones ben\u00e9ficas aceptar\u00e1n un coche que no tiene un t\u00edtulo. En la mayor\u00eda de los casos, el veh\u00edculo solamente ser\u00e1 subastado para el desecho o partes; reduciendo as\u00ed el valor de su deducci\u00f3n, pero al menos se puede conseguir que fuera de su propiedad o fuera de su camino de entrada y puede evitar el gasto de reemplazar el t\u00edtulo.<\/p>\t\t\t\t\t\t\t\t<\/div>\n\t\t\t\t<\/div>\n\t\t\t\t<\/div>\n\t\t\t\t\t<\/div>\n\t\t\t\t<\/div>\n\t\t<div class=\"elementor-element elementor-element-736342b e-flex e-con-boxed e-con e-parent\" data-id=\"736342b\" data-element_type=\"container\" data-e-type=\"container\">\n\t\t\t\t\t<div class=\"e-con-inner\">\n\t\t<div class=\"elementor-element elementor-element-341508e e-con-full e-flex e-con e-parent\" data-id=\"341508e\" data-element_type=\"container\" data-e-type=\"container\">\n\t\t\t\t<div class=\"elementor-element elementor-element-481d1a1 elementor-widget elementor-widget-image\" data-id=\"481d1a1\" data-element_type=\"widget\" data-e-type=\"widget\" data-widget_type=\"image.default\">\n\t\t\t\t<div class=\"elementor-widget-container\">\n\t\t\t\t\t\t\t\t\t\t\t\t\t\t\t<img loading=\"lazy\" decoding=\"async\" width=\"715\" height=\"335\" src=\"https:\/\/donation2charity.com\/spanish\/wp-content\/uploads\/2023\/08\/why-donate-a-car6.jpg\" class=\"attachment-large size-large wp-image-632\" alt=\"Donate a Car\" srcset=\"https:\/\/donation2charity.com\/spanish\/wp-content\/uploads\/2023\/08\/why-donate-a-car6.jpg 715w, https:\/\/donation2charity.com\/spanish\/wp-content\/uploads\/2023\/08\/why-donate-a-car6-300x141.jpg 300w\" sizes=\"(max-width: 715px) 100vw, 715px\" \/>\t\t\t\t\t\t\t\t\t\t\t\t\t\t\t<\/div>\n\t\t\t\t<\/div>\n\t\t\t\t<\/div>\n\t\t<div class=\"elementor-element elementor-element-94e2b5d e-con-full e-flex e-con e-parent\" data-id=\"94e2b5d\" data-element_type=\"container\" data-e-type=\"container\">\n\t\t\t\t<div class=\"elementor-element elementor-element-95c1d89 elementor-widget elementor-widget-heading\" data-id=\"95c1d89\" data-element_type=\"widget\" data-e-type=\"widget\" data-widget_type=\"heading.default\">\n\t\t\t\t<div class=\"elementor-widget-container\">\n\t\t\t\t\t<h4 class=\"elementor-heading-title elementor-size-default\">El Coche, Barco o RV era Propiedad de un Familiar Fallecido<\/h4>\t\t\t\t<\/div>\n\t\t\t\t<\/div>\n\t\t\t\t<div class=\"elementor-element elementor-element-83c1eb0 elementor-widget elementor-widget-text-editor\" data-id=\"83c1eb0\" data-element_type=\"widget\" data-e-type=\"widget\" data-widget_type=\"text-editor.default\">\n\t\t\t\t<div class=\"elementor-widget-container\">\n\t\t\t\t\t\t\t\t\t<p>Cuando un c\u00f3nyuge o miembro de la familia muere, es una tarea dif\u00edcil decidir qu\u00e9 conservar y qu\u00e9 desechar.\u00a0Por lo general hay herencias que no puede ser separado de, pero los veh\u00edculos no son normalmente un elemento sentimental.\u00a0Se trata de un viejo o modelo de coche puede ser una carga.<\/p><p>Hay temas como el t\u00edtulo del veh\u00edculo que est\u00e1 a nombre de una persona muerta, y esto puede ser confuso.\u00a0Sin embargo, la donaci\u00f3n de su coche le da la ventaja de tener nuestro personal experimentado a caminar a trav\u00e9s del proceso y responder cualquier pregunta que pueda tener.<\/p>\t\t\t\t\t\t\t\t<\/div>\n\t\t\t\t<\/div>\n\t\t\t\t<\/div>\n\t\t\t\t\t<\/div>\n\t\t\t\t<\/div>\n\t\t<div class=\"elementor-element elementor-element-2c36248 e-flex e-con-boxed e-con e-parent\" data-id=\"2c36248\" data-element_type=\"container\" data-e-type=\"container\">\n\t\t\t\t\t<div class=\"e-con-inner\">\n\t\t<div class=\"elementor-element elementor-element-0d99d59 e-con-full e-flex e-con e-parent\" data-id=\"0d99d59\" data-element_type=\"container\" data-e-type=\"container\">\n\t\t\t\t<div class=\"elementor-element elementor-element-33bf002 elementor-widget elementor-widget-image\" data-id=\"33bf002\" data-element_type=\"widget\" data-e-type=\"widget\" data-widget_type=\"image.default\">\n\t\t\t\t<div class=\"elementor-widget-container\">\n\t\t\t\t\t\t\t\t\t\t\t\t\t\t\t<img loading=\"lazy\" decoding=\"async\" width=\"600\" height=\"279\" src=\"https:\/\/donation2charity.com\/spanish\/wp-content\/uploads\/2023\/08\/why-donate-a-car7.jpg\" class=\"attachment-large size-large wp-image-631\" alt=\"Donate a Car\" srcset=\"https:\/\/donation2charity.com\/spanish\/wp-content\/uploads\/2023\/08\/why-donate-a-car7.jpg 600w, https:\/\/donation2charity.com\/spanish\/wp-content\/uploads\/2023\/08\/why-donate-a-car7-300x140.jpg 300w\" sizes=\"(max-width: 600px) 100vw, 600px\" \/>\t\t\t\t\t\t\t\t\t\t\t\t\t\t\t<\/div>\n\t\t\t\t<\/div>\n\t\t\t\t<\/div>\n\t\t<div class=\"elementor-element elementor-element-f8dc858 e-con-full e-flex e-con e-parent\" data-id=\"f8dc858\" data-element_type=\"container\" data-e-type=\"container\">\n\t\t\t\t<div class=\"elementor-element elementor-element-23a857d elementor-widget elementor-widget-heading\" data-id=\"23a857d\" data-element_type=\"widget\" data-e-type=\"widget\" data-widget_type=\"heading.default\">\n\t\t\t\t<div class=\"elementor-widget-container\">\n\t\t\t\t\t<h4 class=\"elementor-heading-title elementor-size-default\">Coches de Temporada, Barcos y Veh\u00edculos Recreativos<\/h4>\t\t\t\t<\/div>\n\t\t\t\t<\/div>\n\t\t\t\t<div class=\"elementor-element elementor-element-e755f67 elementor-widget elementor-widget-text-editor\" data-id=\"e755f67\" data-element_type=\"widget\" data-e-type=\"widget\" data-widget_type=\"text-editor.default\">\n\t\t\t\t<div class=\"elementor-widget-container\">\n\t\t\t\t\t\t\t\t\t<p>Coches, barcos, veh\u00edculos recreativos y especialmente ocupan mucho espacio de almacenamiento.\u00a0Si usted tiene un veh\u00edculo extra que no est\u00e1 utilizando de forma regular, que est\u00e1 pagando por el espacio que se podr\u00eda utilizar de manera m\u00e1s eficiente.\u00a0Y si usted tiene un RV en el almacenamiento que se utiliza s\u00f3lo para que las vacaciones de verano, se puede ahorrar mucho dinero en las tarifas de mantenimiento, de seguros y de almacenamiento si lo don\u00f3 a la caridad y alquil\u00f3 una casa rodante cuando lo necesite.\u00a0Lo mismo vale para un barco.\u00a0\u00bfPor qu\u00e9 trato con el mantenimiento y depreciaci\u00f3n anual cuando se puede alquilar una reciente modelo RV o barco.<\/p>\t\t\t\t\t\t\t\t<\/div>\n\t\t\t\t<\/div>\n\t\t\t\t<\/div>\n\t\t\t\t\t<\/div>\n\t\t\t\t<\/div>\n\t\t<div class=\"elementor-element elementor-element-79bcf8a e-flex e-con-boxed e-con e-parent\" data-id=\"79bcf8a\" data-element_type=\"container\" data-e-type=\"container\">\n\t\t\t\t\t<div class=\"e-con-inner\">\n\t\t<div class=\"elementor-element elementor-element-59ae0cc e-con-full e-flex e-con e-parent\" data-id=\"59ae0cc\" data-element_type=\"container\" data-e-type=\"container\">\n\t\t\t\t<div class=\"elementor-element elementor-element-828c5d4 elementor-widget elementor-widget-image\" data-id=\"828c5d4\" data-element_type=\"widget\" data-e-type=\"widget\" data-widget_type=\"image.default\">\n\t\t\t\t<div class=\"elementor-widget-container\">\n\t\t\t\t\t\t\t\t\t\t\t\t\t\t\t<img loading=\"lazy\" decoding=\"async\" width=\"600\" height=\"279\" src=\"https:\/\/donation2charity.com\/spanish\/wp-content\/uploads\/2023\/08\/why-donate-a-car8.jpg\" class=\"attachment-large size-large wp-image-630\" alt=\"Donate a Car\" srcset=\"https:\/\/donation2charity.com\/spanish\/wp-content\/uploads\/2023\/08\/why-donate-a-car8.jpg 600w, https:\/\/donation2charity.com\/spanish\/wp-content\/uploads\/2023\/08\/why-donate-a-car8-300x140.jpg 300w\" sizes=\"(max-width: 600px) 100vw, 600px\" \/>\t\t\t\t\t\t\t\t\t\t\t\t\t\t\t<\/div>\n\t\t\t\t<\/div>\n\t\t\t\t<\/div>\n\t\t<div class=\"elementor-element elementor-element-862620b e-con-full e-flex e-con e-parent\" data-id=\"862620b\" data-element_type=\"container\" data-e-type=\"container\">\n\t\t\t\t<div class=\"elementor-element elementor-element-66f33cc elementor-widget elementor-widget-heading\" data-id=\"66f33cc\" data-element_type=\"widget\" data-e-type=\"widget\" data-widget_type=\"heading.default\">\n\t\t\t\t<div class=\"elementor-widget-container\">\n\t\t\t\t\t<h4 class=\"elementor-heading-title elementor-size-default\">Deducci\u00f3n de Impuestos<\/h4>\t\t\t\t<\/div>\n\t\t\t\t<\/div>\n\t\t\t\t<div class=\"elementor-element elementor-element-7fff573 elementor-widget elementor-widget-text-editor\" data-id=\"7fff573\" data-element_type=\"widget\" data-e-type=\"widget\" data-widget_type=\"text-editor.default\">\n\t\t\t\t<div class=\"elementor-widget-container\">\n\t\t\t\t\t\t\t\t\t<p>Uno de los mayores beneficios de la donaci\u00f3n de un autom\u00f3vil, barco o RV para una marca registrada 501 (c) (3) sin fines de lucro es la deducci\u00f3n de impuestos.\u00a0La caridad le emitir\u00e1 un recibo de impuestos despu\u00e9s de su donaci\u00f3n es aceptada.\u00a0Esto le permite reclamar una deducci\u00f3n en los impuestos del a\u00f1o siguiente.<\/p>\t\t\t\t\t\t\t\t<\/div>\n\t\t\t\t<\/div>\n\t\t\t\t<\/div>\n\t\t\t\t\t<\/div>\n\t\t\t\t<\/div>\n\t\t<div class=\"elementor-element elementor-element-4ff48d6 e-flex e-con-boxed e-con e-parent\" data-id=\"4ff48d6\" data-element_type=\"container\" data-e-type=\"container\">\n\t\t\t\t\t<div class=\"e-con-inner\">\n\t\t<div class=\"elementor-element elementor-element-8765f29 e-con-full e-flex e-con e-parent\" data-id=\"8765f29\" data-element_type=\"container\" data-e-type=\"container\">\n\t\t\t\t<div class=\"elementor-element elementor-element-ed7bbe4 elementor-widget elementor-widget-image\" data-id=\"ed7bbe4\" data-element_type=\"widget\" data-e-type=\"widget\" data-widget_type=\"image.default\">\n\t\t\t\t<div class=\"elementor-widget-container\">\n\t\t\t\t\t\t\t\t\t\t\t\t\t\t\t<img loading=\"lazy\" decoding=\"async\" width=\"600\" height=\"347\" src=\"https:\/\/donation2charity.com\/spanish\/wp-content\/uploads\/2023\/08\/why-donate-a-car9.jpg\" class=\"attachment-large size-large wp-image-629\" alt=\"Donate a Car\" srcset=\"https:\/\/donation2charity.com\/spanish\/wp-content\/uploads\/2023\/08\/why-donate-a-car9.jpg 600w, https:\/\/donation2charity.com\/spanish\/wp-content\/uploads\/2023\/08\/why-donate-a-car9-300x174.jpg 300w\" sizes=\"(max-width: 600px) 100vw, 600px\" \/>\t\t\t\t\t\t\t\t\t\t\t\t\t\t\t<\/div>\n\t\t\t\t<\/div>\n\t\t\t\t<\/div>\n\t\t<div class=\"elementor-element elementor-element-d7cd657 e-con-full e-flex e-con e-parent\" data-id=\"d7cd657\" data-element_type=\"container\" data-e-type=\"container\">\n\t\t\t\t<div class=\"elementor-element elementor-element-3d1a440 elementor-widget elementor-widget-heading\" data-id=\"3d1a440\" data-element_type=\"widget\" data-e-type=\"widget\" data-widget_type=\"heading.default\">\n\t\t\t\t<div class=\"elementor-widget-container\">\n\t\t\t\t\t<h4 class=\"elementor-heading-title elementor-size-default\">Ayudar a Caridades<\/h4>\t\t\t\t<\/div>\n\t\t\t\t<\/div>\n\t\t\t\t<div class=\"elementor-element elementor-element-c25f065 elementor-widget elementor-widget-text-editor\" data-id=\"c25f065\" data-element_type=\"widget\" data-e-type=\"widget\" data-widget_type=\"text-editor.default\">\n\t\t\t\t<div class=\"elementor-widget-container\">\n\t\t\t\t\t\t\t\t\t<p>Probablemente la mejor raz\u00f3n por la donaci\u00f3n de un coche, barco o RV es que ayuda a una organizaci\u00f3n ben\u00e9fica. Su coche viejo puede no parecer tan importante para ti, pero los beneficios de la venta puede proporcionar servicios continuos a la caridad que desea apoyar.<\/p>\t\t\t\t\t\t\t\t<\/div>\n\t\t\t\t<\/div>\n\t\t\t\t<\/div>\n\t\t\t\t\t<\/div>\n\t\t\t\t<\/div>\n\t\t\t\t<\/div>\n\t\t","protected":false},"excerpt":{"rendered":"<p>\u00bfPor Qu\u00e9 Donar? Aqu\u00ed hay algunas razones comunes para donar un coche, barco o RV: Refacci\u00f3n La reparaci\u00f3n y coche m\u00e1s viejo, barco o RV puede ser muy costoso, y puede que no sea digno de la inversi\u00f3n.\u00a0En muchos casos, el valor no aumenta incluso despu\u00e9s de pasar una gran suma de dinero en reparaciones.\u00a0La [&hellip;]<\/p>\n","protected":false},"author":1,"featured_media":0,"parent":0,"menu_order":0,"comment_status":"closed","ping_status":"closed","template":"","meta":{"_monsterinsights_skip_tracking":false,"_monsterinsights_sitenote_active":false,"_monsterinsights_sitenote_note":"","_monsterinsights_sitenote_category":0,"footnotes":""},"class_list":["post-623","page","type-page","status-publish","hentry"],"_links":{"self":[{"href":"https:\/\/donation2charity.com\/spanish\/wp-json\/wp\/v2\/pages\/623","targetHints":{"allow":["GET"]}}],"collection":[{"href":"https:\/\/donation2charity.com\/spanish\/wp-json\/wp\/v2\/pages"}],"about":[{"href":"https:\/\/donation2charity.com\/spanish\/wp-json\/wp\/v2\/types\/page"}],"author":[{"embeddable":true,"href":"https:\/\/donation2charity.com\/spanish\/wp-json\/wp\/v2\/users\/1"}],"replies":[{"embeddable":true,"href":"https:\/\/donation2charity.com\/spanish\/wp-json\/wp\/v2\/comments?post=623"}],"version-history":[{"count":7,"href":"https:\/\/donation2charity.com\/spanish\/wp-json\/wp\/v2\/pages\/623\/revisions"}],"predecessor-version":[{"id":2106,"href":"https:\/\/donation2charity.com\/spanish\/wp-json\/wp\/v2\/pages\/623\/revisions\/2106"}],"wp:attachment":[{"href":"https:\/\/donation2charity.com\/spanish\/wp-json\/wp\/v2\/media?parent=623"}],"curies":[{"name":"wp","href":"https:\/\/api.w.org\/{rel}","templated":true}]}}