{"id":640,"date":"2023-08-01T01:58:09","date_gmt":"2023-08-01T08:58:09","guid":{"rendered":"https:\/\/donation2charity.com\/newspanish\/?page_id=640"},"modified":"2024-08-21T21:26:03","modified_gmt":"2024-08-22T04:26:03","slug":"how-it-works","status":"publish","type":"page","link":"https:\/\/donation2charity.com\/spanish\/how-it-works\/","title":{"rendered":"How It Works"},"content":{"rendered":"<div id=\"playht-iframe-wrapper\" style=\"max-height: 210px !important;\">\n\t<iframe\n\tscrolling=\"no\"\n\tclass=\"playht-iframe-player\"\n\tid=\"playht-iframe-player\"\n\theight=\"90px\"\n\twidth=\"100%\"\n\tframeborder=\"0\"\n\tstyle=\"max-height: 90px; height: 90px !important;\"\n\tsrc=\"https:\/\/play.ht\/embed\/?article_url=https:\/\/donation2charity.com\/spanish\/?p=640&voice=es-MX-DaliaNeural&appId=6UlgvTgrkLe&trans_id=-O4sK94Uk9mTHWsSXvXJ\"\n\tdata-voice=\"es-MX-DaliaNeural\"\n\tarticle-url=\"https:\/\/donation2charity.com\/spanish\/?p=640\"\n\tdata-appId=\"6UlgvTgrkLe\"\n\tallowfullscreen=\"\">\n\t<\/iframe>\n<\/div>\n\t\t<div data-elementor-type=\"wp-page\" data-elementor-id=\"640\" class=\"elementor elementor-640\" data-elementor-post-type=\"page\">\n\t\t\t\t<div class=\"elementor-element elementor-element-44fb383 e-flex e-con-boxed e-con e-parent\" data-id=\"44fb383\" data-element_type=\"container\" data-e-type=\"container\">\n\t\t\t\t\t<div class=\"e-con-inner\">\n\t\t\t\t<div class=\"elementor-element elementor-element-5d09180 elementor-widget elementor-widget-heading\" data-id=\"5d09180\" data-element_type=\"widget\" data-e-type=\"widget\" data-widget_type=\"heading.default\">\n\t\t\t\t<div class=\"elementor-widget-container\">\n\t\t\t\t\t<h1 class=\"elementor-heading-title elementor-size-default\">Proceso de Donaci\u00f3n<\/h1>\t\t\t\t<\/div>\n\t\t\t\t<\/div>\n\t\t\t\t<div class=\"elementor-element elementor-element-77985e7 elementor-widget elementor-widget-text-editor\" data-id=\"77985e7\" data-element_type=\"widget\" data-e-type=\"widget\" data-widget_type=\"text-editor.default\">\n\t\t\t\t<div class=\"elementor-widget-container\">\n\t\t\t\t\t\t\t\t\t<p><strong>Nuestro objetivo es proporcionar a cada donante con la mejor experiencia possible de donaci\u00f3n, mientras que el mayor rendimiento posible a nuestros clientes de caridad.<\/strong><\/p>\t\t\t\t\t\t\t\t<\/div>\n\t\t\t\t<\/div>\n\t\t\t\t<div class=\"elementor-element elementor-element-2bdf6b9 elementor-widget elementor-widget-html\" data-id=\"2bdf6b9\" data-element_type=\"widget\" data-e-type=\"widget\" data-widget_type=\"html.default\">\n\t\t\t\t<div class=\"elementor-widget-container\">\n\t\t\t\t\t\r\n<div class=\"step one\"><img decoding=\"async\" src=\"https:\/\/donation2charity.com\/wp-content\/uploads\/2019\/08\/step1.png\" \/>\r\n<h4>En el formulario, seleccione la caridad que desea apoyar.<\/h4>\r\n<\/div>\r\n<div class=\"step two\"><img decoding=\"async\" src=\"https:\/\/donation2charity.com\/wp-content\/uploads\/2019\/08\/step2.png\" \/>\r\n<h4>Responda algunas preguntas acerca de su veh\u00edculo, y envie el formulario.<\/h4>\r\n<\/div>\r\n<div class=\"step three\"><img decoding=\"async\" src=\"https:\/\/donation2charity.com\/wp-content\/uploads\/2019\/08\/step3.png\" \/>\r\n<h4>Vamos a programar su recogida r\u00e1pida, y gratuita! \u00a1Es f\u00e1cil!<\/h4>\r\n<\/div>\r\n\r\n\r\n\r\n<style>\r\nh3.with-bg{background:#e4e4e4;padding: 20px;}\r\n.step{margin-bottom:20px}\r\n.vehicle-tbs {\r\n    text-align: center;\r\n    cursor: pointer\r\n}\r\n\r\n.vehicle-tbs .actv {\r\n    box-shadow: 0 0 15px 0 #000\r\n}\r\n@media screen and (min-width:421px){\r\n.step{display:table}\r\n.step img{display:block;padding:15px 0 15px 25px;border-bottom:5px solid #ccc;background:#f4f4f4}\r\n.step h4{font-size:25px;display:table-cell;vertical-align:middle;padding:25px;border-bottom-right-radius:55px;border-width:0 5px 5px 0;border-color:#ccc;border-style:solid;color:#fff}\r\n.step.one h4{background:#6ca99e}\r\n.step.two h4{background:#748bb3}\r\n.step.three h4{background:#6d8a9c}\r\n}\r\n@media screen and (max-width:768px){\r\n.step h4{font-size:18px}\r\n}\r\n@media screen and (max-width:420px){\r\n.step h4{margin:0}\r\n.step img{max-width:120px}\r\n.step{border:1px solid;border-radius:10px;padding:10px;text-align: center;}\r\n}\r\n<\/style>\r\n\t\t\t\t<\/div>\n\t\t\t\t<\/div>\n\t\t\t\t<div class=\"elementor-element elementor-element-818a6e4 elementor-widget-divider--view-line elementor-widget elementor-widget-divider\" data-id=\"818a6e4\" data-element_type=\"widget\" data-e-type=\"widget\" data-widget_type=\"divider.default\">\n\t\t\t\t<div class=\"elementor-widget-container\">\n\t\t\t\t\t\t\t<div class=\"elementor-divider\">\n\t\t\t<span class=\"elementor-divider-separator\">\n\t\t\t\t\t\t<\/span>\n\t\t<\/div>\n\t\t\t\t\t\t<\/div>\n\t\t\t\t<\/div>\n\t\t\t\t<div class=\"elementor-element elementor-element-c074721 elementor-widget elementor-widget-heading\" data-id=\"c074721\" data-element_type=\"widget\" data-e-type=\"widget\" data-widget_type=\"heading.default\">\n\t\t\t\t<div class=\"elementor-widget-container\">\n\t\t\t\t\t<h3 class=\"elementor-heading-title elementor-size-default\">CUALQUIER VEH\u00cdCULO PARA LA CARIDAD ELEGIDA<\/h3>\t\t\t\t<\/div>\n\t\t\t\t<\/div>\n\t\t\t\t<div class=\"elementor-element elementor-element-1abebdd elementor-widget elementor-widget-text-editor\" data-id=\"1abebdd\" data-element_type=\"widget\" data-e-type=\"widget\" data-widget_type=\"text-editor.default\">\n\t\t\t\t<div class=\"elementor-widget-container\">\n\t\t\t\t\t\t\t\t\t<p><strong>Nuestras organizaciones ben\u00e9ficas dependen de los ingresos de la venta de las donaciones de autom\u00f3viles para ayudarles a financiar su misi\u00f3n.<\/strong><\/p>\t\t\t\t\t\t\t\t<\/div>\n\t\t\t\t<\/div>\n\t\t\t\t<div class=\"elementor-element elementor-element-da80a78 vhcle-type elementor-widget elementor-widget-image\" data-id=\"da80a78\" data-element_type=\"widget\" data-e-type=\"widget\" data-widget_type=\"image.default\">\n\t\t\t\t<div class=\"elementor-widget-container\">\n\t\t\t\t\t\t\t\t\t\t\t\t\t\t\t<img fetchpriority=\"high\" decoding=\"async\" width=\"800\" height=\"250\" src=\"https:\/\/donation2charity.com\/spanish\/wp-content\/uploads\/2023\/08\/cars.webp\" class=\"attachment-large size-large wp-image-655\" alt=\"Donate a Car\" srcset=\"https:\/\/donation2charity.com\/spanish\/wp-content\/uploads\/2023\/08\/cars.webp 800w, https:\/\/donation2charity.com\/spanish\/wp-content\/uploads\/2023\/08\/cars-300x94.webp 300w, https:\/\/donation2charity.com\/spanish\/wp-content\/uploads\/2023\/08\/cars-768x240.webp 768w\" sizes=\"(max-width: 800px) 100vw, 800px\" \/>\t\t\t\t\t\t\t\t\t\t\t\t\t\t\t<\/div>\n\t\t\t\t<\/div>\n\t\t\t\t<div class=\"elementor-element elementor-element-f10d071 elementor-widget elementor-widget-html\" data-id=\"f10d071\" data-element_type=\"widget\" data-e-type=\"widget\" data-widget_type=\"html.default\">\n\t\t\t\t<div class=\"elementor-widget-container\">\n\t\t\t\t\t<div class=\"vehicle-tbs\">\r\n  <img decoding=\"async\" class=\"vone actv\" src=\"https:\/\/donation2charity.com\/wp-content\/uploads\/2019\/07\/cars-thumbnail.jpg\">\r\n  <img decoding=\"async\" class=\"vtwo\" src=\"https:\/\/donation2charity.com\/wp-content\/uploads\/2019\/07\/trucks-thumbnail.jpg\">\r\n  <img decoding=\"async\" class=\"vthree\" src=\"https:\/\/donation2charity.com\/wp-content\/uploads\/2019\/07\/boats-thumbnail.jpg\">\r\n  <img decoding=\"async\" class=\"vfour\" src=\"https:\/\/donation2charity.com\/wp-content\/uploads\/2019\/07\/motorhomes-thumbnail.jpg\">\r\n<\/div>\r\n\r\n<script>\r\n    jQuery(document).ready(function(jQuery){\r\n        jQuery('.vehicle-tbs .vone').click(function(){\r\n   jQuery('.vehicle-tbs img').removeClass('actv');\r\n   jQuery(this).addClass('actv');\r\n   jQuery('.vhcle-type img').attr('srcset','https:\/\/donation2charity.com\/wp-content\/uploads\/2019\/07\/cars.jpg');\r\n});\r\njQuery('.vehicle-tbs .vtwo').click(function(){\r\n   jQuery('.vehicle-tbs img').removeClass('actv');\r\n   jQuery(this).addClass('actv');\r\n   jQuery('.vhcle-type img').attr('srcset','https:\/\/donation2charity.com\/wp-content\/uploads\/2019\/07\/trucks.jpg');\r\n});\r\njQuery('.vehicle-tbs .vthree').click(function(){\r\n   jQuery('.vehicle-tbs img').removeClass('actv');\r\n   jQuery(this).addClass('actv');\r\n   jQuery('.vhcle-type img').attr('srcset','https:\/\/donation2charity.com\/wp-content\/uploads\/2019\/07\/boats.jpg');\r\n});\r\njQuery('.vehicle-tbs .vfour').click(function(){\r\n   jQuery('.vehicle-tbs img').removeClass('actv');\r\n   jQuery(this).addClass('actv');\r\n   jQuery('.vhcle-type img').attr('srcset','https:\/\/donation2charity.com\/wp-content\/uploads\/2019\/07\/motorhomes.jpg');\r\n});\r\n    });\r\n<\/script>\t\t\t\t<\/div>\n\t\t\t\t<\/div>\n\t\t\t\t<div class=\"elementor-element elementor-element-c299c79 elementor-widget-divider--view-line elementor-widget elementor-widget-divider\" data-id=\"c299c79\" data-element_type=\"widget\" data-e-type=\"widget\" data-widget_type=\"divider.default\">\n\t\t\t\t<div class=\"elementor-widget-container\">\n\t\t\t\t\t\t\t<div class=\"elementor-divider\">\n\t\t\t<span class=\"elementor-divider-separator\">\n\t\t\t\t\t\t<\/span>\n\t\t<\/div>\n\t\t\t\t\t\t<\/div>\n\t\t\t\t<\/div>\n\t\t\t\t<div class=\"elementor-element elementor-element-52d3770 elementor-widget elementor-widget-heading\" data-id=\"52d3770\" data-element_type=\"widget\" data-e-type=\"widget\" data-widget_type=\"heading.default\">\n\t\t\t\t<div class=\"elementor-widget-container\">\n\t\t\t\t\t<h3 class=\"elementor-heading-title elementor-size-default\">R\u00e1pido y F\u00e1cil<\/h3>\t\t\t\t<\/div>\n\t\t\t\t<\/div>\n\t\t\t\t<div class=\"elementor-element elementor-element-05f3353 elementor-widget elementor-widget-text-editor\" data-id=\"05f3353\" data-element_type=\"widget\" data-e-type=\"widget\" data-widget_type=\"text-editor.default\">\n\t\t\t\t<div class=\"elementor-widget-container\">\n\t\t\t\t\t\t\t\t\t<ul>\n<li>Remolque r\u00e1pido y gratuito provisto por una empresa local de remolque con licencia, garant\u00eda y seguro.<\/li>\n<li>La empresa de transporte se pondr\u00e1 en contacto con usted dentro de 24 horas para organizar la recogida de la donaci\u00f3n de veh\u00edculos.<\/li>\n<li>Los donantes son enviados por correo electr\u00f3nico un recibo por su donaci\u00f3n de inmediato (esto es enviada por correo de los EE.UU. si el donante no tiene una direcci\u00f3n de correo electr\u00f3nico).<\/li>\n<li>Las subastas cumplen con todos los\u00a0reglamentos estatales\u00a0para asegurar que el t\u00edtulo del veh\u00edculo se transfiere correctamente al nuevo propietario.<\/li>\n<li>El veh\u00edculo es retirado por la gr\u00faa gratis y revendido a recaudar dinero para <a href=\"https:\/\/donation2charity.com\/spanish\/\">la organizaci\u00f3n ben\u00e9fica de su elecci\u00f3n<\/a>. Si su coche se vende por m\u00e1s de $500, recibir\u00e1 un\u00a01098c formulario de impuestos del IRS. Eso le permitir\u00e1 escribir sobre el precio de venta total de su veh\u00edculo donado.<\/li>\n<\/ul>\t\t\t\t\t\t\t\t<\/div>\n\t\t\t\t<\/div>\n\t\t\t\t<div class=\"elementor-element elementor-element-ab8d16d elementor-widget elementor-widget-heading\" data-id=\"ab8d16d\" data-element_type=\"widget\" data-e-type=\"widget\" data-widget_type=\"heading.default\">\n\t\t\t\t<div class=\"elementor-widget-container\">\n\t\t\t\t\t<h4 class=\"elementor-heading-title elementor-size-default\">Si tienes alguna pregunta, por favor llame al <a href=\"tel:8883254155\">888-325-4155<\/a>.<br>\nLos operadores est\u00e1n a la espera de 24 horas al d\u00eda, siete d\u00edas a la semana para ayudar con su donaci\u00f3n.<\/h4>\t\t\t\t<\/div>\n\t\t\t\t<\/div>\n\t\t\t\t\t<\/div>\n\t\t\t\t<\/div>\n\t\t\t\t<\/div>\n\t\t","protected":false},"excerpt":{"rendered":"<p>Proceso de Donaci\u00f3n Nuestro objetivo es proporcionar a cada donante con la mejor experiencia possible de donaci\u00f3n, mientras que el mayor rendimiento posible a nuestros clientes de caridad. En el formulario, seleccione la caridad que desea apoyar. Responda algunas preguntas acerca de su veh\u00edculo, y envie el formulario. Vamos a programar su recogida r\u00e1pida, y [&hellip;]<\/p>\n","protected":false},"author":1,"featured_media":0,"parent":0,"menu_order":0,"comment_status":"closed","ping_status":"closed","template":"","meta":{"_monsterinsights_skip_tracking":false,"_monsterinsights_sitenote_active":false,"_monsterinsights_sitenote_note":"","_monsterinsights_sitenote_category":0,"footnotes":""},"class_list":["post-640","page","type-page","status-publish","hentry"],"_links":{"self":[{"href":"https:\/\/donation2charity.com\/spanish\/wp-json\/wp\/v2\/pages\/640","targetHints":{"allow":["GET"]}}],"collection":[{"href":"https:\/\/donation2charity.com\/spanish\/wp-json\/wp\/v2\/pages"}],"about":[{"href":"https:\/\/donation2charity.com\/spanish\/wp-json\/wp\/v2\/types\/page"}],"author":[{"embeddable":true,"href":"https:\/\/donation2charity.com\/spanish\/wp-json\/wp\/v2\/users\/1"}],"replies":[{"embeddable":true,"href":"https:\/\/donation2charity.com\/spanish\/wp-json\/wp\/v2\/comments?post=640"}],"version-history":[{"count":22,"href":"https:\/\/donation2charity.com\/spanish\/wp-json\/wp\/v2\/pages\/640\/revisions"}],"predecessor-version":[{"id":2115,"href":"https:\/\/donation2charity.com\/spanish\/wp-json\/wp\/v2\/pages\/640\/revisions\/2115"}],"wp:attachment":[{"href":"https:\/\/donation2charity.com\/spanish\/wp-json\/wp\/v2\/media?parent=640"}],"curies":[{"name":"wp","href":"https:\/\/api.w.org\/{rel}","templated":true}]}}